{"id":9947,"date":"2026-03-27T09:06:35","date_gmt":"2026-03-27T08:06:35","guid":{"rendered":"https:\/\/indigo-productions.fr\/?page_id=9947"},"modified":"2026-04-09T15:38:14","modified_gmt":"2026-04-09T13:38:14","slug":"robot-rock-alive-daft-punk-tribute","status":"publish","type":"page","link":"https:\/\/indigo-productions.fr\/en\/robot-rock-alive-daft-punk-tribute\/","title":{"rendered":"Robot Rock Alive &#8211; Daft Punk tribute"},"content":{"rendered":"<div data-elementor-type=\"wp-page\" data-elementor-id=\"9947\" class=\"elementor elementor-9947\" data-elementor-post-type=\"page\">\n\t\t\t\t<div class=\"elementor-element elementor-element-a3dc556 e-flex e-con-boxed e-con e-parent\" data-id=\"a3dc556\" data-element_type=\"container\" data-e-type=\"container\" data-settings=\"{&quot;jet_parallax_layout_list&quot;:[]}\">\n\t\t\t\t\t<div class=\"e-con-inner\">\n\t\t\t\t<div class=\"elementor-element elementor-element-d36d1fe elementor-widget__width-inherit elementor-hidden-mobile elementor-widget elementor-widget-image\" data-id=\"d36d1fe\" data-element_type=\"widget\" data-e-type=\"widget\" data-widget_type=\"image.default\">\n\t\t\t\t<div class=\"elementor-widget-container\">\n\t\t\t\t\t\t\t\t\t\t\t\t\t\t\t<img fetchpriority=\"high\" decoding=\"async\" width=\"1920\" height=\"600\" src=\"https:\/\/indigo-productions.fr\/wp-content\/uploads\/2026\/04\/slider-neutre-daft-punk.jpg\" class=\"attachment-full size-full wp-image-10397\" alt=\"\" srcset=\"https:\/\/indigo-productions.fr\/wp-content\/uploads\/2026\/04\/slider-neutre-daft-punk.jpg 1920w, https:\/\/indigo-productions.fr\/wp-content\/uploads\/2026\/04\/slider-neutre-daft-punk-300x94.jpg 300w, https:\/\/indigo-productions.fr\/wp-content\/uploads\/2026\/04\/slider-neutre-daft-punk-1024x320.jpg 1024w, https:\/\/indigo-productions.fr\/wp-content\/uploads\/2026\/04\/slider-neutre-daft-punk-768x240.jpg 768w, https:\/\/indigo-productions.fr\/wp-content\/uploads\/2026\/04\/slider-neutre-daft-punk-1536x480.jpg 1536w, https:\/\/indigo-productions.fr\/wp-content\/uploads\/2026\/04\/slider-neutre-daft-punk-18x6.jpg 18w, https:\/\/indigo-productions.fr\/wp-content\/uploads\/2026\/04\/slider-neutre-daft-punk-600x188.jpg 600w\" sizes=\"(max-width: 1920px) 100vw, 1920px\" \/>\t\t\t\t\t\t\t\t\t\t\t\t\t\t\t<\/div>\n\t\t\t\t<\/div>\n\t\t\t\t\t<\/div>\n\t\t\t\t<\/div>\n\t\t<div class=\"elementor-element elementor-element-de525fa e-flex e-con-boxed e-con e-parent\" data-id=\"de525fa\" data-element_type=\"container\" data-e-type=\"container\" data-settings=\"{&quot;jet_parallax_layout_list&quot;:[]}\">\n\t\t\t\t\t<div class=\"e-con-inner\">\n\t\t\t\t<div class=\"elementor-element elementor-element-d619553 elementor-widget__width-inherit elementor-hidden-desktop elementor-widget elementor-widget-image\" data-id=\"d619553\" data-element_type=\"widget\" data-e-type=\"widget\" data-widget_type=\"image.default\">\n\t\t\t\t<div class=\"elementor-widget-container\">\n\t\t\t\t\t\t\t\t\t\t\t\t\t\t\t<img decoding=\"async\" width=\"788\" height=\"789\" src=\"https:\/\/indigo-productions.fr\/wp-content\/uploads\/2026\/04\/Daft-Punk-Vierge-788x788-1.jpg\" class=\"attachment-full size-full wp-image-10395\" alt=\"\" srcset=\"https:\/\/indigo-productions.fr\/wp-content\/uploads\/2026\/04\/Daft-Punk-Vierge-788x788-1.jpg 788w, https:\/\/indigo-productions.fr\/wp-content\/uploads\/2026\/04\/Daft-Punk-Vierge-788x788-1-300x300.jpg 300w, https:\/\/indigo-productions.fr\/wp-content\/uploads\/2026\/04\/Daft-Punk-Vierge-788x788-1-150x150.jpg 150w, https:\/\/indigo-productions.fr\/wp-content\/uploads\/2026\/04\/Daft-Punk-Vierge-788x788-1-768x769.jpg 768w, https:\/\/indigo-productions.fr\/wp-content\/uploads\/2026\/04\/Daft-Punk-Vierge-788x788-1-12x12.jpg 12w, https:\/\/indigo-productions.fr\/wp-content\/uploads\/2026\/04\/Daft-Punk-Vierge-788x788-1-230x230.jpg 230w, https:\/\/indigo-productions.fr\/wp-content\/uploads\/2026\/04\/Daft-Punk-Vierge-788x788-1-400x400.jpg 400w, https:\/\/indigo-productions.fr\/wp-content\/uploads\/2026\/04\/Daft-Punk-Vierge-788x788-1-600x601.jpg 600w, https:\/\/indigo-productions.fr\/wp-content\/uploads\/2026\/04\/Daft-Punk-Vierge-788x788-1-640x640.jpg 640w\" sizes=\"(max-width: 788px) 100vw, 788px\" \/>\t\t\t\t\t\t\t\t\t\t\t\t\t\t\t<\/div>\n\t\t\t\t<\/div>\n\t\t\t\t\t<\/div>\n\t\t\t\t<\/div>\n\t\t<div class=\"elementor-element elementor-element-a3e0e0b e-flex e-con-boxed e-con e-parent\" data-id=\"a3e0e0b\" data-element_type=\"container\" data-e-type=\"container\" data-settings=\"{&quot;jet_parallax_layout_list&quot;:[]}\">\n\t\t\t\t\t<div class=\"e-con-inner\">\n\t\t\t\t<div class=\"elementor-element elementor-element-1e044fc4 elementor-widget elementor-widget-heading\" data-id=\"1e044fc4\" data-element_type=\"widget\" data-e-type=\"widget\" data-widget_type=\"heading.default\">\n\t\t\t\t<div class=\"elementor-widget-container\">\n\t\t\t\t\t<h2 class=\"elementor-heading-title elementor-size-default\">L'hommage ultime \u00e0 Daft Punk<\/h2>\t\t\t\t<\/div>\n\t\t\t\t<\/div>\n\t\t\t\t<div class=\"elementor-element elementor-element-59e2ad4a elementor-widget elementor-widget-text-editor\" data-id=\"59e2ad4a\" data-element_type=\"widget\" data-e-type=\"widget\" data-widget_type=\"text-editor.default\">\n\t\t\t\t<div class=\"elementor-widget-container\">\n\t\t\t\t\t\t\t\t\t<p>Revivez la magie de la l\u00e9gendaire tourn\u00e9e Alive 2007 des Daft Punk \u00e0 travers un spectacle \u00e9lectrisant m\u00ealant musique, lumi\u00e8re et vid\u00e9o.<\/p><p>Robot Rock Alive redonne vie \u00e0 la mythique pyramide, aux casques embl\u00e9matiques et \u00e0 toute la puissance sonore du duo fran\u00e7ais.<\/p><p>Sur sc\u00e8ne, deux \u201crobots\u201d font vibrer le public avec les plus grands titres des Daft Punk \u2014 One More Time, Around the World, Harder Better Faster Stronger\u2026 \u2014 dans un show enti\u00e8rement jou\u00e9 en live, soutenu par une production audiovisuelle spectaculaire.<\/p><p>Plus qu\u2019un simple tribute, Robot Rock Alive est une v\u00e9ritable exp\u00e9rience immersive : un hommage vibrant \u00e0 l\u2019un des plus grands ph\u00e9nom\u00e8nes de la musique \u00e9lectronique.<\/p><p>Revivez la l\u00e9gende. Revivez l\u2019\u00e9nergie. Revivez ALIVE.<\/p>\t\t\t\t\t\t\t\t<\/div>\n\t\t\t\t<\/div>\n\t\t\t\t<div class=\"elementor-element elementor-element-55a2f225 elementor-widget elementor-widget-video\" data-id=\"55a2f225\" data-element_type=\"widget\" data-e-type=\"widget\" data-settings=\"{&quot;youtube_url&quot;:&quot;https:\\\/\\\/youtu.be\\\/eXlbWCu1Xt0?si=WTu1kcgeVJ9EJalt&quot;,&quot;show_image_overlay&quot;:&quot;yes&quot;,&quot;image_overlay&quot;:{&quot;url&quot;:&quot;&quot;,&quot;id&quot;:&quot;&quot;,&quot;size&quot;:&quot;&quot;},&quot;video_type&quot;:&quot;youtube&quot;,&quot;controls&quot;:&quot;yes&quot;}\" data-widget_type=\"video.default\">\n\t\t\t\t<div class=\"elementor-widget-container\">\n\t\t\t\t\t\t\t<div class=\"elementor-wrapper elementor-open-inline\">\n\t\t\t<div class=\"elementor-video\"><\/div>\t\t<\/div>\n\t\t\t\t\t\t<\/div>\n\t\t\t\t<\/div>\n\t\t\t\t<div class=\"elementor-element elementor-element-eba146b elementor-arrows-position-inside elementor-pagination-position-outside elementor-widget elementor-widget-image-carousel\" data-id=\"eba146b\" data-element_type=\"widget\" data-e-type=\"widget\" data-settings=\"{&quot;slides_to_show&quot;:&quot;3&quot;,&quot;slides_to_scroll&quot;:&quot;3&quot;,&quot;image_spacing_custom&quot;:{&quot;unit&quot;:&quot;px&quot;,&quot;size&quot;:5,&quot;sizes&quot;:[]},&quot;navigation&quot;:&quot;both&quot;,&quot;autoplay&quot;:&quot;yes&quot;,&quot;pause_on_hover&quot;:&quot;yes&quot;,&quot;pause_on_interaction&quot;:&quot;yes&quot;,&quot;autoplay_speed&quot;:5000,&quot;infinite&quot;:&quot;yes&quot;,&quot;speed&quot;:500,&quot;image_spacing_custom_tablet&quot;:{&quot;unit&quot;:&quot;px&quot;,&quot;size&quot;:&quot;&quot;,&quot;sizes&quot;:[]},&quot;image_spacing_custom_mobile&quot;:{&quot;unit&quot;:&quot;px&quot;,&quot;size&quot;:&quot;&quot;,&quot;sizes&quot;:[]}}\" data-widget_type=\"image-carousel.default\">\n\t\t\t\t<div class=\"elementor-widget-container\">\n\t\t\t\t\t\t\t<div class=\"elementor-image-carousel-wrapper swiper\" role=\"region\" aria-roledescription=\"carousel\" aria-label=\"Carrousel d\u2019images\" dir=\"ltr\">\n\t\t\t<div class=\"elementor-image-carousel swiper-wrapper\" aria-live=\"off\">\n\t\t\t\t\t\t\t\t<div class=\"swiper-slide\" role=\"group\" aria-roledescription=\"slide\" aria-label=\"1 sur 3\"><a data-elementor-open-lightbox=\"yes\" data-elementor-lightbox-slideshow=\"eba146b\" data-elementor-lightbox-title=\"robot-rock-alive-daft-punk-tribute-photo (1)\" data-e-action-hash=\"#elementor-action%3Aaction%3Dlightbox%26settings%3DeyJpZCI6OTk1MSwidXJsIjoiaHR0cHM6XC9cL2luZGlnby1wcm9kdWN0aW9ucy5mclwvd3AtY29udGVudFwvdXBsb2Fkc1wvMjAyNlwvMDNcL3JvYm90LXJvY2stYWxpdmUtZGFmdC1wdW5rLXRyaWJ1dGUtcGhvdG8tMS5qcGciLCJzbGlkZXNob3ciOiJlYmExNDZiIn0%3D\" href=\"https:\/\/indigo-productions.fr\/wp-content\/uploads\/2026\/03\/robot-rock-alive-daft-punk-tribute-photo-1.jpg\"><figure class=\"swiper-slide-inner\"><img decoding=\"async\" class=\"swiper-slide-image\" src=\"https:\/\/indigo-productions.fr\/wp-content\/uploads\/2026\/03\/robot-rock-alive-daft-punk-tribute-photo-1.jpg\" alt=\"robot-rock-alive-daft-punk-tribute-photo (1)\" \/><\/figure><\/a><\/div><div class=\"swiper-slide\" role=\"group\" aria-roledescription=\"slide\" aria-label=\"2 sur 3\"><a data-elementor-open-lightbox=\"yes\" data-elementor-lightbox-slideshow=\"eba146b\" data-elementor-lightbox-title=\"robot-rock-alive-daft-punk-tribute-photo (2)\" data-e-action-hash=\"#elementor-action%3Aaction%3Dlightbox%26settings%3DeyJpZCI6OTk1MiwidXJsIjoiaHR0cHM6XC9cL2luZGlnby1wcm9kdWN0aW9ucy5mclwvd3AtY29udGVudFwvdXBsb2Fkc1wvMjAyNlwvMDNcL3JvYm90LXJvY2stYWxpdmUtZGFmdC1wdW5rLXRyaWJ1dGUtcGhvdG8tMi5qcGciLCJzbGlkZXNob3ciOiJlYmExNDZiIn0%3D\" href=\"https:\/\/indigo-productions.fr\/wp-content\/uploads\/2026\/03\/robot-rock-alive-daft-punk-tribute-photo-2.jpg\"><figure class=\"swiper-slide-inner\"><img decoding=\"async\" class=\"swiper-slide-image\" src=\"https:\/\/indigo-productions.fr\/wp-content\/uploads\/2026\/03\/robot-rock-alive-daft-punk-tribute-photo-2.jpg\" alt=\"robot-rock-alive-daft-punk-tribute-photo (2)\" \/><\/figure><\/a><\/div><div class=\"swiper-slide\" role=\"group\" aria-roledescription=\"slide\" aria-label=\"3 sur 3\"><a data-elementor-open-lightbox=\"yes\" data-elementor-lightbox-slideshow=\"eba146b\" data-elementor-lightbox-title=\"robot-rock-alive-daft-punk-tribute-photo (3)\" data-e-action-hash=\"#elementor-action%3Aaction%3Dlightbox%26settings%3DeyJpZCI6OTk1MywidXJsIjoiaHR0cHM6XC9cL2luZGlnby1wcm9kdWN0aW9ucy5mclwvd3AtY29udGVudFwvdXBsb2Fkc1wvMjAyNlwvMDNcL3JvYm90LXJvY2stYWxpdmUtZGFmdC1wdW5rLXRyaWJ1dGUtcGhvdG8tMy5qcGciLCJzbGlkZXNob3ciOiJlYmExNDZiIn0%3D\" href=\"https:\/\/indigo-productions.fr\/wp-content\/uploads\/2026\/03\/robot-rock-alive-daft-punk-tribute-photo-3.jpg\"><figure class=\"swiper-slide-inner\"><img decoding=\"async\" class=\"swiper-slide-image\" src=\"https:\/\/indigo-productions.fr\/wp-content\/uploads\/2026\/03\/robot-rock-alive-daft-punk-tribute-photo-3.jpg\" alt=\"robot-rock-alive-daft-punk-tribute-photo (3)\" \/><\/figure><\/a><\/div>\t\t\t<\/div>\n\t\t\t\t\t\t\t\t\t\t\t\t<div class=\"elementor-swiper-button elementor-swiper-button-prev\" role=\"button\" tabindex=\"0\">\n\t\t\t\t\t\t<i aria-hidden=\"true\" class=\"eicon-chevron-left\"><\/i>\t\t\t\t\t<\/div>\n\t\t\t\t\t<div class=\"elementor-swiper-button elementor-swiper-button-next\" role=\"button\" tabindex=\"0\">\n\t\t\t\t\t\t<i aria-hidden=\"true\" class=\"eicon-chevron-right\"><\/i>\t\t\t\t\t<\/div>\n\t\t\t\t\n\t\t\t\t\t\t\t\t\t<div class=\"swiper-pagination\"><\/div>\n\t\t\t\t\t\t\t\t\t<\/div>\n\t\t\t\t\t\t<\/div>\n\t\t\t\t<\/div>\n\t\t\t\t\t<\/div>\n\t\t\t\t<\/div>\n\t\t<div class=\"elementor-element elementor-element-7aa271 e-flex e-con-boxed e-con e-parent\" data-id=\"7aa271\" data-element_type=\"container\" data-e-type=\"container\" data-settings=\"{&quot;background_background&quot;:&quot;classic&quot;,&quot;jet_parallax_layout_list&quot;:[]}\">\n\t\t\t\t\t<div class=\"e-con-inner\">\n\t\t<div class=\"elementor-element elementor-element-3743b653 e-con-full e-flex e-con e-child\" data-id=\"3743b653\" data-element_type=\"container\" data-e-type=\"container\" data-settings=\"{&quot;jet_parallax_layout_list&quot;:[]}\">\n\t\t\t\t<div class=\"elementor-element elementor-element-2a76dbf5 elementor-align-center elementor-widget elementor-widget-button\" data-id=\"2a76dbf5\" data-element_type=\"widget\" data-e-type=\"widget\" data-widget_type=\"button.default\">\n\t\t\t\t<div class=\"elementor-widget-container\">\n\t\t\t\t\t\t\t\t\t<div class=\"elementor-button-wrapper\">\n\t\t\t\t\t<a class=\"elementor-button elementor-button-link elementor-size-sm\" href=\"https:\/\/indigo-productions.fr\/en\/agenda\/liste\/?tribe_eventcategory%5B0%5D=59\">\n\t\t\t\t\t\t<span class=\"elementor-button-content-wrapper\">\n\t\t\t\t\t\t\t\t\t<span class=\"elementor-button-text\">Voir les dates de la Tourn\u00e9e &amp; r\u00e9server<\/span>\n\t\t\t\t\t<\/span>\n\t\t\t\t\t<\/a>\n\t\t\t\t<\/div>\n\t\t\t\t\t\t\t\t<\/div>\n\t\t\t\t<\/div>\n\t\t\t\t<\/div>\n\t\t\t\t\t<\/div>\n\t\t\t\t<\/div>\n\t\t\t\t<\/div>","protected":false},"excerpt":{"rendered":"<p>L&rsquo;hommage ultime \u00e0 Daft Punk Revivez la magie de la l\u00e9gendaire tourn\u00e9e Alive 2007 des Daft Punk \u00e0 travers un spectacle \u00e9lectrisant m\u00ealant musique, lumi\u00e8re et vid\u00e9o. Robot Rock Alive [&hellip;]<\/p>\n","protected":false},"author":9,"featured_media":0,"parent":0,"menu_order":0,"comment_status":"closed","ping_status":"closed","template":"","meta":{"footnotes":""},"class_list":["post-9947","page","type-page","status-publish","hentry"],"_links":{"self":[{"href":"https:\/\/indigo-productions.fr\/en\/wp-json\/wp\/v2\/pages\/9947","targetHints":{"allow":["GET"]}}],"collection":[{"href":"https:\/\/indigo-productions.fr\/en\/wp-json\/wp\/v2\/pages"}],"about":[{"href":"https:\/\/indigo-productions.fr\/en\/wp-json\/wp\/v2\/types\/page"}],"author":[{"embeddable":true,"href":"https:\/\/indigo-productions.fr\/en\/wp-json\/wp\/v2\/users\/9"}],"replies":[{"embeddable":true,"href":"https:\/\/indigo-productions.fr\/en\/wp-json\/wp\/v2\/comments?post=9947"}],"version-history":[{"count":3,"href":"https:\/\/indigo-productions.fr\/en\/wp-json\/wp\/v2\/pages\/9947\/revisions"}],"predecessor-version":[{"id":10999,"href":"https:\/\/indigo-productions.fr\/en\/wp-json\/wp\/v2\/pages\/9947\/revisions\/10999"}],"wp:attachment":[{"href":"https:\/\/indigo-productions.fr\/en\/wp-json\/wp\/v2\/media?parent=9947"}],"curies":[{"name":"wp","href":"https:\/\/api.w.org\/{rel}","templated":true}]}}