{"id":9787,"date":"2026-02-27T11:33:21","date_gmt":"2026-02-27T10:33:21","guid":{"rendered":"https:\/\/indigo-productions.fr\/?page_id=9787"},"modified":"2026-04-08T18:15:07","modified_gmt":"2026-04-08T16:15:07","slug":"resident-evil","status":"publish","type":"page","link":"https:\/\/indigo-productions.fr\/en\/resident-evil\/","title":{"rendered":"Resident Evil"},"content":{"rendered":"<div data-elementor-type=\"wp-page\" data-elementor-id=\"9787\" class=\"elementor elementor-9787\" data-elementor-post-type=\"page\">\n\t\t\t\t<div class=\"elementor-element elementor-element-6eaff6bd e-flex e-con-boxed e-con e-parent\" data-id=\"6eaff6bd\" data-element_type=\"container\" data-e-type=\"container\" data-settings=\"{&quot;jet_parallax_layout_list&quot;:[]}\">\n\t\t\t\t\t<div class=\"e-con-inner\">\n\t\t\t\t<div class=\"elementor-element elementor-element-5b5476cb elementor-widget__width-inherit elementor-widget elementor-widget-image\" data-id=\"5b5476cb\" data-element_type=\"widget\" data-e-type=\"widget\" data-widget_type=\"image.default\">\n\t\t\t\t<div class=\"elementor-widget-container\">\n\t\t\t\t\t\t\t\t\t\t\t\t\t\t\t<img fetchpriority=\"high\" decoding=\"async\" width=\"2560\" height=\"1440\" src=\"https:\/\/indigo-productions.fr\/wp-content\/uploads\/2026\/02\/RESIDENT-EVIL_PARIS_ZENITH_LA_VILLETTE-1920x1080-1-scaled.jpg\" class=\"attachment-full size-full wp-image-9789\" alt=\"\" srcset=\"https:\/\/indigo-productions.fr\/wp-content\/uploads\/2026\/02\/RESIDENT-EVIL_PARIS_ZENITH_LA_VILLETTE-1920x1080-1-scaled.jpg 2560w, https:\/\/indigo-productions.fr\/wp-content\/uploads\/2026\/02\/RESIDENT-EVIL_PARIS_ZENITH_LA_VILLETTE-1920x1080-1-300x169.jpg 300w, https:\/\/indigo-productions.fr\/wp-content\/uploads\/2026\/02\/RESIDENT-EVIL_PARIS_ZENITH_LA_VILLETTE-1920x1080-1-1024x576.jpg 1024w, https:\/\/indigo-productions.fr\/wp-content\/uploads\/2026\/02\/RESIDENT-EVIL_PARIS_ZENITH_LA_VILLETTE-1920x1080-1-768x432.jpg 768w, https:\/\/indigo-productions.fr\/wp-content\/uploads\/2026\/02\/RESIDENT-EVIL_PARIS_ZENITH_LA_VILLETTE-1920x1080-1-1536x864.jpg 1536w, https:\/\/indigo-productions.fr\/wp-content\/uploads\/2026\/02\/RESIDENT-EVIL_PARIS_ZENITH_LA_VILLETTE-1920x1080-1-2048x1152.jpg 2048w, https:\/\/indigo-productions.fr\/wp-content\/uploads\/2026\/02\/RESIDENT-EVIL_PARIS_ZENITH_LA_VILLETTE-1920x1080-1-18x10.jpg 18w, https:\/\/indigo-productions.fr\/wp-content\/uploads\/2026\/02\/RESIDENT-EVIL_PARIS_ZENITH_LA_VILLETTE-1920x1080-1-150x85.jpg 150w, https:\/\/indigo-productions.fr\/wp-content\/uploads\/2026\/02\/RESIDENT-EVIL_PARIS_ZENITH_LA_VILLETTE-1920x1080-1-1920x1080.jpg 1920w, https:\/\/indigo-productions.fr\/wp-content\/uploads\/2026\/02\/RESIDENT-EVIL_PARIS_ZENITH_LA_VILLETTE-1920x1080-1-600x338.jpg 600w\" sizes=\"(max-width: 2560px) 100vw, 2560px\" \/>\t\t\t\t\t\t\t\t\t\t\t\t\t\t\t<\/div>\n\t\t\t\t<\/div>\n\t\t\t\t\t<\/div>\n\t\t\t\t<\/div>\n\t\t<div class=\"elementor-element elementor-element-6d59dac2 e-flex e-con-boxed e-con e-parent\" data-id=\"6d59dac2\" data-element_type=\"container\" data-e-type=\"container\" data-settings=\"{&quot;jet_parallax_layout_list&quot;:[]}\">\n\t\t\t\t\t<div class=\"e-con-inner\">\n\t\t\t\t<div class=\"elementor-element elementor-element-4ded9ac3 elementor-widget elementor-widget-heading\" data-id=\"4ded9ac3\" data-element_type=\"widget\" data-e-type=\"widget\" data-widget_type=\"heading.default\">\n\t\t\t\t<div class=\"elementor-widget-container\">\n\t\t\t\t\t<h2 class=\"elementor-heading-title elementor-size-default\">Une s\u00e9rie de concerts pour le 30e anniversaire d\u2019un ph\u00e9nom\u00e8ne culturel mondial\n<\/h2>\t\t\t\t<\/div>\n\t\t\t\t<\/div>\n\t\t\t\t<div class=\"elementor-element elementor-element-58b64747 elementor-widget elementor-widget-text-editor\" data-id=\"58b64747\" data-element_type=\"widget\" data-e-type=\"widget\" data-widget_type=\"text-editor.default\">\n\t\t\t\t<div class=\"elementor-widget-container\">\n\t\t\t\t\t\t\t\t\t<p>Avec\u00a0<strong><em>Resident Evil \u2013 Symphony of Legacy<\/em><\/strong>, une nouvelle s\u00e9rie de concerts verra le jour en 2026, bien plus qu\u2019un simple \u00e9v\u00e9nement consacr\u00e9 \u00e0 la musique de film : il s\u2019agit d\u2019un v\u00e9ritable voyage musical \u00e0 travers l\u2019un des univers horrifiques les plus influents de la culture pop \u2013 r\u00e9unissant pour la premi\u00e8re fois les mondes du jeu vid\u00e9o et du cin\u00e9ma. Cette tourn\u00e9e de concerts fait rena\u00eetre le mythe de Resident Evil de mani\u00e8re spectaculaire \u2013 en direct, intense et absolument captivante.<\/p><p><strong><em>Symphony of Legacy<\/em><\/strong>\u00a0r\u00e9unit pour la premi\u00e8re fois ces deux univers dans une s\u00e9rie de concerts con\u00e7ue avec une dramaturgie soign\u00e9e. Un grand orchestre symphonique interpr\u00e8te en direct les th\u00e8mes musicaux les plus marquants des jeux et des films \u2013 avec des arrangements pr\u00e9cis, une atmosph\u00e8re dense et une narration musicale finement tiss\u00e9e. Le concert est accompagn\u00e9 d\u2019\u00e9l\u00e9ments visuels s\u00e9lectionn\u00e9s qui plongent le public au c\u0153ur de l\u2019esth\u00e9tique sombre de\u00a0<em>Resident Evil<\/em>, sans jamais d\u00e9tourner l\u2019attention de la musique.<\/p><p>Le r\u00e9sultat est une exp\u00e9rience live immersive qui m\u00eale horreur, nostalgie et puissance symphonique \u2013 \u00e9tablissant un pont entre la culture du jeu vid\u00e9o, l\u2019art cin\u00e9matographique et la tradition du concert classique.\u00a0<em>Resident Evil \u2013 Symphony of Legacy<\/em>\u00a0s\u2019adresse autant aux fans de longue date qu\u2019aux amateurs de musique d\u00e9sireux de d\u00e9couvrir \u00e0 quel point cette bande originale est puissante, \u00e9mouvante et intemporelle.<\/p><p>Cette s\u00e9rie de concerts ne c\u00e9l\u00e8bre pas seulement un anniversaire \u2013 elle fait entendre pourquoi\u00a0<em>Resident Evil\u00a0<\/em>n\u2019a rien perdu de sa fascination depuis 30 ans. \u00c0 ne pas manquer !<\/p><p><strong><u>Informations utiles :<\/u><\/strong><\/p><p><strong>Attention<\/strong> restriction d\u2019\u00e2ge : L&rsquo;entr\u00e9e du concert est interdite aux personnes \u00e2g\u00e9es de moins de 18 ans. Des contr\u00f4les peuvent \u00eatre effectu\u00e9s \u00e0 l\u2019entr\u00e9e. Aucun remboursement ne sera effectu\u00e9.\u00a0<\/p><p>Dur\u00e9e : environ 2h15, concert en deux actes avec entracte<\/p><p>Chef d\u2019orchestre : Gast Waltzing<\/p><p>Avec l\u2019Orchestre symphonique national tch\u00e8que<\/p>\t\t\t\t\t\t\t\t<\/div>\n\t\t\t\t<\/div>\n\t\t\t\t\t<\/div>\n\t\t\t\t<\/div>\n\t\t<div class=\"elementor-element elementor-element-3a5a1b4 e-flex e-con-boxed e-con e-parent\" data-id=\"3a5a1b4\" data-element_type=\"container\" data-e-type=\"container\" data-settings=\"{&quot;jet_parallax_layout_list&quot;:[]}\">\n\t\t\t\t\t<div class=\"e-con-inner\">\n\t\t\t\t<div class=\"elementor-element elementor-element-ef4fb35 elementor-widget elementor-widget-video\" data-id=\"ef4fb35\" data-element_type=\"widget\" data-e-type=\"widget\" data-settings=\"{&quot;youtube_url&quot;:&quot;https:\\\/\\\/www.youtube.com\\\/watch?v=POz1-EmLsTY&quot;,&quot;video_type&quot;:&quot;youtube&quot;,&quot;controls&quot;:&quot;yes&quot;}\" data-widget_type=\"video.default\">\n\t\t\t\t<div class=\"elementor-widget-container\">\n\t\t\t\t\t\t\t<div class=\"elementor-wrapper elementor-open-inline\">\n\t\t\t<div class=\"elementor-video\"><\/div>\t\t<\/div>\n\t\t\t\t\t\t<\/div>\n\t\t\t\t<\/div>\n\t\t\t\t\t<\/div>\n\t\t\t\t<\/div>\n\t\t<div class=\"elementor-element elementor-element-612abe4 e-flex e-con-boxed e-con e-parent\" data-id=\"612abe4\" data-element_type=\"container\" data-e-type=\"container\" data-settings=\"{&quot;background_background&quot;:&quot;classic&quot;,&quot;jet_parallax_layout_list&quot;:[]}\">\n\t\t\t\t\t<div class=\"e-con-inner\">\n\t\t<div class=\"elementor-element elementor-element-d5a1a6e e-con-full e-flex e-con e-child\" data-id=\"d5a1a6e\" data-element_type=\"container\" data-e-type=\"container\" data-settings=\"{&quot;jet_parallax_layout_list&quot;:[]}\">\n\t\t\t\t<div class=\"elementor-element elementor-element-9ef40e5 elementor-align-center elementor-widget elementor-widget-button\" data-id=\"9ef40e5\" data-element_type=\"widget\" data-e-type=\"widget\" data-widget_type=\"button.default\">\n\t\t\t\t<div class=\"elementor-widget-container\">\n\t\t\t\t\t\t\t\t\t<div class=\"elementor-button-wrapper\">\n\t\t\t\t\t<a class=\"elementor-button elementor-button-link elementor-size-sm\" href=\"https:\/\/bhre30th-concerts.com\/s\/bhre?lang=en\" target=\"_blank\">\n\t\t\t\t\t\t<span class=\"elementor-button-content-wrapper\">\n\t\t\t\t\t\t\t\t\t<span class=\"elementor-button-text\">site officiel - voir les dates de la tourn\u00e9e &amp; r\u00e9server<\/span>\n\t\t\t\t\t<\/span>\n\t\t\t\t\t<\/a>\n\t\t\t\t<\/div>\n\t\t\t\t\t\t\t\t<\/div>\n\t\t\t\t<\/div>\n\t\t\t\t<\/div>\n\t\t\t\t\t<\/div>\n\t\t\t\t<\/div>\n\t\t\t\t<\/div>","protected":false},"excerpt":{"rendered":"<p>Une s\u00e9rie de concerts pour le 30e anniversaire d\u2019un ph\u00e9nom\u00e8ne culturel mondial Avec\u00a0Resident Evil \u2013 Symphony of Legacy, une nouvelle s\u00e9rie de concerts verra le jour en 2026, bien plus [&hellip;]<\/p>\n","protected":false},"author":9,"featured_media":0,"parent":0,"menu_order":0,"comment_status":"closed","ping_status":"closed","template":"","meta":{"footnotes":""},"class_list":["post-9787","page","type-page","status-publish","hentry"],"_links":{"self":[{"href":"https:\/\/indigo-productions.fr\/en\/wp-json\/wp\/v2\/pages\/9787","targetHints":{"allow":["GET"]}}],"collection":[{"href":"https:\/\/indigo-productions.fr\/en\/wp-json\/wp\/v2\/pages"}],"about":[{"href":"https:\/\/indigo-productions.fr\/en\/wp-json\/wp\/v2\/types\/page"}],"author":[{"embeddable":true,"href":"https:\/\/indigo-productions.fr\/en\/wp-json\/wp\/v2\/users\/9"}],"replies":[{"embeddable":true,"href":"https:\/\/indigo-productions.fr\/en\/wp-json\/wp\/v2\/comments?post=9787"}],"version-history":[{"count":0,"href":"https:\/\/indigo-productions.fr\/en\/wp-json\/wp\/v2\/pages\/9787\/revisions"}],"wp:attachment":[{"href":"https:\/\/indigo-productions.fr\/en\/wp-json\/wp\/v2\/media?parent=9787"}],"curies":[{"name":"wp","href":"https:\/\/api.w.org\/{rel}","templated":true}]}}