{"id":9345,"date":"2025-12-04T11:22:46","date_gmt":"2025-12-04T10:22:46","guid":{"rendered":"https:\/\/indigo-productions.fr\/?page_id=9345"},"modified":"2026-04-07T16:19:37","modified_gmt":"2026-04-07T14:19:37","slug":"k-pop-forever","status":"publish","type":"page","link":"https:\/\/indigo-productions.fr\/en\/k-pop-forever\/","title":{"rendered":"K-POP Forever !"},"content":{"rendered":"<div data-elementor-type=\"wp-page\" data-elementor-id=\"9345\" class=\"elementor elementor-9345\" data-elementor-post-type=\"page\">\n\t\t\t\t<div class=\"elementor-element elementor-element-3d5a8339 e-flex e-con-boxed e-con e-parent\" data-id=\"3d5a8339\" data-element_type=\"container\" data-e-type=\"container\" data-settings=\"{&quot;jet_parallax_layout_list&quot;:[]}\">\n\t\t\t\t\t<div class=\"e-con-inner\">\n\t\t\t\t<div class=\"elementor-element elementor-element-63001d08 elementor-widget__width-inherit elementor-hidden-mobile elementor-widget elementor-widget-image\" data-id=\"63001d08\" data-element_type=\"widget\" data-e-type=\"widget\" data-widget_type=\"image.default\">\n\t\t\t\t<div class=\"elementor-widget-container\">\n\t\t\t\t\t\t\t\t\t\t\t\t\t\t\t<img fetchpriority=\"high\" decoding=\"async\" width=\"1920\" height=\"600\" src=\"https:\/\/indigo-productions.fr\/wp-content\/uploads\/2026\/04\/KPOP-FOREVER-NEUTRE2-1920X600px.jpg\" class=\"attachment-full size-full wp-image-10382\" alt=\"\" srcset=\"https:\/\/indigo-productions.fr\/wp-content\/uploads\/2026\/04\/KPOP-FOREVER-NEUTRE2-1920X600px.jpg 1920w, https:\/\/indigo-productions.fr\/wp-content\/uploads\/2026\/04\/KPOP-FOREVER-NEUTRE2-1920X600px-300x94.jpg 300w, https:\/\/indigo-productions.fr\/wp-content\/uploads\/2026\/04\/KPOP-FOREVER-NEUTRE2-1920X600px-1024x320.jpg 1024w, https:\/\/indigo-productions.fr\/wp-content\/uploads\/2026\/04\/KPOP-FOREVER-NEUTRE2-1920X600px-768x240.jpg 768w, https:\/\/indigo-productions.fr\/wp-content\/uploads\/2026\/04\/KPOP-FOREVER-NEUTRE2-1920X600px-1536x480.jpg 1536w, https:\/\/indigo-productions.fr\/wp-content\/uploads\/2026\/04\/KPOP-FOREVER-NEUTRE2-1920X600px-18x6.jpg 18w, https:\/\/indigo-productions.fr\/wp-content\/uploads\/2026\/04\/KPOP-FOREVER-NEUTRE2-1920X600px-600x188.jpg 600w\" sizes=\"(max-width: 1920px) 100vw, 1920px\" \/>\t\t\t\t\t\t\t\t\t\t\t\t\t\t\t<\/div>\n\t\t\t\t<\/div>\n\t\t\t\t\t<\/div>\n\t\t\t\t<\/div>\n\t\t<div class=\"elementor-element elementor-element-150cf0c e-flex e-con-boxed e-con e-parent\" data-id=\"150cf0c\" data-element_type=\"container\" data-e-type=\"container\" data-settings=\"{&quot;jet_parallax_layout_list&quot;:[]}\">\n\t\t\t\t\t<div class=\"e-con-inner\">\n\t\t\t\t<div class=\"elementor-element elementor-element-489c548 elementor-widget__width-inherit elementor-hidden-desktop elementor-widget elementor-widget-image\" data-id=\"489c548\" data-element_type=\"widget\" data-e-type=\"widget\" data-widget_type=\"image.default\">\n\t\t\t\t<div class=\"elementor-widget-container\">\n\t\t\t\t\t\t\t\t\t\t\t\t\t\t\t<img decoding=\"async\" width=\"1080\" height=\"1080\" src=\"https:\/\/indigo-productions.fr\/wp-content\/uploads\/2026\/03\/KPOP-FOREVER-NEUTRE2-1080X1080px-1.jpg\" class=\"attachment-full size-full wp-image-9877\" alt=\"\" srcset=\"https:\/\/indigo-productions.fr\/wp-content\/uploads\/2026\/03\/KPOP-FOREVER-NEUTRE2-1080X1080px-1.jpg 1080w, https:\/\/indigo-productions.fr\/wp-content\/uploads\/2026\/03\/KPOP-FOREVER-NEUTRE2-1080X1080px-1-300x300.jpg 300w, https:\/\/indigo-productions.fr\/wp-content\/uploads\/2026\/03\/KPOP-FOREVER-NEUTRE2-1080X1080px-1-1024x1024.jpg 1024w, https:\/\/indigo-productions.fr\/wp-content\/uploads\/2026\/03\/KPOP-FOREVER-NEUTRE2-1080X1080px-1-150x150.jpg 150w, https:\/\/indigo-productions.fr\/wp-content\/uploads\/2026\/03\/KPOP-FOREVER-NEUTRE2-1080X1080px-1-768x768.jpg 768w, https:\/\/indigo-productions.fr\/wp-content\/uploads\/2026\/03\/KPOP-FOREVER-NEUTRE2-1080X1080px-1-12x12.jpg 12w, https:\/\/indigo-productions.fr\/wp-content\/uploads\/2026\/03\/KPOP-FOREVER-NEUTRE2-1080X1080px-1-230x230.jpg 230w, https:\/\/indigo-productions.fr\/wp-content\/uploads\/2026\/03\/KPOP-FOREVER-NEUTRE2-1080X1080px-1-400x400.jpg 400w, https:\/\/indigo-productions.fr\/wp-content\/uploads\/2026\/03\/KPOP-FOREVER-NEUTRE2-1080X1080px-1-600x600.jpg 600w, https:\/\/indigo-productions.fr\/wp-content\/uploads\/2026\/03\/KPOP-FOREVER-NEUTRE2-1080X1080px-1-640x640.jpg 640w\" sizes=\"(max-width: 1080px) 100vw, 1080px\" \/>\t\t\t\t\t\t\t\t\t\t\t\t\t\t\t<\/div>\n\t\t\t\t<\/div>\n\t\t\t\t\t<\/div>\n\t\t\t\t<\/div>\n\t\t<div class=\"elementor-element elementor-element-3b405604 e-flex e-con-boxed e-con e-parent\" data-id=\"3b405604\" data-element_type=\"container\" data-e-type=\"container\" data-settings=\"{&quot;jet_parallax_layout_list&quot;:[]}\">\n\t\t\t\t\t<div class=\"e-con-inner\">\n\t\t\t\t<div class=\"elementor-element elementor-element-68d53ab9 elementor-widget elementor-widget-heading\" data-id=\"68d53ab9\" data-element_type=\"widget\" data-e-type=\"widget\" data-widget_type=\"heading.default\">\n\t\t\t\t<div class=\"elementor-widget-container\">\n\t\t\t\t\t<h2 class=\"elementor-heading-title elementor-size-default\">K-POP Forever !<br>Vivez un show explosif<\/h2>\t\t\t\t<\/div>\n\t\t\t\t<\/div>\n\t\t\t\t<div class=\"elementor-element elementor-element-62e795bf elementor-widget elementor-widget-text-editor\" data-id=\"62e795bf\" data-element_type=\"widget\" data-e-type=\"widget\" data-widget_type=\"text-editor.default\">\n\t\t\t\t<div class=\"elementor-widget-container\">\n\t\t\t\t\t\t\t\t\t<p><b>K-Pop\u00a0Forever : le ph\u00e9nom\u00e8ne mondial d\u00e9barque en live sur sc\u00e8ne !<\/b><\/p><p>Vivez un show explosif c\u00e9l\u00e9brant la\u00a0K-Pop\u00a0avec les top titres de Blackpink, BTS, Twice, Soda\u00a0Pop, Golden et bien d\u2019autres.<br \/>Entre performances 100 % live, chor\u00e9graphies spectaculaires et effets visuels \u00e9poustouflants,\u00a0<b>K-Pop\u00a0Forever<\/b>\u00a0vous plonge dans un univers immersif.<br \/>La\u00a0K-Pop\u00a0fait vibrer la plan\u00e8te \u2014 soyez au c\u0153ur de l\u2019exp\u00e9rience !<\/p><p data-start=\"0\" data-end=\"62\"><em><strong data-start=\"0\" data-end=\"62\">K-Pop Forever: the global phenomenon comes alive on stage!<\/strong><\/em><\/p><p data-start=\"64\" data-end=\"423\" data-is-last-node=\"\" data-is-only-node=\"\"><em>Experience an explosive show celebrating K-Pop, featuring the greatest hits from Blackpink, BTS, Twice, Soda Pop, Golden, and many more.<\/em><br data-start=\"200\" data-end=\"203\" \/><em>With 100% live performances, spectacular choreography, and breathtaking visual effects, <strong data-start=\"291\" data-end=\"308\">K-Pop Forever<\/strong> immerses you in a fully immersive universe.<\/em><br data-start=\"352\" data-end=\"355\" \/><em>K-Pop is electrifying the world \u2014 be at the heart of the experience!<\/em><\/p>\t\t\t\t\t\t\t\t<\/div>\n\t\t\t\t<\/div>\n\t\t\t\t\t<\/div>\n\t\t\t\t<\/div>\n\t\t<div class=\"elementor-element elementor-element-cf220a3 e-flex e-con-boxed e-con e-parent\" data-id=\"cf220a3\" data-element_type=\"container\" data-e-type=\"container\" data-settings=\"{&quot;jet_parallax_layout_list&quot;:[]}\">\n\t\t\t\t\t<div class=\"e-con-inner\">\n\t\t\t\t<div class=\"elementor-element elementor-element-8315be0 elementor-widget elementor-widget-video\" data-id=\"8315be0\" data-element_type=\"widget\" data-e-type=\"widget\" data-settings=\"{&quot;youtube_url&quot;:&quot;https:\\\/\\\/youtu.be\\\/8Q26OfYkS_w&quot;,&quot;video_type&quot;:&quot;youtube&quot;,&quot;controls&quot;:&quot;yes&quot;}\" data-widget_type=\"video.default\">\n\t\t\t\t<div class=\"elementor-widget-container\">\n\t\t\t\t\t\t\t<div class=\"elementor-wrapper elementor-open-inline\">\n\t\t\t<div class=\"elementor-video\"><\/div>\t\t<\/div>\n\t\t\t\t\t\t<\/div>\n\t\t\t\t<\/div>\n\t\t\t\t\t<\/div>\n\t\t\t\t<\/div>\n\t\t<div class=\"elementor-element elementor-element-f74be72 e-flex e-con-boxed e-con e-parent\" data-id=\"f74be72\" data-element_type=\"container\" data-e-type=\"container\" data-settings=\"{&quot;jet_parallax_layout_list&quot;:[]}\">\n\t\t\t\t\t<div class=\"e-con-inner\">\n\t\t\t\t<div class=\"elementor-element elementor-element-7147989 elementor-skin-carousel elementor-arrows-yes elementor-pagination-type-bullets elementor-pagination-position-outside elementor-widget elementor-widget-media-carousel\" data-id=\"7147989\" data-element_type=\"widget\" data-e-type=\"widget\" data-settings=\"{&quot;skin&quot;:&quot;carousel&quot;,&quot;effect&quot;:&quot;slide&quot;,&quot;show_arrows&quot;:&quot;yes&quot;,&quot;pagination&quot;:&quot;bullets&quot;,&quot;speed&quot;:500,&quot;autoplay&quot;:&quot;yes&quot;,&quot;autoplay_speed&quot;:5000,&quot;loop&quot;:&quot;yes&quot;,&quot;pause_on_hover&quot;:&quot;yes&quot;,&quot;pause_on_interaction&quot;:&quot;yes&quot;,&quot;space_between&quot;:{&quot;unit&quot;:&quot;px&quot;,&quot;size&quot;:10,&quot;sizes&quot;:[]},&quot;space_between_tablet&quot;:{&quot;unit&quot;:&quot;px&quot;,&quot;size&quot;:10,&quot;sizes&quot;:[]},&quot;space_between_mobile&quot;:{&quot;unit&quot;:&quot;px&quot;,&quot;size&quot;:10,&quot;sizes&quot;:[]}}\" data-widget_type=\"media-carousel.default\">\n\t\t\t\t<div class=\"elementor-widget-container\">\n\t\t\t\t\t\t\t\t\t<div class=\"elementor-swiper\">\n\t\t\t\t\t<div class=\"elementor-main-swiper swiper\" role=\"region\" aria-roledescription=\"carousel\" aria-label=\"Diapositives\">\n\t\t\t\t<div class=\"swiper-wrapper\">\n\t\t\t\t\t\t\t\t\t\t\t<div class=\"swiper-slide\" role=\"group\" aria-roledescription=\"slide\">\n\t\t\t\t\t\t\t\t\t<div class=\"elementor-carousel-image\" role=\"img\" aria-label=\"k-pop forever (4)\" style=\"background-image: url(&#039;https:\/\/indigo-productions.fr\/wp-content\/uploads\/2026\/03\/k-pop-forever-4.jpg&#039;)\">\n\n\t\t\t\n\t\t\t\t\t<\/div>\n\t\t\t\t\t\t\t\t<\/div>\n\t\t\t\t\t\t\t\t\t\t\t<div class=\"swiper-slide\" role=\"group\" aria-roledescription=\"slide\">\n\t\t\t\t\t\t\t\t\t<div class=\"elementor-carousel-image\" role=\"img\" aria-label=\"k-pop forever (5)\" style=\"background-image: url(&#039;https:\/\/indigo-productions.fr\/wp-content\/uploads\/2026\/03\/k-pop-forever-5.jpg&#039;)\">\n\n\t\t\t\n\t\t\t\t\t<\/div>\n\t\t\t\t\t\t\t\t<\/div>\n\t\t\t\t\t\t\t\t\t\t\t<div class=\"swiper-slide\" role=\"group\" aria-roledescription=\"slide\">\n\t\t\t\t\t\t\t\t\t<div class=\"elementor-carousel-image\" role=\"img\" aria-label=\"simonediluca_kpop_arenazagreb_zagreb_DSC_6280\" style=\"background-image: url(&#039;https:\/\/indigo-productions.fr\/wp-content\/uploads\/2026\/03\/simonediluca_kpop_arenazagreb_zagreb_DSC_6280.jpg&#039;)\">\n\n\t\t\t\n\t\t\t\t\t<\/div>\n\t\t\t\t\t\t\t\t<\/div>\n\t\t\t\t\t\t\t\t\t\t\t<div class=\"swiper-slide\" role=\"group\" aria-roledescription=\"slide\">\n\t\t\t\t\t\t\t\t\t<div class=\"elementor-carousel-image\" role=\"img\" aria-label=\"k-pop forever (6)\" style=\"background-image: url(&#039;https:\/\/indigo-productions.fr\/wp-content\/uploads\/2026\/03\/k-pop-forever-6-1.jpg&#039;)\">\n\n\t\t\t\n\t\t\t\t\t<\/div>\n\t\t\t\t\t\t\t\t<\/div>\n\t\t\t\t\t\t\t\t\t\t\t<div class=\"swiper-slide\" role=\"group\" aria-roledescription=\"slide\">\n\t\t\t\t\t\t\t\t\t<div class=\"elementor-carousel-image\" role=\"img\" aria-label=\"k-pop forever (5)\" style=\"background-image: url(&#039;https:\/\/indigo-productions.fr\/wp-content\/uploads\/2026\/03\/k-pop-forever-5-1.jpg&#039;)\">\n\n\t\t\t\n\t\t\t\t\t<\/div>\n\t\t\t\t\t\t\t\t<\/div>\n\t\t\t\t\t\t\t\t\t<\/div>\n\t\t\t\t\t\t\t\t\t\t\t\t\t\t\t<div class=\"elementor-swiper-button elementor-swiper-button-prev\" role=\"button\" tabindex=\"0\" aria-label=\"Pr\u00e9c\u00e9dent\">\n\t\t\t\t\t\t\t<i aria-hidden=\"true\" class=\"eicon-chevron-left\"><\/i>\t\t\t\t\t\t<\/div>\n\t\t\t\t\t\t<div class=\"elementor-swiper-button elementor-swiper-button-next\" role=\"button\" tabindex=\"0\" aria-label=\"Suivant\">\n\t\t\t\t\t\t\t<i aria-hidden=\"true\" class=\"eicon-chevron-right\"><\/i>\t\t\t\t\t\t<\/div>\n\t\t\t\t\t\t\t\t\t\t\t\t\t\t\t\t<div class=\"swiper-pagination\"><\/div>\n\t\t\t\t\t\t\t\t\t\t\t\t<\/div>\n\t\t\t\t<\/div>\n\t\t\t\t\t\t\t\t<\/div>\n\t\t\t\t<\/div>\n\t\t\t\t\t<\/div>\n\t\t\t\t<\/div>\n\t\t<div class=\"elementor-element elementor-element-3d8d1e4d e-flex e-con-boxed e-con e-parent\" data-id=\"3d8d1e4d\" data-element_type=\"container\" data-e-type=\"container\" data-settings=\"{&quot;jet_parallax_layout_list&quot;:[]}\">\n\t\t\t\t\t<div class=\"e-con-inner\">\n\t\t<div class=\"elementor-element elementor-element-3e495b8d e-con-full e-flex e-con e-child\" data-id=\"3e495b8d\" data-element_type=\"container\" data-e-type=\"container\" data-settings=\"{&quot;jet_parallax_layout_list&quot;:[]}\">\n\t\t\t\t<div class=\"elementor-element elementor-element-251ade77 elementor-align-center elementor-widget elementor-widget-button\" data-id=\"251ade77\" data-element_type=\"widget\" data-e-type=\"widget\" data-widget_type=\"button.default\">\n\t\t\t\t<div class=\"elementor-widget-container\">\n\t\t\t\t\t\t\t\t\t<div class=\"elementor-button-wrapper\">\n\t\t\t\t\t<a class=\"elementor-button elementor-button-link elementor-size-sm\" href=\"https:\/\/billetterie-indigo-productions.tickandlive.com\/tournee\/k-pop-forever\" target=\"_blank\">\n\t\t\t\t\t\t<span class=\"elementor-button-content-wrapper\">\n\t\t\t\t\t\t\t\t\t<span class=\"elementor-button-text\">Voir les dates de la Tourn\u00e9e &amp; r\u00e9server<\/span>\n\t\t\t\t\t<\/span>\n\t\t\t\t\t<\/a>\n\t\t\t\t<\/div>\n\t\t\t\t\t\t\t\t<\/div>\n\t\t\t\t<\/div>\n\t\t\t\t<\/div>\n\t\t\t\t\t<\/div>\n\t\t\t\t<\/div>\n\t\t\t\t<\/div>","protected":false},"excerpt":{"rendered":"<p>K-POP Forever !Vivez un show explosif K-Pop\u00a0Forever : le ph\u00e9nom\u00e8ne mondial d\u00e9barque en live sur sc\u00e8ne ! Vivez un show explosif c\u00e9l\u00e9brant la\u00a0K-Pop\u00a0avec les top titres de Blackpink, BTS, Twice, [&hellip;]<\/p>\n","protected":false},"author":9,"featured_media":0,"parent":0,"menu_order":0,"comment_status":"closed","ping_status":"closed","template":"","meta":{"footnotes":""},"class_list":["post-9345","page","type-page","status-publish","hentry"],"_links":{"self":[{"href":"https:\/\/indigo-productions.fr\/en\/wp-json\/wp\/v2\/pages\/9345","targetHints":{"allow":["GET"]}}],"collection":[{"href":"https:\/\/indigo-productions.fr\/en\/wp-json\/wp\/v2\/pages"}],"about":[{"href":"https:\/\/indigo-productions.fr\/en\/wp-json\/wp\/v2\/types\/page"}],"author":[{"embeddable":true,"href":"https:\/\/indigo-productions.fr\/en\/wp-json\/wp\/v2\/users\/9"}],"replies":[{"embeddable":true,"href":"https:\/\/indigo-productions.fr\/en\/wp-json\/wp\/v2\/comments?post=9345"}],"version-history":[{"count":50,"href":"https:\/\/indigo-productions.fr\/en\/wp-json\/wp\/v2\/pages\/9345\/revisions"}],"predecessor-version":[{"id":10506,"href":"https:\/\/indigo-productions.fr\/en\/wp-json\/wp\/v2\/pages\/9345\/revisions\/10506"}],"wp:attachment":[{"href":"https:\/\/indigo-productions.fr\/en\/wp-json\/wp\/v2\/media?parent=9345"}],"curies":[{"name":"wp","href":"https:\/\/api.w.org\/{rel}","templated":true}]}}