{"id":9271,"date":"2025-11-26T17:49:23","date_gmt":"2025-11-26T16:49:23","guid":{"rendered":"https:\/\/indigo-productions.fr\/?page_id=9271"},"modified":"2026-04-09T15:44:02","modified_gmt":"2026-04-09T13:44:02","slug":"the-u2-experience","status":"publish","type":"page","link":"https:\/\/indigo-productions.fr\/en\/the-u2-experience\/","title":{"rendered":"THE U2 EXPERIENCE"},"content":{"rendered":"<div data-elementor-type=\"wp-page\" data-elementor-id=\"9271\" class=\"elementor elementor-9271\" data-elementor-post-type=\"page\">\n\t\t\t\t<div class=\"elementor-element elementor-element-c8e9bfd e-flex e-con-boxed e-con e-parent\" data-id=\"c8e9bfd\" data-element_type=\"container\" data-e-type=\"container\" data-settings=\"{&quot;jet_parallax_layout_list&quot;:[]}\">\n\t\t\t\t\t<div class=\"e-con-inner\">\n\t\t\t\t<div class=\"elementor-element elementor-element-059fe46 elementor-widget__width-inherit elementor-hidden-mobile elementor-widget elementor-widget-image\" data-id=\"059fe46\" data-element_type=\"widget\" data-e-type=\"widget\" data-widget_type=\"image.default\">\n\t\t\t\t<div class=\"elementor-widget-container\">\n\t\t\t\t\t\t\t\t\t\t\t\t\t\t\t<img fetchpriority=\"high\" decoding=\"async\" width=\"1024\" height=\"536\" src=\"https:\/\/indigo-productions.fr\/wp-content\/uploads\/2025\/11\/U2-Experience-1505x788-1-1024x536.jpg\" class=\"attachment-large size-large wp-image-9282\" alt=\"\" srcset=\"https:\/\/indigo-productions.fr\/wp-content\/uploads\/2025\/11\/U2-Experience-1505x788-1-1024x536.jpg 1024w, https:\/\/indigo-productions.fr\/wp-content\/uploads\/2025\/11\/U2-Experience-1505x788-1-300x157.jpg 300w, https:\/\/indigo-productions.fr\/wp-content\/uploads\/2025\/11\/U2-Experience-1505x788-1-768x402.jpg 768w, https:\/\/indigo-productions.fr\/wp-content\/uploads\/2025\/11\/U2-Experience-1505x788-1-18x9.jpg 18w, https:\/\/indigo-productions.fr\/wp-content\/uploads\/2025\/11\/U2-Experience-1505x788-1-600x314.jpg 600w, https:\/\/indigo-productions.fr\/wp-content\/uploads\/2025\/11\/U2-Experience-1505x788-1.jpg 1505w\" sizes=\"(max-width: 1024px) 100vw, 1024px\" \/>\t\t\t\t\t\t\t\t\t\t\t\t\t\t\t<\/div>\n\t\t\t\t<\/div>\n\t\t\t\t\t<\/div>\n\t\t\t\t<\/div>\n\t\t<div class=\"elementor-element elementor-element-c5c59da e-flex e-con-boxed e-con e-parent\" data-id=\"c5c59da\" data-element_type=\"container\" data-e-type=\"container\" data-settings=\"{&quot;jet_parallax_layout_list&quot;:[]}\">\n\t\t\t\t\t<div class=\"e-con-inner\">\n\t\t\t\t<div class=\"elementor-element elementor-element-239b03d elementor-widget__width-inherit elementor-hidden-desktop elementor-widget elementor-widget-image\" data-id=\"239b03d\" data-element_type=\"widget\" data-e-type=\"widget\" data-widget_type=\"image.default\">\n\t\t\t\t<div class=\"elementor-widget-container\">\n\t\t\t\t\t\t\t\t\t\t\t\t\t\t\t<img decoding=\"async\" width=\"1024\" height=\"1024\" src=\"https:\/\/indigo-productions.fr\/wp-content\/uploads\/2025\/12\/U2-Experience-1080x1080-1-1024x1024.jpg\" class=\"attachment-large size-large wp-image-9437\" alt=\"\" srcset=\"https:\/\/indigo-productions.fr\/wp-content\/uploads\/2025\/12\/U2-Experience-1080x1080-1-1024x1024.jpg 1024w, https:\/\/indigo-productions.fr\/wp-content\/uploads\/2025\/12\/U2-Experience-1080x1080-1-300x300.jpg 300w, https:\/\/indigo-productions.fr\/wp-content\/uploads\/2025\/12\/U2-Experience-1080x1080-1-150x150.jpg 150w, https:\/\/indigo-productions.fr\/wp-content\/uploads\/2025\/12\/U2-Experience-1080x1080-1-768x768.jpg 768w, https:\/\/indigo-productions.fr\/wp-content\/uploads\/2025\/12\/U2-Experience-1080x1080-1-12x12.jpg 12w, https:\/\/indigo-productions.fr\/wp-content\/uploads\/2025\/12\/U2-Experience-1080x1080-1-230x230.jpg 230w, https:\/\/indigo-productions.fr\/wp-content\/uploads\/2025\/12\/U2-Experience-1080x1080-1-400x400.jpg 400w, https:\/\/indigo-productions.fr\/wp-content\/uploads\/2025\/12\/U2-Experience-1080x1080-1-600x600.jpg 600w, https:\/\/indigo-productions.fr\/wp-content\/uploads\/2025\/12\/U2-Experience-1080x1080-1-640x640.jpg 640w, https:\/\/indigo-productions.fr\/wp-content\/uploads\/2025\/12\/U2-Experience-1080x1080-1.jpg 1080w\" sizes=\"(max-width: 1024px) 100vw, 1024px\" \/>\t\t\t\t\t\t\t\t\t\t\t\t\t\t\t<\/div>\n\t\t\t\t<\/div>\n\t\t\t\t\t<\/div>\n\t\t\t\t<\/div>\n\t\t<div class=\"elementor-element elementor-element-b5d9d85 e-flex e-con-boxed e-con e-parent\" data-id=\"b5d9d85\" data-element_type=\"container\" data-e-type=\"container\" data-settings=\"{&quot;jet_parallax_layout_list&quot;:[]}\">\n\t\t\t\t\t<div class=\"e-con-inner\">\n\t\t\t\t<div class=\"elementor-element elementor-element-90b8ce5 elementor-widget elementor-widget-heading\" data-id=\"90b8ce5\" data-element_type=\"widget\" data-e-type=\"widget\" data-widget_type=\"heading.default\">\n\t\t\t\t<div class=\"elementor-widget-container\">\n\t\t\t\t\t<h2 class=\"elementor-heading-title elementor-size-default\">Au c\u0153ur de la l\u00e9gende - des concerts mythiques de U2<\/h2>\t\t\t\t<\/div>\n\t\t\t\t<\/div>\n\t\t\t\t\t<\/div>\n\t\t\t\t<\/div>\n\t\t<div class=\"elementor-element elementor-element-42e2c26 e-flex e-con-boxed e-con e-parent\" data-id=\"42e2c26\" data-element_type=\"container\" data-e-type=\"container\" data-settings=\"{&quot;jet_parallax_layout_list&quot;:[]}\">\n\t\t\t\t\t<div class=\"e-con-inner\">\n\t\t\t\t<div class=\"elementor-element elementor-element-a310789 elementor-widget elementor-widget-text-editor\" data-id=\"a310789\" data-element_type=\"widget\" data-e-type=\"widget\" data-widget_type=\"text-editor.default\">\n\t\t\t\t<div class=\"elementor-widget-container\">\n\t\t\t\t\t\t\t\t\t<p>The U2 Experience est bien plus qu&rsquo;un hommage au l\u00e9gendaire groupe irlandais. C&rsquo;est une exp\u00e9rience immersive qui transporte le public au c\u0153ur des concerts mythiques de U2.\u00a0<\/p><p>Bas\u00e9 au Canada, ce tribute band a su capturer l&rsquo;essence et l&rsquo;\u00e9nergie du c\u00e9l\u00e8bre quatuor, offrant une performance qui r\u00e9sonne avec authenticit\u00e9 et passion.\u00a0<\/p><p>Apr\u00e8s avoir fait vibrer Las Vegas, The U2 Experience arrive en France, pr\u00eat \u00e0 enflammer le public avec un r\u00e9pertoire fid\u00e8le et une mise en sc\u00e8ne dynamique o\u00f9 chaque concert devient une c\u00e9l\u00e9bration. The U2 Experience se distingue par sa capacit\u00e9 \u00e0 recr\u00e9er non seulement la musique, mais \u00e9galement l&rsquo;atmosph\u00e8re unique des concerts de U2.<\/p><p>Plus qu\u2019un concert, un v\u00e9ritable voyage au c\u0153ur de la l\u00e9gende.<\/p>\t\t\t\t\t\t\t\t<\/div>\n\t\t\t\t<\/div>\n\t\t\t\t\t<\/div>\n\t\t\t\t<\/div>\n\t\t<div class=\"elementor-element elementor-element-12a3b5c e-flex e-con-boxed e-con e-parent\" data-id=\"12a3b5c\" data-element_type=\"container\" data-e-type=\"container\" data-settings=\"{&quot;jet_parallax_layout_list&quot;:[]}\">\n\t\t\t\t\t<div class=\"e-con-inner\">\n\t\t\t\t<div class=\"elementor-element elementor-element-1c75a42 elementor-widget elementor-widget-video\" data-id=\"1c75a42\" data-element_type=\"widget\" data-e-type=\"widget\" data-settings=\"{&quot;youtube_url&quot;:&quot;https:\\\/\\\/www.youtube.com\\\/watch?v=uLZ7oJS2F40&quot;,&quot;video_type&quot;:&quot;youtube&quot;,&quot;controls&quot;:&quot;yes&quot;}\" data-widget_type=\"video.default\">\n\t\t\t\t<div class=\"elementor-widget-container\">\n\t\t\t\t\t\t\t<div class=\"elementor-wrapper elementor-open-inline\">\n\t\t\t<div class=\"elementor-video\"><\/div>\t\t<\/div>\n\t\t\t\t\t\t<\/div>\n\t\t\t\t<\/div>\n\t\t\t\t\t<\/div>\n\t\t\t\t<\/div>\n\t\t<div class=\"elementor-element elementor-element-2899705 e-flex e-con-boxed e-con e-parent\" data-id=\"2899705\" data-element_type=\"container\" data-e-type=\"container\" data-settings=\"{&quot;jet_parallax_layout_list&quot;:[]}\">\n\t\t\t\t\t<div class=\"e-con-inner\">\n\t\t\t\t<div class=\"elementor-element elementor-element-4e39a0f elementor-arrows-position-inside elementor-pagination-position-outside elementor-widget elementor-widget-image-carousel\" data-id=\"4e39a0f\" data-element_type=\"widget\" data-e-type=\"widget\" data-settings=\"{&quot;slides_to_show&quot;:&quot;3&quot;,&quot;slides_to_scroll&quot;:&quot;3&quot;,&quot;image_spacing_custom&quot;:{&quot;unit&quot;:&quot;px&quot;,&quot;size&quot;:5,&quot;sizes&quot;:[]},&quot;navigation&quot;:&quot;both&quot;,&quot;autoplay&quot;:&quot;yes&quot;,&quot;pause_on_hover&quot;:&quot;yes&quot;,&quot;pause_on_interaction&quot;:&quot;yes&quot;,&quot;autoplay_speed&quot;:5000,&quot;infinite&quot;:&quot;yes&quot;,&quot;speed&quot;:500,&quot;image_spacing_custom_tablet&quot;:{&quot;unit&quot;:&quot;px&quot;,&quot;size&quot;:&quot;&quot;,&quot;sizes&quot;:[]},&quot;image_spacing_custom_mobile&quot;:{&quot;unit&quot;:&quot;px&quot;,&quot;size&quot;:&quot;&quot;,&quot;sizes&quot;:[]}}\" data-widget_type=\"image-carousel.default\">\n\t\t\t\t<div class=\"elementor-widget-container\">\n\t\t\t\t\t\t\t<div class=\"elementor-image-carousel-wrapper swiper\" role=\"region\" aria-roledescription=\"carousel\" aria-label=\"Carrousel d\u2019images\" dir=\"ltr\">\n\t\t\t<div class=\"elementor-image-carousel swiper-wrapper\" aria-live=\"off\">\n\t\t\t\t\t\t\t\t<div class=\"swiper-slide\" role=\"group\" aria-roledescription=\"slide\" aria-label=\"1 sur 4\"><a data-elementor-open-lightbox=\"yes\" data-elementor-lightbox-slideshow=\"4e39a0f\" data-elementor-lightbox-title=\"u2-experience-photo (21)\" data-e-action-hash=\"#elementor-action%3Aaction%3Dlightbox%26settings%3DeyJpZCI6OTI3NiwidXJsIjoiaHR0cHM6XC9cL2luZGlnby1wcm9kdWN0aW9ucy5mclwvd3AtY29udGVudFwvdXBsb2Fkc1wvMjAyNVwvMTFcL3UyLWV4cGVyaWVuY2UtcGhvdG8tMjEuanBlZyIsInNsaWRlc2hvdyI6IjRlMzlhMGYifQ%3D%3D\" href=\"https:\/\/indigo-productions.fr\/wp-content\/uploads\/2025\/11\/u2-experience-photo-21.jpeg\"><figure class=\"swiper-slide-inner\"><img decoding=\"async\" class=\"swiper-slide-image\" src=\"https:\/\/indigo-productions.fr\/wp-content\/uploads\/2025\/11\/u2-experience-photo-21.jpeg\" alt=\"u2-experience-photo (21)\" \/><\/figure><\/a><\/div><div class=\"swiper-slide\" role=\"group\" aria-roledescription=\"slide\" aria-label=\"2 sur 4\"><a data-elementor-open-lightbox=\"yes\" data-elementor-lightbox-slideshow=\"4e39a0f\" data-elementor-lightbox-title=\"u2-experience-photo (30)\" data-e-action-hash=\"#elementor-action%3Aaction%3Dlightbox%26settings%3DeyJpZCI6OTI3NSwidXJsIjoiaHR0cHM6XC9cL2luZGlnby1wcm9kdWN0aW9ucy5mclwvd3AtY29udGVudFwvdXBsb2Fkc1wvMjAyNVwvMTFcL3UyLWV4cGVyaWVuY2UtcGhvdG8tMzAuanBlZyIsInNsaWRlc2hvdyI6IjRlMzlhMGYifQ%3D%3D\" href=\"https:\/\/indigo-productions.fr\/wp-content\/uploads\/2025\/11\/u2-experience-photo-30.jpeg\"><figure class=\"swiper-slide-inner\"><img decoding=\"async\" class=\"swiper-slide-image\" src=\"https:\/\/indigo-productions.fr\/wp-content\/uploads\/2025\/11\/u2-experience-photo-30.jpeg\" alt=\"u2-experience-photo (30)\" \/><\/figure><\/a><\/div><div class=\"swiper-slide\" role=\"group\" aria-roledescription=\"slide\" aria-label=\"3 sur 4\"><a data-elementor-open-lightbox=\"yes\" data-elementor-lightbox-slideshow=\"4e39a0f\" data-elementor-lightbox-title=\"u2-experience-photo (36)\" data-e-action-hash=\"#elementor-action%3Aaction%3Dlightbox%26settings%3DeyJpZCI6OTI4MSwidXJsIjoiaHR0cHM6XC9cL2luZGlnby1wcm9kdWN0aW9ucy5mclwvd3AtY29udGVudFwvdXBsb2Fkc1wvMjAyNVwvMTFcL3UyLWV4cGVyaWVuY2UtcGhvdG8tMzYuanBlZyIsInNsaWRlc2hvdyI6IjRlMzlhMGYifQ%3D%3D\" href=\"https:\/\/indigo-productions.fr\/wp-content\/uploads\/2025\/11\/u2-experience-photo-36.jpeg\"><figure class=\"swiper-slide-inner\"><img decoding=\"async\" class=\"swiper-slide-image\" src=\"https:\/\/indigo-productions.fr\/wp-content\/uploads\/2025\/11\/u2-experience-photo-36.jpeg\" alt=\"u2-experience-photo (36)\" \/><\/figure><\/a><\/div><div class=\"swiper-slide\" role=\"group\" aria-roledescription=\"slide\" aria-label=\"4 sur 4\"><a data-elementor-open-lightbox=\"yes\" data-elementor-lightbox-slideshow=\"4e39a0f\" data-elementor-lightbox-title=\"u2-experience-photo (9)\" data-e-action-hash=\"#elementor-action%3Aaction%3Dlightbox%26settings%3DeyJpZCI6MTEwMDMsInVybCI6Imh0dHBzOlwvXC9pbmRpZ28tcHJvZHVjdGlvbnMuZnJcL3dwLWNvbnRlbnRcL3VwbG9hZHNcLzIwMjZcLzA0XC91Mi1leHBlcmllbmNlLXBob3RvLTkuanBnIiwic2xpZGVzaG93IjoiNGUzOWEwZiJ9\" href=\"https:\/\/indigo-productions.fr\/wp-content\/uploads\/2026\/04\/u2-experience-photo-9.jpg\"><figure class=\"swiper-slide-inner\"><img decoding=\"async\" class=\"swiper-slide-image\" src=\"https:\/\/indigo-productions.fr\/wp-content\/uploads\/2026\/04\/u2-experience-photo-9.jpg\" alt=\"u2-experience-photo (9)\" \/><\/figure><\/a><\/div>\t\t\t<\/div>\n\t\t\t\t\t\t\t\t\t\t\t\t<div class=\"elementor-swiper-button elementor-swiper-button-prev\" role=\"button\" tabindex=\"0\">\n\t\t\t\t\t\t<i aria-hidden=\"true\" class=\"eicon-chevron-left\"><\/i>\t\t\t\t\t<\/div>\n\t\t\t\t\t<div class=\"elementor-swiper-button elementor-swiper-button-next\" role=\"button\" tabindex=\"0\">\n\t\t\t\t\t\t<i aria-hidden=\"true\" class=\"eicon-chevron-right\"><\/i>\t\t\t\t\t<\/div>\n\t\t\t\t\n\t\t\t\t\t\t\t\t\t<div class=\"swiper-pagination\"><\/div>\n\t\t\t\t\t\t\t\t\t<\/div>\n\t\t\t\t\t\t<\/div>\n\t\t\t\t<\/div>\n\t\t\t\t\t<\/div>\n\t\t\t\t<\/div>\n\t\t<div class=\"elementor-element elementor-element-ded5c0d e-flex e-con-boxed e-con e-parent\" data-id=\"ded5c0d\" data-element_type=\"container\" data-e-type=\"container\" data-settings=\"{&quot;jet_parallax_layout_list&quot;:[]}\">\n\t\t\t\t\t<div class=\"e-con-inner\">\n\t\t\t\t<div class=\"elementor-element elementor-element-b8da4ec elementor-align-center elementor-widget elementor-widget-button\" data-id=\"b8da4ec\" data-element_type=\"widget\" data-e-type=\"widget\" data-widget_type=\"button.default\">\n\t\t\t\t<div class=\"elementor-widget-container\">\n\t\t\t\t\t\t\t\t\t<div class=\"elementor-button-wrapper\">\n\t\t\t\t\t<a class=\"elementor-button elementor-button-link elementor-size-sm\" href=\"https:\/\/indigo-productions.fr\/en\/agenda\/liste\/?tribe_eventcategory%5B0%5D=56\">\n\t\t\t\t\t\t<span class=\"elementor-button-content-wrapper\">\n\t\t\t\t\t\t\t\t\t<span class=\"elementor-button-text\">Voir les dates de la tourn\u00e9e &amp; r\u00e9server<\/span>\n\t\t\t\t\t<\/span>\n\t\t\t\t\t<\/a>\n\t\t\t\t<\/div>\n\t\t\t\t\t\t\t\t<\/div>\n\t\t\t\t<\/div>\n\t\t\t\t\t<\/div>\n\t\t\t\t<\/div>\n\t\t\t\t<\/div>","protected":false},"excerpt":{"rendered":"<p>Au c\u0153ur de la l\u00e9gende &#8211; des concerts mythiques de U2 The U2 Experience est bien plus qu&rsquo;un hommage au l\u00e9gendaire groupe irlandais. C&rsquo;est une exp\u00e9rience immersive qui transporte le [&hellip;]<\/p>\n","protected":false},"author":9,"featured_media":0,"parent":0,"menu_order":0,"comment_status":"closed","ping_status":"closed","template":"","meta":{"footnotes":""},"class_list":["post-9271","page","type-page","status-publish","hentry"],"_links":{"self":[{"href":"https:\/\/indigo-productions.fr\/en\/wp-json\/wp\/v2\/pages\/9271","targetHints":{"allow":["GET"]}}],"collection":[{"href":"https:\/\/indigo-productions.fr\/en\/wp-json\/wp\/v2\/pages"}],"about":[{"href":"https:\/\/indigo-productions.fr\/en\/wp-json\/wp\/v2\/types\/page"}],"author":[{"embeddable":true,"href":"https:\/\/indigo-productions.fr\/en\/wp-json\/wp\/v2\/users\/9"}],"replies":[{"embeddable":true,"href":"https:\/\/indigo-productions.fr\/en\/wp-json\/wp\/v2\/comments?post=9271"}],"version-history":[{"count":6,"href":"https:\/\/indigo-productions.fr\/en\/wp-json\/wp\/v2\/pages\/9271\/revisions"}],"predecessor-version":[{"id":11009,"href":"https:\/\/indigo-productions.fr\/en\/wp-json\/wp\/v2\/pages\/9271\/revisions\/11009"}],"wp:attachment":[{"href":"https:\/\/indigo-productions.fr\/en\/wp-json\/wp\/v2\/media?parent=9271"}],"curies":[{"name":"wp","href":"https:\/\/api.w.org\/{rel}","templated":true}]}}