{"id":9204,"date":"2025-11-20T11:33:40","date_gmt":"2025-11-20T10:33:40","guid":{"rendered":"https:\/\/indigo-productions.fr\/?page_id=9204"},"modified":"2026-04-09T15:38:44","modified_gmt":"2026-04-09T13:38:44","slug":"flashdance-the-musical-2","status":"publish","type":"page","link":"https:\/\/indigo-productions.fr\/en\/flashdance-the-musical-2\/","title":{"rendered":"Flashdance The Musical"},"content":{"rendered":"<div data-elementor-type=\"wp-page\" data-elementor-id=\"9204\" class=\"elementor elementor-9204\" data-elementor-post-type=\"page\">\n\t\t\t\t<div class=\"elementor-element elementor-element-678fd1ec elementor-hidden-mobile e-flex e-con-boxed e-con e-parent\" data-id=\"678fd1ec\" data-element_type=\"container\" data-e-type=\"container\" data-settings=\"{&quot;jet_parallax_layout_list&quot;:[]}\">\n\t\t\t\t\t<div class=\"e-con-inner\">\n\t\t\t\t<div class=\"elementor-element elementor-element-3762cfde elementor-widget__width-inherit elementor-hidden-mobile elementor-widget elementor-widget-image\" data-id=\"3762cfde\" data-element_type=\"widget\" data-e-type=\"widget\" data-widget_type=\"image.default\">\n\t\t\t\t<div class=\"elementor-widget-container\">\n\t\t\t\t\t\t\t\t\t\t\t\t\t\t\t<img fetchpriority=\"high\" decoding=\"async\" width=\"2560\" height=\"800\" src=\"https:\/\/indigo-productions.fr\/wp-content\/uploads\/2026\/04\/FLASHDANCE_neutre-1920x600-V2-scaled.jpg\" class=\"attachment-full size-full wp-image-10391\" alt=\"\" srcset=\"https:\/\/indigo-productions.fr\/wp-content\/uploads\/2026\/04\/FLASHDANCE_neutre-1920x600-V2-scaled.jpg 2560w, https:\/\/indigo-productions.fr\/wp-content\/uploads\/2026\/04\/FLASHDANCE_neutre-1920x600-V2-300x94.jpg 300w, https:\/\/indigo-productions.fr\/wp-content\/uploads\/2026\/04\/FLASHDANCE_neutre-1920x600-V2-1024x320.jpg 1024w, https:\/\/indigo-productions.fr\/wp-content\/uploads\/2026\/04\/FLASHDANCE_neutre-1920x600-V2-768x240.jpg 768w, https:\/\/indigo-productions.fr\/wp-content\/uploads\/2026\/04\/FLASHDANCE_neutre-1920x600-V2-1536x480.jpg 1536w, https:\/\/indigo-productions.fr\/wp-content\/uploads\/2026\/04\/FLASHDANCE_neutre-1920x600-V2-2048x640.jpg 2048w, https:\/\/indigo-productions.fr\/wp-content\/uploads\/2026\/04\/FLASHDANCE_neutre-1920x600-V2-18x6.jpg 18w, https:\/\/indigo-productions.fr\/wp-content\/uploads\/2026\/04\/FLASHDANCE_neutre-1920x600-V2-600x187.jpg 600w\" sizes=\"(max-width: 2560px) 100vw, 2560px\" \/>\t\t\t\t\t\t\t\t\t\t\t\t\t\t\t<\/div>\n\t\t\t\t<\/div>\n\t\t\t\t\t<\/div>\n\t\t\t\t<\/div>\n\t\t<div class=\"elementor-element elementor-element-44b96c0 e-con-full e-flex e-con e-parent\" data-id=\"44b96c0\" data-element_type=\"container\" data-e-type=\"container\" data-settings=\"{&quot;jet_parallax_layout_list&quot;:[]}\">\n\t\t\t\t<div class=\"elementor-element elementor-element-0fd0324 elementor-widget__width-inherit elementor-hidden-desktop elementor-widget elementor-widget-image\" data-id=\"0fd0324\" data-element_type=\"widget\" data-e-type=\"widget\" data-widget_type=\"image.default\">\n\t\t\t\t<div class=\"elementor-widget-container\">\n\t\t\t\t\t\t\t\t\t\t\t\t\t\t\t<img decoding=\"async\" width=\"1024\" height=\"1024\" src=\"https:\/\/indigo-productions.fr\/wp-content\/uploads\/2025\/11\/FLASHDANCE_neutre-1080x1080-V2-1024x1024.jpg\" class=\"attachment-large size-large wp-image-9234\" alt=\"\" srcset=\"https:\/\/indigo-productions.fr\/wp-content\/uploads\/2025\/11\/FLASHDANCE_neutre-1080x1080-V2-1024x1024.jpg 1024w, https:\/\/indigo-productions.fr\/wp-content\/uploads\/2025\/11\/FLASHDANCE_neutre-1080x1080-V2-300x300.jpg 300w, https:\/\/indigo-productions.fr\/wp-content\/uploads\/2025\/11\/FLASHDANCE_neutre-1080x1080-V2-150x150.jpg 150w, https:\/\/indigo-productions.fr\/wp-content\/uploads\/2025\/11\/FLASHDANCE_neutre-1080x1080-V2-768x768.jpg 768w, https:\/\/indigo-productions.fr\/wp-content\/uploads\/2025\/11\/FLASHDANCE_neutre-1080x1080-V2-1536x1536.jpg 1536w, https:\/\/indigo-productions.fr\/wp-content\/uploads\/2025\/11\/FLASHDANCE_neutre-1080x1080-V2-2048x2048.jpg 2048w, https:\/\/indigo-productions.fr\/wp-content\/uploads\/2025\/11\/FLASHDANCE_neutre-1080x1080-V2-12x12.jpg 12w, https:\/\/indigo-productions.fr\/wp-content\/uploads\/2025\/11\/FLASHDANCE_neutre-1080x1080-V2-230x230.jpg 230w, https:\/\/indigo-productions.fr\/wp-content\/uploads\/2025\/11\/FLASHDANCE_neutre-1080x1080-V2-400x400.jpg 400w, https:\/\/indigo-productions.fr\/wp-content\/uploads\/2025\/11\/FLASHDANCE_neutre-1080x1080-V2-600x600.jpg 600w, https:\/\/indigo-productions.fr\/wp-content\/uploads\/2025\/11\/FLASHDANCE_neutre-1080x1080-V2-640x640.jpg 640w\" sizes=\"(max-width: 1024px) 100vw, 1024px\" \/>\t\t\t\t\t\t\t\t\t\t\t\t\t\t\t<\/div>\n\t\t\t\t<\/div>\n\t\t\t\t<\/div>\n\t\t<div class=\"elementor-element elementor-element-3b05db4 e-flex e-con-boxed e-con e-parent\" data-id=\"3b05db4\" data-element_type=\"container\" data-e-type=\"container\" data-settings=\"{&quot;jet_parallax_layout_list&quot;:[]}\">\n\t\t\t\t\t<div class=\"e-con-inner\">\n\t\t\t\t<div class=\"elementor-element elementor-element-4a23dd8e elementor-widget elementor-widget-heading\" data-id=\"4a23dd8e\" data-element_type=\"widget\" data-e-type=\"widget\" data-widget_type=\"heading.default\">\n\t\t\t\t<div class=\"elementor-widget-container\">\n\t\t\t\t\t<h2 class=\"elementor-heading-title elementor-size-default\">Une com\u00e9die musicale qui reprend les plus grands hits des ann\u00e9es 80<\/h2>\t\t\t\t<\/div>\n\t\t\t\t<\/div>\n\t\t\t\t<div class=\"elementor-element elementor-element-4dbdcbf7 elementor-widget elementor-widget-text-editor\" data-id=\"4dbdcbf7\" data-element_type=\"widget\" data-e-type=\"widget\" data-widget_type=\"text-editor.default\">\n\t\t\t\t<div class=\"elementor-widget-container\">\n\t\t\t\t\t\t\t\t\t<p>Le ph\u00e9nom\u00e8ne du film \u00e0 succ\u00e8s Flashdance revient\u00a0sur sc\u00e8ne pour une tourn\u00e9e exceptionnelle dans toute la France !<br \/>Une com\u00e9die musicale qui\u00a0comprend les plus grands hits\u00a0des ann\u00e9es 80.<br \/>Le spectacle Flashdance raconte l&rsquo;histoire inoubliable d&rsquo;Alex, ouvri\u00e8re dans une\u00a0aci\u00e9rie de Pittsburgh le jour, et danseuse dans un bar la nuit, r\u00eavant de devenir un jour\u00a0une star de la danse. Quand une romance avec son patron \u00e0 l&rsquo;usine, menace de\u00a0compliquer ses ambitions, Alex apprend la signification de l&rsquo;amour et se sert de son\u00a0talent afin de r\u00e9aliser son r\u00eave.<br \/>Retrouvez sur sc\u00e8ne plus de 18\u00a0artistes qui vous feront danser sur les plus grands\u00a0titres tels que \u00ab\u00a0What a Feeling\u00a0\u00bb, \u00ab\u00a0Maniac\u00a0\u00bb, \u00ab\u00a0Gloria\u00a0\u00bb, \u00ab\u00a0Manhunt\u00a0\u00bb, \u00ab\u00a0I Love Rock &amp; Roll\u00a0\u00bb, \u00ab\u00a0Cameleon Girls\u00a0\u00bb&#8230;<\/p>\t\t\t\t\t\t\t\t<\/div>\n\t\t\t\t<\/div>\n\t\t\t\t<div class=\"elementor-element elementor-element-591c7bac elementor-widget elementor-widget-video\" data-id=\"591c7bac\" data-element_type=\"widget\" data-e-type=\"widget\" data-settings=\"{&quot;youtube_url&quot;:&quot;https:\\\/\\\/youtu.be\\\/c4di9uiAa5o?si=e-RGEHjxW1Dk5Np1&quot;,&quot;show_image_overlay&quot;:&quot;yes&quot;,&quot;image_overlay&quot;:{&quot;url&quot;:&quot;&quot;,&quot;id&quot;:&quot;&quot;,&quot;size&quot;:&quot;&quot;},&quot;video_type&quot;:&quot;youtube&quot;,&quot;controls&quot;:&quot;yes&quot;}\" data-widget_type=\"video.default\">\n\t\t\t\t<div class=\"elementor-widget-container\">\n\t\t\t\t\t\t\t<div class=\"elementor-wrapper elementor-open-inline\">\n\t\t\t<div class=\"elementor-video\"><\/div>\t\t<\/div>\n\t\t\t\t\t\t<\/div>\n\t\t\t\t<\/div>\n\t\t\t\t<div class=\"elementor-element elementor-element-53a29b4b elementor-arrows-position-inside elementor-pagination-position-outside elementor-widget elementor-widget-image-carousel\" data-id=\"53a29b4b\" data-element_type=\"widget\" data-e-type=\"widget\" data-settings=\"{&quot;slides_to_show&quot;:&quot;3&quot;,&quot;slides_to_scroll&quot;:&quot;3&quot;,&quot;image_spacing_custom&quot;:{&quot;unit&quot;:&quot;px&quot;,&quot;size&quot;:10,&quot;sizes&quot;:[]},&quot;navigation&quot;:&quot;both&quot;,&quot;autoplay&quot;:&quot;yes&quot;,&quot;pause_on_hover&quot;:&quot;yes&quot;,&quot;pause_on_interaction&quot;:&quot;yes&quot;,&quot;autoplay_speed&quot;:5000,&quot;infinite&quot;:&quot;yes&quot;,&quot;speed&quot;:500,&quot;image_spacing_custom_tablet&quot;:{&quot;unit&quot;:&quot;px&quot;,&quot;size&quot;:&quot;&quot;,&quot;sizes&quot;:[]},&quot;image_spacing_custom_mobile&quot;:{&quot;unit&quot;:&quot;px&quot;,&quot;size&quot;:&quot;&quot;,&quot;sizes&quot;:[]}}\" data-widget_type=\"image-carousel.default\">\n\t\t\t\t<div class=\"elementor-widget-container\">\n\t\t\t\t\t\t\t<div class=\"elementor-image-carousel-wrapper swiper\" role=\"region\" aria-roledescription=\"carousel\" aria-label=\"Carrousel d\u2019images\" dir=\"ltr\">\n\t\t\t<div class=\"elementor-image-carousel swiper-wrapper\" aria-live=\"off\">\n\t\t\t\t\t\t\t\t<div class=\"swiper-slide\" role=\"group\" aria-roledescription=\"slide\" aria-label=\"1 of 3\" data-no-translation-aria-label=\"\"><a data-elementor-open-lightbox=\"yes\" data-elementor-lightbox-slideshow=\"53a29b4b\" data-elementor-lightbox-title=\"Flashdance\" data-e-action-hash=\"#elementor-action%3Aaction%3Dlightbox%26settings%3DeyJpZCI6OTIwNywidXJsIjoiaHR0cHM6XC9cL2luZGlnby1wcm9kdWN0aW9ucy5mclwvd3AtY29udGVudFwvdXBsb2Fkc1wvMjAyNVwvMTFcLzcwOTAwMS5qcGciLCJzbGlkZXNob3ciOiI1M2EyOWI0YiJ9\" href=\"https:\/\/indigo-productions.fr\/wp-content\/uploads\/2025\/11\/709001.jpg\"><figure class=\"swiper-slide-inner\"><img decoding=\"async\" class=\"swiper-slide-image\" src=\"https:\/\/indigo-productions.fr\/wp-content\/uploads\/2025\/11\/709001.jpg\" alt=\"Indigo Productions\" \/><\/figure><\/a><\/div><div class=\"swiper-slide\" role=\"group\" aria-roledescription=\"slide\" aria-label=\"2 of 3\" data-no-translation-aria-label=\"\"><a data-elementor-open-lightbox=\"yes\" data-elementor-lightbox-slideshow=\"53a29b4b\" data-elementor-lightbox-title=\"Flashdance\" data-e-action-hash=\"#elementor-action%3Aaction%3Dlightbox%26settings%3DeyJpZCI6OTIwOCwidXJsIjoiaHR0cHM6XC9cL2luZGlnby1wcm9kdWN0aW9ucy5mclwvd3AtY29udGVudFwvdXBsb2Fkc1wvMjAyNVwvMTFcLzcwOTA0NUBQaGlsaXBwZS1GcmV0YXVsdF8yLmpwZyIsInNsaWRlc2hvdyI6IjUzYTI5YjRiIn0%3D\" href=\"https:\/\/indigo-productions.fr\/wp-content\/uploads\/2025\/11\/709045@Philippe-Fretault_2.jpg\"><figure class=\"swiper-slide-inner\"><img decoding=\"async\" class=\"swiper-slide-image\" src=\"https:\/\/indigo-productions.fr\/wp-content\/uploads\/2025\/11\/709045@Philippe-Fretault_2.jpg\" alt=\"Indigo Productions\" \/><\/figure><\/a><\/div><div class=\"swiper-slide\" role=\"group\" aria-roledescription=\"slide\" aria-label=\"3 of 3\" data-no-translation-aria-label=\"\"><a data-elementor-open-lightbox=\"yes\" data-elementor-lightbox-slideshow=\"53a29b4b\" data-elementor-lightbox-title=\"Flashdance\" data-e-action-hash=\"#elementor-action%3Aaction%3Dlightbox%26settings%3DeyJpZCI6OTIwOSwidXJsIjoiaHR0cHM6XC9cL2luZGlnby1wcm9kdWN0aW9ucy5mclwvd3AtY29udGVudFwvdXBsb2Fkc1wvMjAyNVwvMTFcLzcwOTA4M0BQaGlsaXBwZS1GcmV0YXVsdC1fMi5qcGciLCJzbGlkZXNob3ciOiI1M2EyOWI0YiJ9\" href=\"https:\/\/indigo-productions.fr\/wp-content\/uploads\/2025\/11\/709083@Philippe-Fretault-_2.jpg\"><figure class=\"swiper-slide-inner\"><img decoding=\"async\" class=\"swiper-slide-image\" src=\"https:\/\/indigo-productions.fr\/wp-content\/uploads\/2025\/11\/709083@Philippe-Fretault-_2.jpg\" alt=\"Indigo Productions\" \/><\/figure><\/a><\/div>\t\t\t<\/div>\n\t\t\t\t\t\t\t\t\t\t\t\t<div class=\"elementor-swiper-button elementor-swiper-button-prev\" role=\"button\" tabindex=\"0\">\n\t\t\t\t\t\t<i aria-hidden=\"true\" class=\"eicon-chevron-left\"><\/i>\t\t\t\t\t<\/div>\n\t\t\t\t\t<div class=\"elementor-swiper-button elementor-swiper-button-next\" role=\"button\" tabindex=\"0\">\n\t\t\t\t\t\t<i aria-hidden=\"true\" class=\"eicon-chevron-right\"><\/i>\t\t\t\t\t<\/div>\n\t\t\t\t\n\t\t\t\t\t\t\t\t\t<div class=\"swiper-pagination\"><\/div>\n\t\t\t\t\t\t\t\t\t<\/div>\n\t\t\t\t\t\t<\/div>\n\t\t\t\t<\/div>\n\t\t\t\t\t<\/div>\n\t\t\t\t<\/div>\n\t\t<div class=\"elementor-element elementor-element-7ac9f552 e-flex e-con-boxed e-con e-parent\" data-id=\"7ac9f552\" data-element_type=\"container\" data-e-type=\"container\" data-settings=\"{&quot;background_background&quot;:&quot;classic&quot;,&quot;jet_parallax_layout_list&quot;:[]}\">\n\t\t\t\t\t<div class=\"e-con-inner\">\n\t\t<div class=\"elementor-element elementor-element-76795b65 e-con-full e-flex e-con e-child\" data-id=\"76795b65\" data-element_type=\"container\" data-e-type=\"container\" data-settings=\"{&quot;jet_parallax_layout_list&quot;:[]}\">\n\t\t\t\t<div class=\"elementor-element elementor-element-3c57140c elementor-align-center elementor-widget elementor-widget-button\" data-id=\"3c57140c\" data-element_type=\"widget\" data-e-type=\"widget\" data-widget_type=\"button.default\">\n\t\t\t\t<div class=\"elementor-widget-container\">\n\t\t\t\t\t\t\t\t\t<div class=\"elementor-button-wrapper\">\n\t\t\t\t\t<a class=\"elementor-button elementor-button-link elementor-size-sm\" href=\"https:\/\/indigo-productions.fr\/en\/agenda\/liste\/?tribe_eventcategory%5B0%5D=55\">\n\t\t\t\t\t\t<span class=\"elementor-button-content-wrapper\">\n\t\t\t\t\t\t\t\t\t<span class=\"elementor-button-text\">Voir les dates de la Tourn\u00e9e &amp; r\u00e9server<\/span>\n\t\t\t\t\t<\/span>\n\t\t\t\t\t<\/a>\n\t\t\t\t<\/div>\n\t\t\t\t\t\t\t\t<\/div>\n\t\t\t\t<\/div>\n\t\t\t\t<\/div>\n\t\t\t\t\t<\/div>\n\t\t\t\t<\/div>\n\t\t\t\t<\/div>","protected":false},"excerpt":{"rendered":"<p>Une com\u00e9die musicale qui reprend les plus grands hits des ann\u00e9es 80 Le ph\u00e9nom\u00e8ne du film \u00e0 succ\u00e8s Flashdance revient\u00a0sur sc\u00e8ne pour une tourn\u00e9e exceptionnelle dans toute la France !Une [&hellip;]<\/p>\n","protected":false},"author":9,"featured_media":0,"parent":0,"menu_order":0,"comment_status":"closed","ping_status":"closed","template":"","meta":{"footnotes":""},"class_list":["post-9204","page","type-page","status-publish","hentry"],"_links":{"self":[{"href":"https:\/\/indigo-productions.fr\/en\/wp-json\/wp\/v2\/pages\/9204","targetHints":{"allow":["GET"]}}],"collection":[{"href":"https:\/\/indigo-productions.fr\/en\/wp-json\/wp\/v2\/pages"}],"about":[{"href":"https:\/\/indigo-productions.fr\/en\/wp-json\/wp\/v2\/types\/page"}],"author":[{"embeddable":true,"href":"https:\/\/indigo-productions.fr\/en\/wp-json\/wp\/v2\/users\/9"}],"replies":[{"embeddable":true,"href":"https:\/\/indigo-productions.fr\/en\/wp-json\/wp\/v2\/comments?post=9204"}],"version-history":[{"count":15,"href":"https:\/\/indigo-productions.fr\/en\/wp-json\/wp\/v2\/pages\/9204\/revisions"}],"predecessor-version":[{"id":11002,"href":"https:\/\/indigo-productions.fr\/en\/wp-json\/wp\/v2\/pages\/9204\/revisions\/11002"}],"wp:attachment":[{"href":"https:\/\/indigo-productions.fr\/en\/wp-json\/wp\/v2\/media?parent=9204"}],"curies":[{"name":"wp","href":"https:\/\/api.w.org\/{rel}","templated":true}]}}