{"id":8482,"date":"2025-05-30T11:41:25","date_gmt":"2025-05-30T09:41:25","guid":{"rendered":"https:\/\/indigo-productions.fr\/?page_id=8482"},"modified":"2026-04-07T16:23:18","modified_gmt":"2026-04-07T14:23:18","slug":"le-lac-des-cygnes","status":"publish","type":"page","link":"https:\/\/indigo-productions.fr\/en\/le-lac-des-cygnes\/","title":{"rendered":"Le Lac des Cygnes 2025"},"content":{"rendered":"<div data-elementor-type=\"wp-page\" data-elementor-id=\"8482\" class=\"elementor elementor-8482\" data-elementor-post-type=\"page\">\n\t\t\t\t<div class=\"elementor-element elementor-element-6c91fa7e e-flex e-con-boxed e-con e-parent\" data-id=\"6c91fa7e\" data-element_type=\"container\" data-e-type=\"container\" data-settings=\"{&quot;jet_parallax_layout_list&quot;:[]}\">\n\t\t\t\t\t<div class=\"e-con-inner\">\n\t\t\t\t<div class=\"elementor-element elementor-element-19a4762b elementor-widget__width-inherit elementor-widget elementor-widget-image\" data-id=\"19a4762b\" data-element_type=\"widget\" data-e-type=\"widget\" data-widget_type=\"image.default\">\n\t\t\t\t<div class=\"elementor-widget-container\">\n\t\t\t\t\t\t\t\t\t\t\t\t\t\t\t<img fetchpriority=\"high\" decoding=\"async\" width=\"1920\" height=\"1080\" src=\"https:\/\/indigo-productions.fr\/wp-content\/uploads\/2025\/05\/le-lac-des-cygnes-1920x1080-1.jpg\" class=\"attachment-full size-full wp-image-8484\" alt=\"\" srcset=\"https:\/\/indigo-productions.fr\/wp-content\/uploads\/2025\/05\/le-lac-des-cygnes-1920x1080-1.jpg 1920w, https:\/\/indigo-productions.fr\/wp-content\/uploads\/2025\/05\/le-lac-des-cygnes-1920x1080-1-300x169.jpg 300w, https:\/\/indigo-productions.fr\/wp-content\/uploads\/2025\/05\/le-lac-des-cygnes-1920x1080-1-1024x576.jpg 1024w, https:\/\/indigo-productions.fr\/wp-content\/uploads\/2025\/05\/le-lac-des-cygnes-1920x1080-1-768x432.jpg 768w, https:\/\/indigo-productions.fr\/wp-content\/uploads\/2025\/05\/le-lac-des-cygnes-1920x1080-1-1536x864.jpg 1536w, https:\/\/indigo-productions.fr\/wp-content\/uploads\/2025\/05\/le-lac-des-cygnes-1920x1080-1-18x10.jpg 18w, https:\/\/indigo-productions.fr\/wp-content\/uploads\/2025\/05\/le-lac-des-cygnes-1920x1080-1-150x85.jpg 150w, https:\/\/indigo-productions.fr\/wp-content\/uploads\/2025\/05\/le-lac-des-cygnes-1920x1080-1-600x338.jpg 600w\" sizes=\"(max-width: 1920px) 100vw, 1920px\" \/>\t\t\t\t\t\t\t\t\t\t\t\t\t\t\t<\/div>\n\t\t\t\t<\/div>\n\t\t\t\t\t<\/div>\n\t\t\t\t<\/div>\n\t\t<div class=\"elementor-element elementor-element-55353413 e-flex e-con-boxed e-con e-parent\" data-id=\"55353413\" data-element_type=\"container\" data-e-type=\"container\" data-settings=\"{&quot;jet_parallax_layout_list&quot;:[]}\">\n\t\t\t\t\t<div class=\"e-con-inner\">\n\t\t\t\t<div class=\"elementor-element elementor-element-47ac368f elementor-widget elementor-widget-heading\" data-id=\"47ac368f\" data-element_type=\"widget\" data-e-type=\"widget\" data-widget_type=\"heading.default\">\n\t\t\t\t<div class=\"elementor-widget-container\">\n\t\t\t\t\t<h2 class=\"elementor-heading-title elementor-size-default\">BALLET CLASSIQUE<\/h2>\t\t\t\t<\/div>\n\t\t\t\t<\/div>\n\t\t\t\t<div class=\"elementor-element elementor-element-7a14f61a elementor-widget elementor-widget-text-editor\" data-id=\"7a14f61a\" data-element_type=\"widget\" data-e-type=\"widget\" data-widget_type=\"text-editor.default\">\n\t\t\t\t<div class=\"elementor-widget-container\">\n\t\t\t\t\t\t\t\t\t<p>Le Lac des cygnes a \u00e9t\u00e9 pr\u00e9sent\u00e9 la premi\u00e8re fois \u00e0 Moscou en 1877. <br \/>L\u2019histoire d\u2019amour du prince pour une jeune fille, transform\u00e9e en cygne par un sorcier, est un sujet fantastique o\u00f9 la danseuse principale a un double personnage \u00e0 jouer et \u00e0 danser \u2013 Odette, cygne blanc, lyrique et po\u00e9tique, Odile, cygne noir, mal\u00e9fique et fatal. <br \/>Le Lac des cygnes fait partie des ballets les plus connus au monde et le plus jou\u00e9 dans les th\u00e9\u00e2tres. <br \/>La musique de Piotr Tcha\u00efkovski transporte le spectateur dans un univers po\u00e9tique, un univers de gr\u00e2ce, d\u2019\u00e9l\u00e9gance et de beaut\u00e9 infinie. <br \/>La splendeur des d\u00e9cors et des costumes, l\u2019esth\u00e9tique et la po\u00e9sie de la danse classique, interpr\u00e9t\u00e9e avec brio et \u00e9l\u00e9gance, font de ce spectacle un vrai joyau! <br \/>A voir absolument !<\/p><p><em>Musique : Piotr Tcha\u00efkovski <\/em><br \/><em>Chor\u00e9graphie : Marius Petipa <\/em><\/p>\t\t\t\t\t\t\t\t<\/div>\n\t\t\t\t<\/div>\n\t\t\t\t<div class=\"elementor-element elementor-element-3e5f7690 elementor-widget-divider--view-line elementor-widget elementor-widget-divider\" data-id=\"3e5f7690\" data-element_type=\"widget\" data-e-type=\"widget\" data-widget_type=\"divider.default\">\n\t\t\t\t<div class=\"elementor-widget-container\">\n\t\t\t\t\t\t\t<div class=\"elementor-divider\">\n\t\t\t<span class=\"elementor-divider-separator\">\n\t\t\t\t\t\t<\/span>\n\t\t<\/div>\n\t\t\t\t\t\t<\/div>\n\t\t\t\t<\/div>\n\t\t\t\t<div class=\"elementor-element elementor-element-60b88358 elementor-widget elementor-widget-video\" data-id=\"60b88358\" data-element_type=\"widget\" data-e-type=\"widget\" data-settings=\"{&quot;youtube_url&quot;:&quot;https:\\\/\\\/youtu.be\\\/oKOWCa5_R_A&quot;,&quot;show_image_overlay&quot;:&quot;yes&quot;,&quot;image_overlay&quot;:{&quot;url&quot;:&quot;&quot;,&quot;id&quot;:&quot;&quot;,&quot;size&quot;:&quot;&quot;},&quot;video_type&quot;:&quot;youtube&quot;,&quot;controls&quot;:&quot;yes&quot;}\" data-widget_type=\"video.default\">\n\t\t\t\t<div class=\"elementor-widget-container\">\n\t\t\t\t\t\t\t<div class=\"elementor-wrapper elementor-open-inline\">\n\t\t\t<div class=\"elementor-video\"><\/div>\t\t<\/div>\n\t\t\t\t\t\t<\/div>\n\t\t\t\t<\/div>\n\t\t\t\t<div class=\"elementor-element elementor-element-3b160d5b elementor-arrows-position-outside elementor-pagination-position-outside elementor-widget elementor-widget-image-carousel\" data-id=\"3b160d5b\" data-element_type=\"widget\" data-e-type=\"widget\" data-settings=\"{&quot;slides_to_show&quot;:&quot;3&quot;,&quot;slides_to_scroll&quot;:&quot;3&quot;,&quot;image_spacing_custom&quot;:{&quot;unit&quot;:&quot;px&quot;,&quot;size&quot;:10,&quot;sizes&quot;:[]},&quot;navigation&quot;:&quot;both&quot;,&quot;autoplay&quot;:&quot;yes&quot;,&quot;pause_on_hover&quot;:&quot;yes&quot;,&quot;pause_on_interaction&quot;:&quot;yes&quot;,&quot;autoplay_speed&quot;:5000,&quot;infinite&quot;:&quot;yes&quot;,&quot;speed&quot;:500,&quot;image_spacing_custom_tablet&quot;:{&quot;unit&quot;:&quot;px&quot;,&quot;size&quot;:&quot;&quot;,&quot;sizes&quot;:[]},&quot;image_spacing_custom_mobile&quot;:{&quot;unit&quot;:&quot;px&quot;,&quot;size&quot;:&quot;&quot;,&quot;sizes&quot;:[]}}\" data-widget_type=\"image-carousel.default\">\n\t\t\t\t<div class=\"elementor-widget-container\">\n\t\t\t\t\t\t\t<div class=\"elementor-image-carousel-wrapper swiper\" role=\"region\" aria-roledescription=\"carousel\" aria-label=\"Carrousel d\u2019images\" dir=\"ltr\">\n\t\t\t<div class=\"elementor-image-carousel swiper-wrapper\" aria-live=\"off\">\n\t\t\t\t\t\t\t\t<div class=\"swiper-slide\" role=\"group\" aria-roledescription=\"slide\" aria-label=\"1 sur 3\"><a data-elementor-open-lightbox=\"yes\" data-elementor-lightbox-slideshow=\"3b160d5b\" data-elementor-lightbox-title=\"le-lac-des-cygnes (1)\" data-e-action-hash=\"#elementor-action%3Aaction%3Dlightbox%26settings%3DeyJpZCI6ODUyOCwidXJsIjoiaHR0cHM6XC9cL2luZGlnby1wcm9kdWN0aW9ucy5mclwvd3AtY29udGVudFwvdXBsb2Fkc1wvMjAyNVwvMDZcL2xlLWxhYy1kZXMtY3lnbmVzLTEtc2NhbGVkLmpwZyIsInNsaWRlc2hvdyI6IjNiMTYwZDViIn0%3D\" href=\"https:\/\/indigo-productions.fr\/wp-content\/uploads\/2025\/06\/le-lac-des-cygnes-1-scaled.jpg\"><figure class=\"swiper-slide-inner\"><img decoding=\"async\" class=\"swiper-slide-image\" src=\"https:\/\/indigo-productions.fr\/wp-content\/uploads\/2025\/06\/le-lac-des-cygnes-1-scaled.jpg\" alt=\"le-lac-des-cygnes (1)\" \/><\/figure><\/a><\/div><div class=\"swiper-slide\" role=\"group\" aria-roledescription=\"slide\" aria-label=\"2 sur 3\"><a data-elementor-open-lightbox=\"yes\" data-elementor-lightbox-slideshow=\"3b160d5b\" data-elementor-lightbox-title=\"le-lac-des-cygnes (2)\" data-e-action-hash=\"#elementor-action%3Aaction%3Dlightbox%26settings%3DeyJpZCI6ODUyOSwidXJsIjoiaHR0cHM6XC9cL2luZGlnby1wcm9kdWN0aW9ucy5mclwvd3AtY29udGVudFwvdXBsb2Fkc1wvMjAyNVwvMDZcL2xlLWxhYy1kZXMtY3lnbmVzLTItc2NhbGVkLmpwZyIsInNsaWRlc2hvdyI6IjNiMTYwZDViIn0%3D\" href=\"https:\/\/indigo-productions.fr\/wp-content\/uploads\/2025\/06\/le-lac-des-cygnes-2-scaled.jpg\"><figure class=\"swiper-slide-inner\"><img decoding=\"async\" class=\"swiper-slide-image\" src=\"https:\/\/indigo-productions.fr\/wp-content\/uploads\/2025\/06\/le-lac-des-cygnes-2-scaled.jpg\" alt=\"le-lac-des-cygnes (2)\" \/><\/figure><\/a><\/div><div class=\"swiper-slide\" role=\"group\" aria-roledescription=\"slide\" aria-label=\"3 sur 3\"><a data-elementor-open-lightbox=\"yes\" data-elementor-lightbox-slideshow=\"3b160d5b\" data-elementor-lightbox-title=\"le-lac-des-cygnes (5)\" data-e-action-hash=\"#elementor-action%3Aaction%3Dlightbox%26settings%3DeyJpZCI6ODUzMCwidXJsIjoiaHR0cHM6XC9cL2luZGlnby1wcm9kdWN0aW9ucy5mclwvd3AtY29udGVudFwvdXBsb2Fkc1wvMjAyNVwvMDZcL2xlLWxhYy1kZXMtY3lnbmVzLTUtc2NhbGVkLmpwZyIsInNsaWRlc2hvdyI6IjNiMTYwZDViIn0%3D\" href=\"https:\/\/indigo-productions.fr\/wp-content\/uploads\/2025\/06\/le-lac-des-cygnes-5-scaled.jpg\"><figure class=\"swiper-slide-inner\"><img decoding=\"async\" class=\"swiper-slide-image\" src=\"https:\/\/indigo-productions.fr\/wp-content\/uploads\/2025\/06\/le-lac-des-cygnes-5-scaled.jpg\" alt=\"le-lac-des-cygnes (5)\" \/><\/figure><\/a><\/div>\t\t\t<\/div>\n\t\t\t\t\t\t\t\t\t\t\t\t<div class=\"elementor-swiper-button elementor-swiper-button-prev\" role=\"button\" tabindex=\"0\">\n\t\t\t\t\t\t<i aria-hidden=\"true\" class=\"eicon-chevron-left\"><\/i>\t\t\t\t\t<\/div>\n\t\t\t\t\t<div class=\"elementor-swiper-button elementor-swiper-button-next\" role=\"button\" tabindex=\"0\">\n\t\t\t\t\t\t<i aria-hidden=\"true\" class=\"eicon-chevron-right\"><\/i>\t\t\t\t\t<\/div>\n\t\t\t\t\n\t\t\t\t\t\t\t\t\t<div class=\"swiper-pagination\"><\/div>\n\t\t\t\t\t\t\t\t\t<\/div>\n\t\t\t\t\t\t<\/div>\n\t\t\t\t<\/div>\n\t\t\t\t\t<\/div>\n\t\t\t\t<\/div>\n\t\t<div class=\"elementor-element elementor-element-686e54f6 e-flex e-con-boxed e-con e-parent\" data-id=\"686e54f6\" data-element_type=\"container\" data-e-type=\"container\" data-settings=\"{&quot;background_background&quot;:&quot;classic&quot;,&quot;jet_parallax_layout_list&quot;:[]}\">\n\t\t\t\t\t<div class=\"e-con-inner\">\n\t\t<div class=\"elementor-element elementor-element-79c0ae7b e-con-full e-flex e-con e-child\" data-id=\"79c0ae7b\" data-element_type=\"container\" data-e-type=\"container\" data-settings=\"{&quot;jet_parallax_layout_list&quot;:[]}\">\n\t\t\t\t<div class=\"elementor-element elementor-element-3ea484a0 elementor-align-center elementor-widget elementor-widget-button\" data-id=\"3ea484a0\" data-element_type=\"widget\" data-e-type=\"widget\" data-widget_type=\"button.default\">\n\t\t\t\t<div class=\"elementor-widget-container\">\n\t\t\t\t\t\t\t\t\t<div class=\"elementor-button-wrapper\">\n\t\t\t\t\t<a class=\"elementor-button elementor-button-link elementor-size-sm\" href=\"https:\/\/billetterie-indigo-productions.tickandlive.com\/manifestations\/le-lac-des-cygnes-2\" target=\"_blank\">\n\t\t\t\t\t\t<span class=\"elementor-button-content-wrapper\">\n\t\t\t\t\t\t\t\t\t<span class=\"elementor-button-text\">Voir les dates de la Tourn\u00e9e &amp; r\u00e9server<\/span>\n\t\t\t\t\t<\/span>\n\t\t\t\t\t<\/a>\n\t\t\t\t<\/div>\n\t\t\t\t\t\t\t\t<\/div>\n\t\t\t\t<\/div>\n\t\t\t\t<\/div>\n\t\t\t\t\t<\/div>\n\t\t\t\t<\/div>\n\t\t\t\t<\/div>","protected":false},"excerpt":{"rendered":"<p>BALLET CLASSIQUE Le Lac des cygnes a \u00e9t\u00e9 pr\u00e9sent\u00e9 la premi\u00e8re fois \u00e0 Moscou en 1877. L\u2019histoire d\u2019amour du prince pour une jeune fille, transform\u00e9e en cygne par un sorcier, [&hellip;]<\/p>\n","protected":false},"author":9,"featured_media":0,"parent":0,"menu_order":0,"comment_status":"closed","ping_status":"closed","template":"","meta":{"footnotes":""},"class_list":["post-8482","page","type-page","status-publish","hentry"],"_links":{"self":[{"href":"https:\/\/indigo-productions.fr\/en\/wp-json\/wp\/v2\/pages\/8482","targetHints":{"allow":["GET"]}}],"collection":[{"href":"https:\/\/indigo-productions.fr\/en\/wp-json\/wp\/v2\/pages"}],"about":[{"href":"https:\/\/indigo-productions.fr\/en\/wp-json\/wp\/v2\/types\/page"}],"author":[{"embeddable":true,"href":"https:\/\/indigo-productions.fr\/en\/wp-json\/wp\/v2\/users\/9"}],"replies":[{"embeddable":true,"href":"https:\/\/indigo-productions.fr\/en\/wp-json\/wp\/v2\/comments?post=8482"}],"version-history":[{"count":0,"href":"https:\/\/indigo-productions.fr\/en\/wp-json\/wp\/v2\/pages\/8482\/revisions"}],"wp:attachment":[{"href":"https:\/\/indigo-productions.fr\/en\/wp-json\/wp\/v2\/media?parent=8482"}],"curies":[{"name":"wp","href":"https:\/\/api.w.org\/{rel}","templated":true}]}}