{"id":8179,"date":"2025-04-24T16:38:33","date_gmt":"2025-04-24T14:38:33","guid":{"rendered":"https:\/\/indigo-productions.fr\/?page_id=8179"},"modified":"2026-04-07T16:16:28","modified_gmt":"2026-04-07T14:16:28","slug":"grease","status":"publish","type":"page","link":"https:\/\/indigo-productions.fr\/en\/grease\/","title":{"rendered":"Grease"},"content":{"rendered":"<div data-elementor-type=\"wp-page\" data-elementor-id=\"8179\" class=\"elementor elementor-8179\" data-elementor-post-type=\"page\">\n\t\t\t\t<div class=\"elementor-element elementor-element-1c20252b e-flex e-con-boxed e-con e-parent\" data-id=\"1c20252b\" data-element_type=\"container\" data-e-type=\"container\" data-settings=\"{&quot;jet_parallax_layout_list&quot;:[]}\">\n\t\t\t\t\t<div class=\"e-con-inner\">\n\t\t\t\t<div class=\"elementor-element elementor-element-18731bc0 elementor-widget__width-inherit elementor-hidden-mobile elementor-widget elementor-widget-image\" data-id=\"18731bc0\" data-element_type=\"widget\" data-e-type=\"widget\" data-widget_type=\"image.default\">\n\t\t\t\t<div class=\"elementor-widget-container\">\n\t\t\t\t\t\t\t\t\t\t\t\t\t\t\t<img fetchpriority=\"high\" decoding=\"async\" width=\"1920\" height=\"600\" src=\"https:\/\/indigo-productions.fr\/wp-content\/uploads\/2026\/04\/grease-is-the-word-1920x600-1.jpg\" class=\"attachment-full size-full wp-image-10378\" alt=\"\" srcset=\"https:\/\/indigo-productions.fr\/wp-content\/uploads\/2026\/04\/grease-is-the-word-1920x600-1.jpg 1920w, https:\/\/indigo-productions.fr\/wp-content\/uploads\/2026\/04\/grease-is-the-word-1920x600-1-300x94.jpg 300w, https:\/\/indigo-productions.fr\/wp-content\/uploads\/2026\/04\/grease-is-the-word-1920x600-1-1024x320.jpg 1024w, https:\/\/indigo-productions.fr\/wp-content\/uploads\/2026\/04\/grease-is-the-word-1920x600-1-768x240.jpg 768w, https:\/\/indigo-productions.fr\/wp-content\/uploads\/2026\/04\/grease-is-the-word-1920x600-1-1536x480.jpg 1536w, https:\/\/indigo-productions.fr\/wp-content\/uploads\/2026\/04\/grease-is-the-word-1920x600-1-18x6.jpg 18w, https:\/\/indigo-productions.fr\/wp-content\/uploads\/2026\/04\/grease-is-the-word-1920x600-1-600x188.jpg 600w\" sizes=\"(max-width: 1920px) 100vw, 1920px\" \/>\t\t\t\t\t\t\t\t\t\t\t\t\t\t\t<\/div>\n\t\t\t\t<\/div>\n\t\t\t\t\t<\/div>\n\t\t\t\t<\/div>\n\t\t<div class=\"elementor-element elementor-element-7e3acbf e-flex e-con-boxed e-con e-parent\" data-id=\"7e3acbf\" data-element_type=\"container\" data-e-type=\"container\" data-settings=\"{&quot;jet_parallax_layout_list&quot;:[]}\">\n\t\t\t\t\t<div class=\"e-con-inner\">\n\t\t\t\t<div class=\"elementor-element elementor-element-7eed876 elementor-widget__width-inherit elementor-hidden-desktop elementor-widget elementor-widget-image\" data-id=\"7eed876\" data-element_type=\"widget\" data-e-type=\"widget\" data-widget_type=\"image.default\">\n\t\t\t\t<div class=\"elementor-widget-container\">\n\t\t\t\t\t\t\t\t\t\t\t\t\t\t\t<img decoding=\"async\" width=\"1080\" height=\"1080\" src=\"https:\/\/indigo-productions.fr\/wp-content\/uploads\/2025\/04\/grease-is-the-word-1080x1080-1.jpg\" class=\"attachment-full size-full wp-image-8189\" alt=\"\" srcset=\"https:\/\/indigo-productions.fr\/wp-content\/uploads\/2025\/04\/grease-is-the-word-1080x1080-1.jpg 1080w, https:\/\/indigo-productions.fr\/wp-content\/uploads\/2025\/04\/grease-is-the-word-1080x1080-1-300x300.jpg 300w, https:\/\/indigo-productions.fr\/wp-content\/uploads\/2025\/04\/grease-is-the-word-1080x1080-1-1024x1024.jpg 1024w, https:\/\/indigo-productions.fr\/wp-content\/uploads\/2025\/04\/grease-is-the-word-1080x1080-1-150x150.jpg 150w, https:\/\/indigo-productions.fr\/wp-content\/uploads\/2025\/04\/grease-is-the-word-1080x1080-1-768x768.jpg 768w, https:\/\/indigo-productions.fr\/wp-content\/uploads\/2025\/04\/grease-is-the-word-1080x1080-1-12x12.jpg 12w, https:\/\/indigo-productions.fr\/wp-content\/uploads\/2025\/04\/grease-is-the-word-1080x1080-1-230x230.jpg 230w, https:\/\/indigo-productions.fr\/wp-content\/uploads\/2025\/04\/grease-is-the-word-1080x1080-1-400x400.jpg 400w, https:\/\/indigo-productions.fr\/wp-content\/uploads\/2025\/04\/grease-is-the-word-1080x1080-1-600x600.jpg 600w, https:\/\/indigo-productions.fr\/wp-content\/uploads\/2025\/04\/grease-is-the-word-1080x1080-1-640x640.jpg 640w\" sizes=\"(max-width: 1080px) 100vw, 1080px\" \/>\t\t\t\t\t\t\t\t\t\t\t\t\t\t\t<\/div>\n\t\t\t\t<\/div>\n\t\t\t\t\t<\/div>\n\t\t\t\t<\/div>\n\t\t<div class=\"elementor-element elementor-element-766e3633 e-flex e-con-boxed e-con e-parent\" data-id=\"766e3633\" data-element_type=\"container\" data-e-type=\"container\" data-settings=\"{&quot;jet_parallax_layout_list&quot;:[]}\">\n\t\t\t\t\t<div class=\"e-con-inner\">\n\t\t\t\t<div class=\"elementor-element elementor-element-60937143 elementor-widget elementor-widget-heading\" data-id=\"60937143\" data-element_type=\"widget\" data-e-type=\"widget\" data-widget_type=\"heading.default\">\n\t\t\t\t<div class=\"elementor-widget-container\">\n\t\t\t\t\t<h2 class=\"elementor-heading-title elementor-size-default\">Grease is the Word<br>L'original<\/h2>\t\t\t\t<\/div>\n\t\t\t\t<\/div>\n\t\t\t\t<div class=\"elementor-element elementor-element-7e0f2fb1 elementor-widget elementor-widget-text-editor\" data-id=\"7e0f2fb1\" data-element_type=\"widget\" data-e-type=\"widget\" data-widget_type=\"text-editor.default\">\n\t\t\t\t<div class=\"elementor-widget-container\">\n\t\t\t\t\t\t\t\t\t<p>L&rsquo;histoire prend place en 1959 \u00e0 la Rydell High School, situ\u00e9e en banlieue de Chicago, sur fond de musique rock. Sandy, qui vient d&rsquo;int\u00e9grer son nouveau lyc\u00e9e, y retrouve, \u00e0 sa grande surprise, son amour d&rsquo;\u00e9t\u00e9, Danny Zuko, d\u00e9sormais leader des T-Birds. Si elle est ravie de le revoir, Danny, lui, est plus pr\u00e9occup\u00e9 par sa popularit\u00e9 et son r\u00f4le de chef de bande que par les sentiments de Sandy. Gr\u00e2ce \u00e0 l&rsquo;aide des Pink Ladies, Sandy va r\u00e9ussir \u00e0 s&rsquo;imposer dans cette histoire d&rsquo;amour pleine de rebondissements.<\/p><p>Plongez dans les plus grands tubes chant\u00e9s par plusieurs g\u00e9n\u00e9rations au cours des 50 derni\u00e8res ann\u00e9es : \u00ab You\u2019re the One That I Want \u00bb, \u00ab Sandy \u00bb, \u00ab Hopelessly Devoted to You \u00bb, \u00ab We Go Together \u00bb et bien d\u2019autres chansons devenues des classiques intemporels.<\/p><p>The show\u00a0<em>GREASE IS THE WORD<\/em>\u00a0vous promet une exp\u00e9rience inoubliable avec 14 chanteurs, danseurs et com\u00e9diens, accompagn\u00e9s de 4 musiciens live. Une ambiance assur\u00e9e que vous ne voudrez surtout pas manquer !<\/p>\t\t\t\t\t\t\t\t<\/div>\n\t\t\t\t<\/div>\n\t\t\t\t<div class=\"elementor-element elementor-element-4d1e2fe6 elementor-widget-divider--view-line elementor-widget elementor-widget-divider\" data-id=\"4d1e2fe6\" data-element_type=\"widget\" data-e-type=\"widget\" data-widget_type=\"divider.default\">\n\t\t\t\t<div class=\"elementor-widget-container\">\n\t\t\t\t\t\t\t<div class=\"elementor-divider\">\n\t\t\t<span class=\"elementor-divider-separator\">\n\t\t\t\t\t\t<\/span>\n\t\t<\/div>\n\t\t\t\t\t\t<\/div>\n\t\t\t\t<\/div>\n\t\t\t\t<div class=\"elementor-element elementor-element-f74e98d elementor-widget elementor-widget-video\" data-id=\"f74e98d\" data-element_type=\"widget\" data-e-type=\"widget\" data-settings=\"{&quot;youtube_url&quot;:&quot;https:\\\/\\\/youtu.be\\\/T0RE7b71pJA&quot;,&quot;video_type&quot;:&quot;youtube&quot;,&quot;controls&quot;:&quot;yes&quot;}\" data-widget_type=\"video.default\">\n\t\t\t\t<div class=\"elementor-widget-container\">\n\t\t\t\t\t\t\t<div class=\"elementor-wrapper elementor-open-inline\">\n\t\t\t<div class=\"elementor-video\"><\/div>\t\t<\/div>\n\t\t\t\t\t\t<\/div>\n\t\t\t\t<\/div>\n\t\t\t\t<div class=\"elementor-element elementor-element-588c1200 elementor-pagination-position-inside elementor-arrows-position-inside elementor-widget elementor-widget-image-carousel\" data-id=\"588c1200\" data-element_type=\"widget\" data-e-type=\"widget\" data-settings=\"{&quot;slides_to_show&quot;:&quot;3&quot;,&quot;slides_to_scroll&quot;:&quot;3&quot;,&quot;image_spacing_custom&quot;:{&quot;unit&quot;:&quot;px&quot;,&quot;size&quot;:10,&quot;sizes&quot;:[]},&quot;navigation&quot;:&quot;both&quot;,&quot;autoplay&quot;:&quot;yes&quot;,&quot;pause_on_hover&quot;:&quot;yes&quot;,&quot;pause_on_interaction&quot;:&quot;yes&quot;,&quot;autoplay_speed&quot;:5000,&quot;infinite&quot;:&quot;yes&quot;,&quot;speed&quot;:500,&quot;image_spacing_custom_tablet&quot;:{&quot;unit&quot;:&quot;px&quot;,&quot;size&quot;:&quot;&quot;,&quot;sizes&quot;:[]},&quot;image_spacing_custom_mobile&quot;:{&quot;unit&quot;:&quot;px&quot;,&quot;size&quot;:&quot;&quot;,&quot;sizes&quot;:[]}}\" data-widget_type=\"image-carousel.default\">\n\t\t\t\t<div class=\"elementor-widget-container\">\n\t\t\t\t\t\t\t<div class=\"elementor-image-carousel-wrapper swiper\" role=\"region\" aria-roledescription=\"carousel\" aria-label=\"Carrousel d\u2019images\" dir=\"ltr\">\n\t\t\t<div class=\"elementor-image-carousel swiper-wrapper\" aria-live=\"off\">\n\t\t\t\t\t\t\t\t<div class=\"swiper-slide\" role=\"group\" aria-roledescription=\"slide\" aria-label=\"1 of 5\" data-no-translation-aria-label=\"\"><a data-elementor-open-lightbox=\"yes\" data-elementor-lightbox-slideshow=\"588c1200\" data-elementor-lightbox-title=\"grease-photo (1) ok\" data-e-action-hash=\"#elementor-action%3Aaction%3Dlightbox%26settings%3DeyJpZCI6ODE4MywidXJsIjoiaHR0cHM6XC9cL2luZGlnby1wcm9kdWN0aW9ucy5mclwvd3AtY29udGVudFwvdXBsb2Fkc1wvMjAyNVwvMDRcL2dyZWFzZS1waG90by0xLW9rLXNjYWxlZC5qcGciLCJzbGlkZXNob3ciOiI1ODhjMTIwMCJ9\" href=\"https:\/\/indigo-productions.fr\/wp-content\/uploads\/2025\/04\/grease-photo-1-ok-scaled.jpg\"><figure class=\"swiper-slide-inner\"><img decoding=\"async\" class=\"swiper-slide-image\" src=\"https:\/\/indigo-productions.fr\/wp-content\/uploads\/2025\/04\/grease-photo-1-ok-scaled.jpg\" alt=\"grease-photo (1) ok\" \/><\/figure><\/a><\/div><div class=\"swiper-slide\" role=\"group\" aria-roledescription=\"slide\" aria-label=\"2 of 5\" data-no-translation-aria-label=\"\"><a data-elementor-open-lightbox=\"yes\" data-elementor-lightbox-slideshow=\"588c1200\" data-elementor-lightbox-title=\"grease-photo (1)\" data-e-action-hash=\"#elementor-action%3Aaction%3Dlightbox%26settings%3DeyJpZCI6ODE4NCwidXJsIjoiaHR0cHM6XC9cL2luZGlnby1wcm9kdWN0aW9ucy5mclwvd3AtY29udGVudFwvdXBsb2Fkc1wvMjAyNVwvMDRcL2dyZWFzZS1waG90by0xLmpwZWciLCJzbGlkZXNob3ciOiI1ODhjMTIwMCJ9\" href=\"https:\/\/indigo-productions.fr\/wp-content\/uploads\/2025\/04\/grease-photo-1.jpeg\"><figure class=\"swiper-slide-inner\"><img decoding=\"async\" class=\"swiper-slide-image\" src=\"https:\/\/indigo-productions.fr\/wp-content\/uploads\/2025\/04\/grease-photo-1.jpeg\" alt=\"grease-photo (1)\" \/><\/figure><\/a><\/div><div class=\"swiper-slide\" role=\"group\" aria-roledescription=\"slide\" aria-label=\"3 of 5\" data-no-translation-aria-label=\"\"><a data-elementor-open-lightbox=\"yes\" data-elementor-lightbox-slideshow=\"588c1200\" data-elementor-lightbox-title=\"photo-grease-is-the-word-francis-larrieu (6)\" data-e-action-hash=\"#elementor-action%3Aaction%3Dlightbox%26settings%3DeyJpZCI6MTAyNjgsInVybCI6Imh0dHBzOlwvXC9pbmRpZ28tcHJvZHVjdGlvbnMuZnJcL3dwLWNvbnRlbnRcL3VwbG9hZHNcLzIwMjZcLzAzXC9waG90by1ncmVhc2UtaXMtdGhlLXdvcmQtZnJhbmNpcy1sYXJyaWV1LTYtc2NhbGVkLmpwZyIsInNsaWRlc2hvdyI6IjU4OGMxMjAwIn0%3D\" href=\"https:\/\/indigo-productions.fr\/wp-content\/uploads\/2026\/03\/photo-grease-is-the-word-francis-larrieu-6-scaled.jpg\"><figure class=\"swiper-slide-inner\"><img decoding=\"async\" class=\"swiper-slide-image\" src=\"https:\/\/indigo-productions.fr\/wp-content\/uploads\/2026\/03\/photo-grease-is-the-word-francis-larrieu-6-scaled.jpg\" alt=\"photo-grease-is-the-word-francis-larrieu (6)\" \/><\/figure><\/a><\/div><div class=\"swiper-slide\" role=\"group\" aria-roledescription=\"slide\" aria-label=\"4 of 5\" data-no-translation-aria-label=\"\"><a data-elementor-open-lightbox=\"yes\" data-elementor-lightbox-slideshow=\"588c1200\" data-elementor-lightbox-title=\"grease-photo (5)\" data-e-action-hash=\"#elementor-action%3Aaction%3Dlightbox%26settings%3DeyJpZCI6ODE4OCwidXJsIjoiaHR0cHM6XC9cL2luZGlnby1wcm9kdWN0aW9ucy5mclwvd3AtY29udGVudFwvdXBsb2Fkc1wvMjAyNVwvMDRcL2dyZWFzZS1waG90by01LmpwZyIsInNsaWRlc2hvdyI6IjU4OGMxMjAwIn0%3D\" href=\"https:\/\/indigo-productions.fr\/wp-content\/uploads\/2025\/04\/grease-photo-5.jpg\"><figure class=\"swiper-slide-inner\"><img decoding=\"async\" class=\"swiper-slide-image\" src=\"https:\/\/indigo-productions.fr\/wp-content\/uploads\/2025\/04\/grease-photo-5.jpg\" alt=\"grease-photo (5)\" \/><\/figure><\/a><\/div><div class=\"swiper-slide\" role=\"group\" aria-roledescription=\"slide\" aria-label=\"5 of 5\" data-no-translation-aria-label=\"\"><a data-elementor-open-lightbox=\"yes\" data-elementor-lightbox-slideshow=\"588c1200\" data-elementor-lightbox-title=\"photo-grease-is-the-word-francis-larrieu (7)\" data-e-action-hash=\"#elementor-action%3Aaction%3Dlightbox%26settings%3DeyJpZCI6MTAyNjcsInVybCI6Imh0dHBzOlwvXC9pbmRpZ28tcHJvZHVjdGlvbnMuZnJcL3dwLWNvbnRlbnRcL3VwbG9hZHNcLzIwMjZcLzAzXC9waG90by1ncmVhc2UtaXMtdGhlLXdvcmQtZnJhbmNpcy1sYXJyaWV1LTctc2NhbGVkLmpwZyIsInNsaWRlc2hvdyI6IjU4OGMxMjAwIn0%3D\" href=\"https:\/\/indigo-productions.fr\/wp-content\/uploads\/2026\/03\/photo-grease-is-the-word-francis-larrieu-7-scaled.jpg\"><figure class=\"swiper-slide-inner\"><img decoding=\"async\" class=\"swiper-slide-image\" src=\"https:\/\/indigo-productions.fr\/wp-content\/uploads\/2026\/03\/photo-grease-is-the-word-francis-larrieu-7-scaled.jpg\" alt=\"photo-grease-is-the-word-francis-larrieu (7)\" \/><\/figure><\/a><\/div>\t\t\t<\/div>\n\t\t\t\t\t\t\t\t\t\t\t\t<div class=\"elementor-swiper-button elementor-swiper-button-prev\" role=\"button\" tabindex=\"0\">\n\t\t\t\t\t\t<i aria-hidden=\"true\" class=\"eicon-chevron-left\"><\/i>\t\t\t\t\t<\/div>\n\t\t\t\t\t<div class=\"elementor-swiper-button elementor-swiper-button-next\" role=\"button\" tabindex=\"0\">\n\t\t\t\t\t\t<i aria-hidden=\"true\" class=\"eicon-chevron-right\"><\/i>\t\t\t\t\t<\/div>\n\t\t\t\t\n\t\t\t\t\t\t\t\t\t<div class=\"swiper-pagination\"><\/div>\n\t\t\t\t\t\t\t\t\t<\/div>\n\t\t\t\t\t\t<\/div>\n\t\t\t\t<\/div>\n\t\t\t\t\t<\/div>\n\t\t\t\t<\/div>\n\t\t<div class=\"elementor-element elementor-element-1c918e8f e-flex e-con-boxed e-con e-parent\" data-id=\"1c918e8f\" data-element_type=\"container\" data-e-type=\"container\" data-settings=\"{&quot;background_background&quot;:&quot;classic&quot;,&quot;jet_parallax_layout_list&quot;:[]}\">\n\t\t\t\t\t<div class=\"e-con-inner\">\n\t\t<div class=\"elementor-element elementor-element-566b3321 e-con-full e-flex e-con e-child\" data-id=\"566b3321\" data-element_type=\"container\" data-e-type=\"container\" data-settings=\"{&quot;jet_parallax_layout_list&quot;:[]}\">\n\t\t\t\t<div class=\"elementor-element elementor-element-24db5c8c elementor-align-center elementor-widget elementor-widget-button\" data-id=\"24db5c8c\" data-element_type=\"widget\" data-e-type=\"widget\" data-widget_type=\"button.default\">\n\t\t\t\t<div class=\"elementor-widget-container\">\n\t\t\t\t\t\t\t\t\t<div class=\"elementor-button-wrapper\">\n\t\t\t\t\t<a class=\"elementor-button elementor-button-link elementor-size-sm\" href=\"https:\/\/billetterie-indigo-productions.tickandlive.com\/manifestations\/grease-is-the-word-loriginal\">\n\t\t\t\t\t\t<span class=\"elementor-button-content-wrapper\">\n\t\t\t\t\t\t\t\t\t<span class=\"elementor-button-text\">Voir les dates de la Tourn\u00e9e &amp; r\u00e9server<\/span>\n\t\t\t\t\t<\/span>\n\t\t\t\t\t<\/a>\n\t\t\t\t<\/div>\n\t\t\t\t\t\t\t\t<\/div>\n\t\t\t\t<\/div>\n\t\t\t\t<\/div>\n\t\t\t\t\t<\/div>\n\t\t\t\t<\/div>\n\t\t<div class=\"elementor-element elementor-element-85f6372 e-grid e-con-boxed e-con e-parent\" data-id=\"85f6372\" data-element_type=\"container\" data-e-type=\"container\" data-settings=\"{&quot;jet_parallax_layout_list&quot;:[]}\">\n\t\t\t\t\t<div class=\"e-con-inner\">\n\t\t\t\t\t<\/div>\n\t\t\t\t<\/div>\n\t\t\t\t<\/div>","protected":false},"excerpt":{"rendered":"<p>Grease is the WordL&rsquo;original L&rsquo;histoire prend place en 1959 \u00e0 la Rydell High School, situ\u00e9e en banlieue de Chicago, sur fond de musique rock. Sandy, qui vient d&rsquo;int\u00e9grer son nouveau [&hellip;]<\/p>\n","protected":false},"author":9,"featured_media":0,"parent":0,"menu_order":0,"comment_status":"closed","ping_status":"closed","template":"","meta":{"footnotes":""},"class_list":["post-8179","page","type-page","status-publish","hentry"],"_links":{"self":[{"href":"https:\/\/indigo-productions.fr\/en\/wp-json\/wp\/v2\/pages\/8179","targetHints":{"allow":["GET"]}}],"collection":[{"href":"https:\/\/indigo-productions.fr\/en\/wp-json\/wp\/v2\/pages"}],"about":[{"href":"https:\/\/indigo-productions.fr\/en\/wp-json\/wp\/v2\/types\/page"}],"author":[{"embeddable":true,"href":"https:\/\/indigo-productions.fr\/en\/wp-json\/wp\/v2\/users\/9"}],"replies":[{"embeddable":true,"href":"https:\/\/indigo-productions.fr\/en\/wp-json\/wp\/v2\/comments?post=8179"}],"version-history":[{"count":25,"href":"https:\/\/indigo-productions.fr\/en\/wp-json\/wp\/v2\/pages\/8179\/revisions"}],"predecessor-version":[{"id":10497,"href":"https:\/\/indigo-productions.fr\/en\/wp-json\/wp\/v2\/pages\/8179\/revisions\/10497"}],"wp:attachment":[{"href":"https:\/\/indigo-productions.fr\/en\/wp-json\/wp\/v2\/media?parent=8179"}],"curies":[{"name":"wp","href":"https:\/\/api.w.org\/{rel}","templated":true}]}}