{"id":4505,"date":"2024-09-26T17:12:08","date_gmt":"2024-09-26T15:12:08","guid":{"rendered":"https:\/\/indigo-productions.fr\/?page_id=4505"},"modified":"2026-04-07T16:26:16","modified_gmt":"2026-04-07T14:26:16","slug":"politique-de-confidentialite","status":"publish","type":"page","link":"https:\/\/indigo-productions.fr\/en\/politique-de-confidentialite\/","title":{"rendered":"Politique de confidentialit\u00e9"},"content":{"rendered":"<div data-elementor-type=\"wp-page\" data-elementor-id=\"4505\" class=\"elementor elementor-4505\" data-elementor-post-type=\"page\">\n\t\t\t\t<div class=\"elementor-element elementor-element-4d9642a e-flex e-con-boxed e-con e-parent\" data-id=\"4d9642a\" data-element_type=\"container\" data-e-type=\"container\" data-settings=\"{&quot;jet_parallax_layout_list&quot;:[]}\">\n\t\t\t\t\t<div class=\"e-con-inner\">\n\t\t\t\t<div class=\"elementor-element elementor-element-9acce2e elementor-widget elementor-widget-heading\" data-id=\"9acce2e\" data-element_type=\"widget\" data-e-type=\"widget\" data-widget_type=\"heading.default\">\n\t\t\t\t<div class=\"elementor-widget-container\">\n\t\t\t\t\t<h2 class=\"elementor-heading-title elementor-size-default\">Politique de confidentialit\u00e9<\/h2>\t\t\t\t<\/div>\n\t\t\t\t<\/div>\n\t\t\t\t<div class=\"elementor-element elementor-element-7860db2 elementor-widget elementor-widget-text-editor\" data-id=\"7860db2\" data-element_type=\"widget\" data-e-type=\"widget\" data-widget_type=\"text-editor.default\">\n\t\t\t\t<div class=\"elementor-widget-container\">\n\t\t\t\t\t\t\t\t\t<p><strong>Propri\u00e9taire du site :<\/strong><\/p><p>INDIGO PRODUCTIONS<br \/>113 bis, rue de Nambot<br \/>79000 Niort<br \/>FRANCE<br \/>+33 (0)5 49 73 66 16<br \/>communication-indigo@orange.fr<\/p><p>Ce site Internet utilise les informations personnelles qu\u2019il recueille aupr\u00e8s de ses utilisateurs connect\u00e9s pour permettre la fourniture des services qu\u2019il propose et assurer la gestion des abonnements souscrits.<\/p><p>Conform\u00e9ment aux dispositions de la loi du 6 janvier 1978 relative aux fichiers, \u00e0 l\u2019informatique et aux libert\u00e9s, les utilisateurs authentifi\u00e9s disposent d\u2019un droit d\u2019acc\u00e8s, de rectification et d\u2019opposition aux donn\u00e9es personnelles les concernant. Ce droit s\u2019exerce soit en en modifiant ses informations personnelles en ligne soit par prise de contact aupr\u00e8s du si\u00e8ge social de l\u2019entreprise r\u00e9f\u00e9renc\u00e9 ci-dessus. Les cookies assurent le bon fonctionnement du site. En utilisant ce dernier, vous acceptez l\u2019utilisation des cookies ainsi que les cookies provenant de notre solution de suivi Google Analytics.<\/p><p>Un cookie est un petit fichier texte envoy\u00e9 \u00e0 votre navigateur via le site Web consult\u00e9. Gr\u00e2ce \u00e0 ce cookie, des informations sur votre visite, notamment votre langue de pr\u00e9dilection et d\u2019autres param\u00e8tres, sont enregistr\u00e9es sur le site Web. Cela peut faciliter votre visite suivante sur ce site et renforcer l\u2019utilit\u00e9 de ce dernier pour vous. Les cookies jouent un r\u00f4le important. Sans les cookies, l\u2019utilisation du Web pourrait s\u2019av\u00e9rer beaucoup plus frustrante.<\/p><p>Google utilise les cookies \u00e0 diverses fins, par exemple pour compter les visiteurs du site et am\u00e9liorer votre navigation.<\/p><p>Vous pouvez consulter une liste des types de cookies utilis\u00e9s par Google. Les r\u00e8gles de confidentialit\u00e9 de Google expliquent comment Google prot\u00e8ge votre vie priv\u00e9e dans le cadre de l\u2019utilisation des cookies et d\u2019autres informations.<\/p><p>Notre soci\u00e9t\u00e9 et\/ou ses partenaires sont les titulaires exclusifs de tous les droits de propri\u00e9t\u00e9 intellectuelle portant tant sur la structure que sur le contenu du site et ce dans le monde entier. Notre soci\u00e9t\u00e9 consent \u00e0 l\u2019utilisateur le droit de reproduire tout ou partie du contenu du site pour stockage aux fins de repr\u00e9sentation sur \u00e9cran monoposte et de reproduction, en un exemplaire, pour copie de sauvegarde ou tirage sur papier. Ce droit est consenti dans le cadre d\u2019un usage strictement personnel, priv\u00e9 et non collectif, toute mise en r\u00e9seau, toute rediffusion ou commercialisation totale ou partielle de ce contenu, aupr\u00e8s des tiers, sous quelque forme que ce soit, \u00e9tant strictement interdite.<\/p>\t\t\t\t\t\t\t\t<\/div>\n\t\t\t\t<\/div>\n\t\t\t\t\t<\/div>\n\t\t\t\t<\/div>\n\t\t\t\t<\/div>","protected":false},"excerpt":{"rendered":"<p>Politique de confidentialit\u00e9 Propri\u00e9taire du site : INDIGO PRODUCTIONS113 bis, rue de Nambot79000 NiortFRANCE+33 (0)5 49 73 66 16communication-indigo@orange.fr Ce site Internet utilise les informations personnelles qu\u2019il recueille aupr\u00e8s de [&hellip;]<\/p>\n","protected":false},"author":1,"featured_media":0,"parent":0,"menu_order":0,"comment_status":"closed","ping_status":"closed","template":"","meta":{"footnotes":""},"class_list":["post-4505","page","type-page","status-publish","hentry"],"_links":{"self":[{"href":"https:\/\/indigo-productions.fr\/en\/wp-json\/wp\/v2\/pages\/4505","targetHints":{"allow":["GET"]}}],"collection":[{"href":"https:\/\/indigo-productions.fr\/en\/wp-json\/wp\/v2\/pages"}],"about":[{"href":"https:\/\/indigo-productions.fr\/en\/wp-json\/wp\/v2\/types\/page"}],"author":[{"embeddable":true,"href":"https:\/\/indigo-productions.fr\/en\/wp-json\/wp\/v2\/users\/1"}],"replies":[{"embeddable":true,"href":"https:\/\/indigo-productions.fr\/en\/wp-json\/wp\/v2\/comments?post=4505"}],"version-history":[{"count":0,"href":"https:\/\/indigo-productions.fr\/en\/wp-json\/wp\/v2\/pages\/4505\/revisions"}],"wp:attachment":[{"href":"https:\/\/indigo-productions.fr\/en\/wp-json\/wp\/v2\/media?parent=4505"}],"curies":[{"name":"wp","href":"https:\/\/api.w.org\/{rel}","templated":true}]}}