{"id":4148,"date":"2024-06-05T14:53:58","date_gmt":"2024-06-05T12:53:58","guid":{"rendered":"https:\/\/indigo-productions.fr\/?page_id=4148"},"modified":"2025-05-30T11:17:13","modified_gmt":"2025-05-30T09:17:13","slug":"casse-noisette","status":"publish","type":"page","link":"https:\/\/indigo-productions.fr\/en\/casse-noisette\/","title":{"rendered":"CASSE NOISETTE"},"content":{"rendered":"<div data-elementor-type=\"wp-page\" data-elementor-id=\"4148\" class=\"elementor elementor-4148\" data-elementor-post-type=\"page\">\n\t\t\t\t<div class=\"elementor-element elementor-element-4562c681 e-flex e-con-boxed e-con e-parent\" data-id=\"4562c681\" data-element_type=\"container\" data-e-type=\"container\" data-settings=\"{&quot;jet_parallax_layout_list&quot;:[]}\">\n\t\t\t\t\t<div class=\"e-con-inner\">\n\t\t\t\t<div class=\"elementor-element elementor-element-45afffaf elementor-widget elementor-widget-image\" data-id=\"45afffaf\" data-element_type=\"widget\" data-e-type=\"widget\" data-widget_type=\"image.default\">\n\t\t\t\t<div class=\"elementor-widget-container\">\n\t\t\t\t\t\t\t\t\t\t\t\t\t\t\t<img fetchpriority=\"high\" decoding=\"async\" width=\"1920\" height=\"1080\" src=\"https:\/\/indigo-productions.fr\/wp-content\/uploads\/2024\/12\/Casse-Noisette-1920x1080-1.jpg\" class=\"attachment-full size-full wp-image-6764\" alt=\"\" srcset=\"https:\/\/indigo-productions.fr\/wp-content\/uploads\/2024\/12\/Casse-Noisette-1920x1080-1.jpg 1920w, https:\/\/indigo-productions.fr\/wp-content\/uploads\/2024\/12\/Casse-Noisette-1920x1080-1-300x169.jpg 300w, https:\/\/indigo-productions.fr\/wp-content\/uploads\/2024\/12\/Casse-Noisette-1920x1080-1-1024x576.jpg 1024w, https:\/\/indigo-productions.fr\/wp-content\/uploads\/2024\/12\/Casse-Noisette-1920x1080-1-768x432.jpg 768w, https:\/\/indigo-productions.fr\/wp-content\/uploads\/2024\/12\/Casse-Noisette-1920x1080-1-1536x864.jpg 1536w, https:\/\/indigo-productions.fr\/wp-content\/uploads\/2024\/12\/Casse-Noisette-1920x1080-1-18x10.jpg 18w, https:\/\/indigo-productions.fr\/wp-content\/uploads\/2024\/12\/Casse-Noisette-1920x1080-1-150x85.jpg 150w, https:\/\/indigo-productions.fr\/wp-content\/uploads\/2024\/12\/Casse-Noisette-1920x1080-1-600x338.jpg 600w\" sizes=\"(max-width: 1920px) 100vw, 1920px\" \/>\t\t\t\t\t\t\t\t\t\t\t\t\t\t\t<\/div>\n\t\t\t\t<\/div>\n\t\t\t\t\t<\/div>\n\t\t\t\t<\/div>\n\t\t<div class=\"elementor-element elementor-element-58c0c6e3 e-flex e-con-boxed e-con e-parent\" data-id=\"58c0c6e3\" data-element_type=\"container\" data-e-type=\"container\" data-settings=\"{&quot;jet_parallax_layout_list&quot;:[]}\">\n\t\t\t\t\t<div class=\"e-con-inner\">\n\t\t\t\t<div class=\"elementor-element elementor-element-59538523 elementor-widget elementor-widget-heading\" data-id=\"59538523\" data-element_type=\"widget\" data-e-type=\"widget\" data-widget_type=\"heading.default\">\n\t\t\t\t<div class=\"elementor-widget-container\">\n\t\t\t\t\t<h2 class=\"elementor-heading-title elementor-size-default\">UN ballet magique &amp; f\u00e9\u00e9rique<\/h2>\t\t\t\t<\/div>\n\t\t\t\t<\/div>\n\t\t\t\t<div class=\"elementor-element elementor-element-151ca4ee elementor-widget elementor-widget-text-editor\" data-id=\"151ca4ee\" data-element_type=\"widget\" data-e-type=\"widget\" data-widget_type=\"text-editor.default\">\n\t\t\t\t<div class=\"elementor-widget-container\">\n\t\t\t\t\t\t\t\t\t<p>Le ballet magique \u00ab Casse-noisette \u00bb fait son entr\u00e9e traditionnelle sur sc\u00e8ne en hiver. C\u2019est un v\u00e9ritable chef d\u2019\u0153uvre musical et chor\u00e9graphique !Le soir de No\u00ebl, la petite Marie re\u00e7oit de son oncle un casse-noisette.\u00a0 La nuit, les jouets commencent \u00e0 s\u2019animer, \u00e0 bouger, la petite fille est entrain\u00e9e dans un tourbillon d\u2019aventures extraordinaires. La magie de No\u00ebl, les costumes magnifiques, les chor\u00e9graphies vari\u00e9es, une v\u00e9ritable atmosph\u00e8re des f\u00eates font de Casse-noisette un spectacle pour toute la famille. Un merveilleux ballet, une symphonie de beaut\u00e9 et de gr\u00e2ce !<\/p><p>Ce sera la premi\u00e8re en France du British Festival Ballet, dirig\u00e9 par Yassaui Mergaliyev, danseur exceptionnel qui a gagn\u00e9 la m\u00e9daille d\u2019or au prestigieux concours de Varna, distingu\u00e9 par le gouvernement du Kazakhstan pour son parcours artistique, et par Sophie Mergaliyev, ex-danseuse au Royal Ballet de Su\u00e8de. Le style raffin\u00e9, les traditions de l\u2019\u00e9cole Vaganova et la prouesse technique de l\u2019\u00e9cole anglaise font de cette jeune compagnie une des plus performantes en tourn\u00e9e aujourd\u2019hui.<\/p><p>Venez d\u00e9couvrir ce conte de f\u00e9e avec la musique sublime de Piotr Tcha\u00efkovski.<\/p><p>Musique : Piotr Tcha\u00efkovsky<\/p><p>Livret\u00a0: Marius Petipa selon le conte de Hoffmann<\/p><p>Chor\u00e9graphie\u00a0: Marius Petipa<\/p><p>A voir absolument\u00a0!\u00a0<\/p>\t\t\t\t\t\t\t\t<\/div>\n\t\t\t\t<\/div>\n\t\t\t\t<div class=\"elementor-element elementor-element-2961429b elementor-widget-divider--view-line elementor-widget elementor-widget-divider\" data-id=\"2961429b\" data-element_type=\"widget\" data-e-type=\"widget\" data-widget_type=\"divider.default\">\n\t\t\t\t<div class=\"elementor-widget-container\">\n\t\t\t\t\t\t\t<div class=\"elementor-divider\">\n\t\t\t<span class=\"elementor-divider-separator\">\n\t\t\t\t\t\t<\/span>\n\t\t<\/div>\n\t\t\t\t\t\t<\/div>\n\t\t\t\t<\/div>\n\t\t\t\t<div class=\"elementor-element elementor-element-686a800e elementor-widget elementor-widget-video\" data-id=\"686a800e\" data-element_type=\"widget\" data-e-type=\"widget\" data-settings=\"{&quot;youtube_url&quot;:&quot;https:\\\/\\\/youtu.be\\\/BfRgQA_xYVs&quot;,&quot;show_image_overlay&quot;:&quot;yes&quot;,&quot;image_overlay&quot;:{&quot;url&quot;:&quot;&quot;,&quot;id&quot;:&quot;&quot;,&quot;size&quot;:&quot;&quot;},&quot;autoplay&quot;:&quot;yes&quot;,&quot;video_type&quot;:&quot;youtube&quot;,&quot;controls&quot;:&quot;yes&quot;}\" data-widget_type=\"video.default\">\n\t\t\t\t<div class=\"elementor-widget-container\">\n\t\t\t\t\t\t\t<div class=\"elementor-wrapper elementor-open-inline\">\n\t\t\t<div class=\"elementor-video\"><\/div>\t\t<\/div>\n\t\t\t\t\t\t<\/div>\n\t\t\t\t<\/div>\n\t\t\t\t<div class=\"elementor-element elementor-element-58c235a6 elementor-arrows-position-outside elementor-pagination-position-outside elementor-widget elementor-widget-image-carousel\" data-id=\"58c235a6\" data-element_type=\"widget\" data-e-type=\"widget\" data-settings=\"{&quot;slides_to_show&quot;:&quot;3&quot;,&quot;slides_to_scroll&quot;:&quot;3&quot;,&quot;image_spacing_custom&quot;:{&quot;unit&quot;:&quot;px&quot;,&quot;size&quot;:10,&quot;sizes&quot;:[]},&quot;navigation&quot;:&quot;both&quot;,&quot;autoplay&quot;:&quot;yes&quot;,&quot;pause_on_hover&quot;:&quot;yes&quot;,&quot;pause_on_interaction&quot;:&quot;yes&quot;,&quot;autoplay_speed&quot;:5000,&quot;infinite&quot;:&quot;yes&quot;,&quot;speed&quot;:500,&quot;image_spacing_custom_tablet&quot;:{&quot;unit&quot;:&quot;px&quot;,&quot;size&quot;:&quot;&quot;,&quot;sizes&quot;:[]},&quot;image_spacing_custom_mobile&quot;:{&quot;unit&quot;:&quot;px&quot;,&quot;size&quot;:&quot;&quot;,&quot;sizes&quot;:[]}}\" data-widget_type=\"image-carousel.default\">\n\t\t\t\t<div class=\"elementor-widget-container\">\n\t\t\t\t\t\t\t<div class=\"elementor-image-carousel-wrapper swiper\" role=\"region\" aria-roledescription=\"carousel\" aria-label=\"Carrousel d\u2019images\" dir=\"ltr\">\n\t\t\t<div class=\"elementor-image-carousel swiper-wrapper\" aria-live=\"off\">\n\t\t\t\t\t\t\t\t<div class=\"swiper-slide\" role=\"group\" aria-roledescription=\"slide\" aria-label=\"1 of 4\" data-no-translation-aria-label=\"\"><a data-elementor-open-lightbox=\"yes\" data-elementor-lightbox-slideshow=\"58c235a6\" data-elementor-lightbox-title=\"casse-noisette-bd-1\" data-e-action-hash=\"#elementor-action%3Aaction%3Dlightbox%26settings%3DeyJpZCI6ODQ3MiwidXJsIjoiaHR0cHM6XC9cL2luZGlnby1wcm9kdWN0aW9ucy5mclwvd3AtY29udGVudFwvdXBsb2Fkc1wvMjAyNVwvMDVcL2Nhc3NlLW5vaXNldHRlLWJkLTEtc2NhbGVkLmpwZyIsInNsaWRlc2hvdyI6IjU4YzIzNWE2In0%3D\" href=\"https:\/\/indigo-productions.fr\/wp-content\/uploads\/2025\/05\/casse-noisette-bd-1-scaled.jpg\"><figure class=\"swiper-slide-inner\"><img decoding=\"async\" class=\"swiper-slide-image\" src=\"https:\/\/indigo-productions.fr\/wp-content\/uploads\/2025\/05\/casse-noisette-bd-1-scaled.jpg\" alt=\"casse-noisette-bd-1\" \/><\/figure><\/a><\/div><div class=\"swiper-slide\" role=\"group\" aria-roledescription=\"slide\" aria-label=\"2 of 4\" data-no-translation-aria-label=\"\"><a data-elementor-open-lightbox=\"yes\" data-elementor-lightbox-slideshow=\"58c235a6\" data-elementor-lightbox-title=\"casse-noisette-bd-3\" data-e-action-hash=\"#elementor-action%3Aaction%3Dlightbox%26settings%3DeyJpZCI6ODQ3NCwidXJsIjoiaHR0cHM6XC9cL2luZGlnby1wcm9kdWN0aW9ucy5mclwvd3AtY29udGVudFwvdXBsb2Fkc1wvMjAyNVwvMDVcL2Nhc3NlLW5vaXNldHRlLWJkLTMtc2NhbGVkLmpwZyIsInNsaWRlc2hvdyI6IjU4YzIzNWE2In0%3D\" href=\"https:\/\/indigo-productions.fr\/wp-content\/uploads\/2025\/05\/casse-noisette-bd-3-scaled.jpg\"><figure class=\"swiper-slide-inner\"><img decoding=\"async\" class=\"swiper-slide-image\" src=\"https:\/\/indigo-productions.fr\/wp-content\/uploads\/2025\/05\/casse-noisette-bd-3-scaled.jpg\" alt=\"casse-noisette-bd-3\" \/><\/figure><\/a><\/div><div class=\"swiper-slide\" role=\"group\" aria-roledescription=\"slide\" aria-label=\"3 of 4\" data-no-translation-aria-label=\"\"><a data-elementor-open-lightbox=\"yes\" data-elementor-lightbox-slideshow=\"58c235a6\" data-elementor-lightbox-title=\"casse-noisette-bd-4\" data-e-action-hash=\"#elementor-action%3Aaction%3Dlightbox%26settings%3DeyJpZCI6ODQ3NSwidXJsIjoiaHR0cHM6XC9cL2luZGlnby1wcm9kdWN0aW9ucy5mclwvd3AtY29udGVudFwvdXBsb2Fkc1wvMjAyNVwvMDVcL2Nhc3NlLW5vaXNldHRlLWJkLTQtc2NhbGVkLmpwZyIsInNsaWRlc2hvdyI6IjU4YzIzNWE2In0%3D\" href=\"https:\/\/indigo-productions.fr\/wp-content\/uploads\/2025\/05\/casse-noisette-bd-4-scaled.jpg\"><figure class=\"swiper-slide-inner\"><img decoding=\"async\" class=\"swiper-slide-image\" src=\"https:\/\/indigo-productions.fr\/wp-content\/uploads\/2025\/05\/casse-noisette-bd-4-scaled.jpg\" alt=\"casse-noisette-bd-4\" \/><\/figure><\/a><\/div><div class=\"swiper-slide\" role=\"group\" aria-roledescription=\"slide\" aria-label=\"4 of 4\" data-no-translation-aria-label=\"\"><a data-elementor-open-lightbox=\"yes\" data-elementor-lightbox-slideshow=\"58c235a6\" data-elementor-lightbox-title=\"casse-noisette-bd-2\" data-e-action-hash=\"#elementor-action%3Aaction%3Dlightbox%26settings%3DeyJpZCI6ODQ3MywidXJsIjoiaHR0cHM6XC9cL2luZGlnby1wcm9kdWN0aW9ucy5mclwvd3AtY29udGVudFwvdXBsb2Fkc1wvMjAyNVwvMDVcL2Nhc3NlLW5vaXNldHRlLWJkLTItc2NhbGVkLmpwZyIsInNsaWRlc2hvdyI6IjU4YzIzNWE2In0%3D\" href=\"https:\/\/indigo-productions.fr\/wp-content\/uploads\/2025\/05\/casse-noisette-bd-2-scaled.jpg\"><figure class=\"swiper-slide-inner\"><img decoding=\"async\" class=\"swiper-slide-image\" src=\"https:\/\/indigo-productions.fr\/wp-content\/uploads\/2025\/05\/casse-noisette-bd-2-scaled.jpg\" alt=\"casse-noisette-bd-2\" \/><\/figure><\/a><\/div>\t\t\t<\/div>\n\t\t\t\t\t\t\t\t\t\t\t\t<div class=\"elementor-swiper-button elementor-swiper-button-prev\" role=\"button\" tabindex=\"0\">\n\t\t\t\t\t\t<i aria-hidden=\"true\" class=\"eicon-chevron-left\"><\/i>\t\t\t\t\t<\/div>\n\t\t\t\t\t<div class=\"elementor-swiper-button elementor-swiper-button-next\" role=\"button\" tabindex=\"0\">\n\t\t\t\t\t\t<i aria-hidden=\"true\" class=\"eicon-chevron-right\"><\/i>\t\t\t\t\t<\/div>\n\t\t\t\t\n\t\t\t\t\t\t\t\t\t<div class=\"swiper-pagination\"><\/div>\n\t\t\t\t\t\t\t\t\t<\/div>\n\t\t\t\t\t\t<\/div>\n\t\t\t\t<\/div>\n\t\t\t\t\t<\/div>\n\t\t\t\t<\/div>\n\t\t<div class=\"elementor-element elementor-element-2cf7a0cb e-flex e-con-boxed e-con e-parent\" data-id=\"2cf7a0cb\" data-element_type=\"container\" data-e-type=\"container\" data-settings=\"{&quot;background_background&quot;:&quot;classic&quot;,&quot;jet_parallax_layout_list&quot;:[]}\">\n\t\t\t\t\t<div class=\"e-con-inner\">\n\t\t<div class=\"elementor-element elementor-element-61b9fa0a e-con-full e-flex e-con e-child\" data-id=\"61b9fa0a\" data-element_type=\"container\" data-e-type=\"container\" data-settings=\"{&quot;jet_parallax_layout_list&quot;:[]}\">\n\t\t\t\t<div class=\"elementor-element elementor-element-1b2ea05f elementor-align-center elementor-widget elementor-widget-button\" data-id=\"1b2ea05f\" data-element_type=\"widget\" data-e-type=\"widget\" data-widget_type=\"button.default\">\n\t\t\t\t<div class=\"elementor-widget-container\">\n\t\t\t\t\t\t\t\t\t<div class=\"elementor-button-wrapper\">\n\t\t\t\t\t<a class=\"elementor-button elementor-button-link elementor-size-sm\" href=\"https:\/\/indigo-productions.fr\/en\/agenda\/liste\/?tribe_eventcategory%5B0%5D=40\">\n\t\t\t\t\t\t<span class=\"elementor-button-content-wrapper\">\n\t\t\t\t\t\t\t\t\t<span class=\"elementor-button-text\">Voir les dates de la Tourn\u00e9e &amp; r\u00e9server<\/span>\n\t\t\t\t\t<\/span>\n\t\t\t\t\t<\/a>\n\t\t\t\t<\/div>\n\t\t\t\t\t\t\t\t<\/div>\n\t\t\t\t<\/div>\n\t\t\t\t<\/div>\n\t\t\t\t\t<\/div>\n\t\t\t\t<\/div>\n\t\t\t\t<\/div>","protected":false},"excerpt":{"rendered":"<p>UN ballet magique &#038; f\u00e9\u00e9rique Le ballet magique \u00ab Casse-noisette \u00bb fait son entr\u00e9e traditionnelle sur sc\u00e8ne en hiver. C\u2019est un v\u00e9ritable chef d\u2019\u0153uvre musical et chor\u00e9graphique !Le soir de [&hellip;]<\/p>\n","protected":false},"author":6,"featured_media":0,"parent":0,"menu_order":0,"comment_status":"closed","ping_status":"closed","template":"","meta":{"footnotes":""},"class_list":["post-4148","page","type-page","status-publish","hentry"],"_links":{"self":[{"href":"https:\/\/indigo-productions.fr\/en\/wp-json\/wp\/v2\/pages\/4148","targetHints":{"allow":["GET"]}}],"collection":[{"href":"https:\/\/indigo-productions.fr\/en\/wp-json\/wp\/v2\/pages"}],"about":[{"href":"https:\/\/indigo-productions.fr\/en\/wp-json\/wp\/v2\/types\/page"}],"author":[{"embeddable":true,"href":"https:\/\/indigo-productions.fr\/en\/wp-json\/wp\/v2\/users\/6"}],"replies":[{"embeddable":true,"href":"https:\/\/indigo-productions.fr\/en\/wp-json\/wp\/v2\/comments?post=4148"}],"version-history":[{"count":6,"href":"https:\/\/indigo-productions.fr\/en\/wp-json\/wp\/v2\/pages\/4148\/revisions"}],"predecessor-version":[{"id":8481,"href":"https:\/\/indigo-productions.fr\/en\/wp-json\/wp\/v2\/pages\/4148\/revisions\/8481"}],"wp:attachment":[{"href":"https:\/\/indigo-productions.fr\/en\/wp-json\/wp\/v2\/media?parent=4148"}],"curies":[{"name":"wp","href":"https:\/\/api.w.org\/{rel}","templated":true}]}}