{"id":3854,"date":"2023-12-27T17:22:31","date_gmt":"2023-12-27T16:22:31","guid":{"rendered":"https:\/\/indigo-productions.fr\/?page_id=3854"},"modified":"2026-04-07T16:25:17","modified_gmt":"2026-04-07T14:25:17","slug":"mentions-legales","status":"publish","type":"page","link":"https:\/\/indigo-productions.fr\/en\/mentions-legales\/","title":{"rendered":"Legal Notice"},"content":{"rendered":"<div data-elementor-type=\"wp-page\" data-elementor-id=\"3854\" class=\"elementor elementor-3854\" data-elementor-post-type=\"page\">\n\t\t\t\t<div class=\"elementor-element elementor-element-3697d7d e-flex e-con-boxed e-con e-parent\" data-id=\"3697d7d\" data-element_type=\"container\" data-e-type=\"container\" data-settings=\"{&quot;jet_parallax_layout_list&quot;:[]}\">\n\t\t\t\t\t<div class=\"e-con-inner\">\n\t\t\t\t<div class=\"elementor-element elementor-element-5d7286a elementor-widget elementor-widget-text-editor\" data-id=\"5d7286a\" data-element_type=\"widget\" data-e-type=\"widget\" data-widget_type=\"text-editor.default\">\n\t\t\t\t<div class=\"elementor-widget-container\">\n\t\t\t\t\t\t\t\t\t<p>Ce site web est la propri\u00e9t\u00e9 de la sarl INDIGO PRODUCTIONS,<br \/>soci\u00e9t\u00e9 \u00e0 responsabilit\u00e9 limit\u00e9e, dont le si\u00e8ge social est situ\u00e9<\/p><p>113 bis rue de Nambot<br \/>79000 Niort cedex<br \/>FRANCE<\/p><p><strong><span style=\"color: #ffcc44;\">DIRECTRICE DE LA PUBLICATION :<\/span><\/strong><br \/>Anne STENDER<\/p><p><strong><span style=\"color: #ffcc44;\">CONCEPTION :<\/span><\/strong><\/p><p>\u200b<a href=\"https:\/\/christophe-simon.com\/\" target=\"_blank\" rel=\"noopener\"><img decoding=\"async\" class=\"alignnone wp-image-3711\" src=\"https:\/\/eponim-migration.fr\/wp-content\/uploads\/2023\/12\/christophe-simon_signature.svg\" alt=\"\" width=\"197\" height=\"42\" \/><\/a><\/p><p>51 Route de Fressines<br \/>79370 MOUGON<br \/>FRANCE<\/p><p>&amp;<br \/><a href=\"https:\/\/www.eponim.com\" target=\"_blank\" rel=\"noopener\">EPONIM<\/a><br \/>157, avenue de LIMOGEs<br \/>79000 NIORT<\/p><p><strong><span style=\"color: #ffcc44;\">H\u00c9BERGEMENT :<\/span><\/strong><\/p><p>Ce site est h\u00e9berg\u00e9 par<br \/>DATACAMPUS,<br \/>35 Rue du Grand Puits<br \/>79230 VOUILLE<br \/>\u00a0RCS NIORT 799 902 051<br \/>sales@datacampus.fr<br \/>+33 516 640 075.<\/p><p><strong><span style=\"color: #ffcc44;\">PROPRI\u00c9T\u00c9 INTELLECTUELLE :<\/span><\/strong><\/p><p>Le contenu de ce site Web est la propri\u00e9t\u00e9 de la SARL INDIGO PRODUCTIONS.<br \/>Vous avez l\u2019autorisation de consulter les donn\u00e9es qu\u2019il contient pour votre seule utilisation personnelle non commerciale, <br \/>ce qui exclut toute exploitation commerciale<br \/>\u00e0 un niveau local, national ou international.<br \/>Notamment, aucun logo, texte, son, graphique ou image contenus dans le site ne pourrait \u00eatre copi\u00e9, reproduit,<br \/>modifi\u00e9, publi\u00e9, \u00e9mis, post\u00e9, transmis ou distribu\u00e9<br \/>par quelques moyens que ce soit sans l\u2019autorisation pr\u00e9alable \u00e9crite de la SARL<br \/>INDIGO PRODUCTIONS.<\/p><p>En cas d\u2019utilisation des photos pour la partie PRESSE,<br \/>le cr\u00e9dit photo doit obligatoirement appara\u00eetre :<br \/>\u00a9 www.philippefretault.com<\/p><p><strong><span style=\"color: #ffcc44;\">LIENS HYPERTEXTES :<\/span><\/strong><br \/>Les pages de ce site Web pourront pr\u00e9senter des liens avec d\u2019autres sites<br \/>ou faire des renvois \u00e0 d\u2019autres sites.<br \/>La SARL INDIGO PRODUCTIONS ne se porte pas garant du contenu de ces autres sites<br \/>et ne pourra \u00eatre tenue responsable des dommages r\u00e9sultant de l\u2019utilisation<br \/>de contenu de ces sites.<\/p><p>Les liens vers d\u2019autres sites ne sont fournis que pour la commodit\u00e9 de l\u2019utilisateur<br \/>de ce site Web.<\/p><p><span style=\"color: #ffcc44;\"><strong>RESPONSABILIT\u00c9S :<\/strong><\/span><br \/>La SARL INDIGO PRODUCTIONS ne pourra \u00eatre tenue responsable de tout dommage direct ou indirect issu d\u2019une interruption,<br \/>d\u2019un dysfonctionnement quel qu\u2019il soit, et ce pour quelque raison que ce soit, ou encore de tout dommage direct ou indirect<br \/>qui r\u00e9sulterait, d\u2019une fa\u00e7on quelconque, d\u2019une connexion au site.<\/p><p>La connexion de toute personne au site se fait sous son enti\u00e8re responsabilit\u00e9.<\/p><p><br \/><span style=\"color: #ffcc44;\"><strong>PROTECTION DES DONN\u00c9ES PERSONNELLES :<br \/><\/strong><\/span>Conform\u00e9ment \u00e0 la loi Informatique et Libert\u00e9s n\u00b0 78-17 du 6 janvier 1978, vous disposez d\u2019un droit d\u2019acc\u00e8s,<br \/>de rectification et de suppression des donn\u00e9es vous concernant.<br \/>POUR TOUTE UTILISATION OU QUESTION, CONTACTEZ :<br \/>INDIGO PRODUCTIONS<br \/>113 bis rue de Nambot<br \/>79000 Niort<br \/>FRANCE<br \/>Phone : +33 (0)5 49 73 66 16<br \/>Fax : +33 (0)5 49 73 61 88<\/p>\t\t\t\t\t\t\t\t<\/div>\n\t\t\t\t<\/div>\n\t\t\t\t\t<\/div>\n\t\t\t\t<\/div>\n\t\t\t\t<\/div>","protected":false},"excerpt":{"rendered":"<p>Ce site web est la propri\u00e9t\u00e9 de la sarl INDIGO PRODUCTIONS,soci\u00e9t\u00e9 \u00e0 responsabilit\u00e9 limit\u00e9e, dont le si\u00e8ge social est situ\u00e9 113 bis rue de Nambot79000 Niort cedexFRANCE DIRECTRICE DE LA [&hellip;]<\/p>\n","protected":false},"author":1,"featured_media":0,"parent":0,"menu_order":0,"comment_status":"closed","ping_status":"closed","template":"","meta":{"footnotes":""},"class_list":["post-3854","page","type-page","status-publish","hentry"],"_links":{"self":[{"href":"https:\/\/indigo-productions.fr\/en\/wp-json\/wp\/v2\/pages\/3854","targetHints":{"allow":["GET"]}}],"collection":[{"href":"https:\/\/indigo-productions.fr\/en\/wp-json\/wp\/v2\/pages"}],"about":[{"href":"https:\/\/indigo-productions.fr\/en\/wp-json\/wp\/v2\/types\/page"}],"author":[{"embeddable":true,"href":"https:\/\/indigo-productions.fr\/en\/wp-json\/wp\/v2\/users\/1"}],"replies":[{"embeddable":true,"href":"https:\/\/indigo-productions.fr\/en\/wp-json\/wp\/v2\/comments?post=3854"}],"version-history":[{"count":0,"href":"https:\/\/indigo-productions.fr\/en\/wp-json\/wp\/v2\/pages\/3854\/revisions"}],"wp:attachment":[{"href":"https:\/\/indigo-productions.fr\/en\/wp-json\/wp\/v2\/media?parent=3854"}],"curies":[{"name":"wp","href":"https:\/\/api.w.org\/{rel}","templated":true}]}}