{"id":2957,"date":"2023-12-18T14:40:30","date_gmt":"2023-12-18T13:40:30","guid":{"rendered":"https:\/\/indigo-productions.fr\/?page_id=2957"},"modified":"2026-04-09T16:26:53","modified_gmt":"2026-04-09T14:26:53","slug":"larsene","status":"publish","type":"page","link":"https:\/\/indigo-productions.fr\/en\/larsene\/","title":{"rendered":"Larsene"},"content":{"rendered":"<div data-elementor-type=\"wp-page\" data-elementor-id=\"2957\" class=\"elementor elementor-2957\" data-elementor-post-type=\"page\">\n\t\t\t\t<div class=\"elementor-element elementor-element-36bba1c7 elementor-hidden-mobile e-flex e-con-boxed e-con e-parent\" data-id=\"36bba1c7\" data-element_type=\"container\" data-e-type=\"container\" data-settings=\"{&quot;jet_parallax_layout_list&quot;:[]}\">\n\t\t\t\t\t<div class=\"e-con-inner\">\n\t\t\t\t<div class=\"elementor-element elementor-element-7766ee89 elementor-widget elementor-widget-image\" data-id=\"7766ee89\" data-element_type=\"widget\" data-e-type=\"widget\" data-widget_type=\"image.default\">\n\t\t\t\t<div class=\"elementor-widget-container\">\n\t\t\t\t\t\t\t\t\t\t\t\t\t\t\t<img fetchpriority=\"high\" decoding=\"async\" width=\"1920\" height=\"1080\" src=\"https:\/\/indigo-productions.fr\/wp-content\/uploads\/2023\/12\/LARSENE-visuel-slider.jpg\" class=\"attachment-full size-full wp-image-3638\" alt=\"\" srcset=\"https:\/\/indigo-productions.fr\/wp-content\/uploads\/2023\/12\/LARSENE-visuel-slider.jpg 1920w, https:\/\/indigo-productions.fr\/wp-content\/uploads\/2023\/12\/LARSENE-visuel-slider-300x169.jpg 300w, https:\/\/indigo-productions.fr\/wp-content\/uploads\/2023\/12\/LARSENE-visuel-slider-1024x576.jpg 1024w, https:\/\/indigo-productions.fr\/wp-content\/uploads\/2023\/12\/LARSENE-visuel-slider-768x432.jpg 768w, https:\/\/indigo-productions.fr\/wp-content\/uploads\/2023\/12\/LARSENE-visuel-slider-1536x864.jpg 1536w, https:\/\/indigo-productions.fr\/wp-content\/uploads\/2023\/12\/LARSENE-visuel-slider-18x10.jpg 18w, https:\/\/indigo-productions.fr\/wp-content\/uploads\/2023\/12\/LARSENE-visuel-slider-150x85.jpg 150w, https:\/\/indigo-productions.fr\/wp-content\/uploads\/2023\/12\/LARSENE-visuel-slider-600x338.jpg 600w\" sizes=\"(max-width: 1920px) 100vw, 1920px\" \/>\t\t\t\t\t\t\t\t\t\t\t\t\t\t\t<\/div>\n\t\t\t\t<\/div>\n\t\t\t\t\t<\/div>\n\t\t\t\t<\/div>\n\t\t<div class=\"elementor-element elementor-element-09e825c elementor-hidden-desktop e-flex e-con-boxed e-con e-parent\" data-id=\"09e825c\" data-element_type=\"container\" data-e-type=\"container\" data-settings=\"{&quot;jet_parallax_layout_list&quot;:[]}\">\n\t\t\t\t\t<div class=\"e-con-inner\">\n\t\t\t\t<div class=\"elementor-element elementor-element-e34dfcc elementor-widget elementor-widget-image\" data-id=\"e34dfcc\" data-element_type=\"widget\" data-e-type=\"widget\" data-widget_type=\"image.default\">\n\t\t\t\t<div class=\"elementor-widget-container\">\n\t\t\t\t\t\t\t\t\t\t\t\t\t\t\t<img decoding=\"async\" width=\"1024\" height=\"1024\" src=\"https:\/\/indigo-productions.fr\/wp-content\/uploads\/2024\/07\/larsene-1080x1080-sans-logos-1024x1024.jpg\" class=\"attachment-large size-large wp-image-4277\" alt=\"\" srcset=\"https:\/\/indigo-productions.fr\/wp-content\/uploads\/2024\/07\/larsene-1080x1080-sans-logos-1024x1024.jpg 1024w, https:\/\/indigo-productions.fr\/wp-content\/uploads\/2024\/07\/larsene-1080x1080-sans-logos-300x300.jpg 300w, https:\/\/indigo-productions.fr\/wp-content\/uploads\/2024\/07\/larsene-1080x1080-sans-logos-150x150.jpg 150w, https:\/\/indigo-productions.fr\/wp-content\/uploads\/2024\/07\/larsene-1080x1080-sans-logos-768x768.jpg 768w, https:\/\/indigo-productions.fr\/wp-content\/uploads\/2024\/07\/larsene-1080x1080-sans-logos-12x12.jpg 12w, https:\/\/indigo-productions.fr\/wp-content\/uploads\/2024\/07\/larsene-1080x1080-sans-logos-230x230.jpg 230w, https:\/\/indigo-productions.fr\/wp-content\/uploads\/2024\/07\/larsene-1080x1080-sans-logos-400x400.jpg 400w, https:\/\/indigo-productions.fr\/wp-content\/uploads\/2024\/07\/larsene-1080x1080-sans-logos-600x600.jpg 600w, https:\/\/indigo-productions.fr\/wp-content\/uploads\/2024\/07\/larsene-1080x1080-sans-logos-640x640.jpg 640w, https:\/\/indigo-productions.fr\/wp-content\/uploads\/2024\/07\/larsene-1080x1080-sans-logos.jpg 1080w\" sizes=\"(max-width: 1024px) 100vw, 1024px\" \/>\t\t\t\t\t\t\t\t\t\t\t\t\t\t\t<\/div>\n\t\t\t\t<\/div>\n\t\t\t\t\t<\/div>\n\t\t\t\t<\/div>\n\t\t<div class=\"elementor-element elementor-element-1b5886e4 e-flex e-con-boxed e-con e-parent\" data-id=\"1b5886e4\" data-element_type=\"container\" data-e-type=\"container\" data-settings=\"{&quot;jet_parallax_layout_list&quot;:[]}\">\n\t\t\t\t\t<div class=\"e-con-inner\">\n\t\t\t\t<div class=\"elementor-element elementor-element-2d00f8bd elementor-widget elementor-widget-heading\" data-id=\"2d00f8bd\" data-element_type=\"widget\" data-e-type=\"widget\" data-widget_type=\"heading.default\">\n\t\t\t\t<div class=\"elementor-widget-container\">\n\t\t\t\t\t<h2 class=\"elementor-heading-title elementor-size-default\">Son plus beau tour de magie, c'est vous !<\/h2>\t\t\t\t<\/div>\n\t\t\t\t<\/div>\n\t\t\t\t<div class=\"elementor-element elementor-element-48e711d8 elementor-widget elementor-widget-text-editor\" data-id=\"48e711d8\" data-element_type=\"widget\" data-e-type=\"widget\" data-widget_type=\"text-editor.default\">\n\t\t\t\t<div class=\"elementor-widget-container\">\n\t\t\t\t\t\t\t\t\t<p>Tant de c\u00e9l\u00e9brit\u00e9s du monde du cin\u00e9ma, du sport, des m\u00e9dias notamment voient en lui \u00ab le plus grand magicien de tous ! \u00bb que l\u2019on pourrait utiliser mille superlatifs pour d\u00e9crire le talent et la dext\u00e9rit\u00e9 de LARSENE, l\u2019immense magicien-mentaliste. Mille superlatifs comme autant de morceaux de ce journal qu\u2019il r\u00e9duit en miettes chaque soir sur sc\u00e8ne pour mieux le reconstituer, \u00e0 l\u2019identique, sous les yeux \u00e9bahis de spectateurs incapables de comprendre ce qu\u2019il se passe\u2026 Alors certes, LARSENE est un v\u00e9ritable alchimiste de l\u2019interaction corrosive avec un public dont il joue avec agilit\u00e9 et bienveillance\u2026 m\u00eame si en effet, \u00ab \u00e7a peut parfois \u00e9nerver ! \u00bb de ne pas percer ses insondables myst\u00e8res.<\/p><p>Toutefois, il est tr\u00e8s facile de se faire pardonner quand on est un mentaliste dont l\u2019humour ravageur vous retourne\u2026 comme une cr\u00eape ! Il est ce genre de guide qui sait vous perdre dans son voyage virevoltant d\u2019une heure quinze minutes pour vous faire vivre une exp\u00e9rience unique et inoubliable. Le tout comme un sport (son terrain de jeu pr\u00e9f\u00e9r\u00e9 !) que vous n\u2019auriez jamais pratiqu\u00e9 et qui fait que vous ressortiriez de ce stand-up, huil\u00e9 \u00e0 merveille, totalement chamboul\u00e9. Et si finalement son plus beau tour de magie c\u2019\u00e9tait vous ?!<\/p><p>Interpr\u00e9tation captivante et envoutante, mise en sc\u00e8ne magn\u00e9tique et enchanteresse, le show de LARSENE est tout simplement euphorisant, fascinant et grisant : on jubile,<br \/>litt\u00e9ralement !<\/p>\t\t\t\t\t\t\t\t<\/div>\n\t\t\t\t<\/div>\n\t\t\t\t<div class=\"elementor-element elementor-element-7676cb82 elementor-widget elementor-widget-video\" data-id=\"7676cb82\" data-element_type=\"widget\" data-e-type=\"widget\" data-settings=\"{&quot;youtube_url&quot;:&quot;https:\\\/\\\/youtu.be\\\/wZAPH-59BIM?si=On5H-QZNdBPLCxqf&quot;,&quot;show_image_overlay&quot;:&quot;yes&quot;,&quot;image_overlay&quot;:{&quot;url&quot;:&quot;&quot;,&quot;id&quot;:&quot;&quot;,&quot;size&quot;:&quot;&quot;},&quot;video_type&quot;:&quot;youtube&quot;,&quot;controls&quot;:&quot;yes&quot;}\" data-widget_type=\"video.default\">\n\t\t\t\t<div class=\"elementor-widget-container\">\n\t\t\t\t\t\t\t<div class=\"elementor-wrapper elementor-open-inline\">\n\t\t\t<div class=\"elementor-video\"><\/div>\t\t<\/div>\n\t\t\t\t\t\t<\/div>\n\t\t\t\t<\/div>\n\t\t\t\t\t<\/div>\n\t\t\t\t<\/div>\n\t\t<div class=\"elementor-element elementor-element-39b98d3 e-flex e-con-boxed e-con e-parent\" data-id=\"39b98d3\" data-element_type=\"container\" data-e-type=\"container\" data-settings=\"{&quot;jet_parallax_layout_list&quot;:[]}\">\n\t\t\t\t\t<div class=\"e-con-inner\">\n\t\t\t\t<div class=\"elementor-element elementor-element-d38211a elementor-arrows-position-inside elementor-pagination-position-outside elementor-widget elementor-widget-image-carousel\" data-id=\"d38211a\" data-element_type=\"widget\" data-e-type=\"widget\" data-settings=\"{&quot;slides_to_show&quot;:&quot;3&quot;,&quot;slides_to_scroll&quot;:&quot;4&quot;,&quot;image_spacing_custom&quot;:{&quot;unit&quot;:&quot;px&quot;,&quot;size&quot;:10,&quot;sizes&quot;:[]},&quot;navigation&quot;:&quot;both&quot;,&quot;autoplay&quot;:&quot;yes&quot;,&quot;pause_on_hover&quot;:&quot;yes&quot;,&quot;pause_on_interaction&quot;:&quot;yes&quot;,&quot;autoplay_speed&quot;:5000,&quot;infinite&quot;:&quot;yes&quot;,&quot;speed&quot;:500,&quot;image_spacing_custom_tablet&quot;:{&quot;unit&quot;:&quot;px&quot;,&quot;size&quot;:&quot;&quot;,&quot;sizes&quot;:[]},&quot;image_spacing_custom_mobile&quot;:{&quot;unit&quot;:&quot;px&quot;,&quot;size&quot;:&quot;&quot;,&quot;sizes&quot;:[]}}\" data-widget_type=\"image-carousel.default\">\n\t\t\t\t<div class=\"elementor-widget-container\">\n\t\t\t\t\t\t\t<div class=\"elementor-image-carousel-wrapper swiper\" role=\"region\" aria-roledescription=\"carousel\" aria-label=\"Carrousel d\u2019images\" dir=\"ltr\">\n\t\t\t<div class=\"elementor-image-carousel swiper-wrapper\" aria-live=\"off\">\n\t\t\t\t\t\t\t\t<div class=\"swiper-slide\" role=\"group\" aria-roledescription=\"slide\" aria-label=\"1 sur 4\"><a data-elementor-open-lightbox=\"yes\" data-elementor-lightbox-slideshow=\"d38211a\" data-elementor-lightbox-title=\"larsene-scene-1\" data-e-action-hash=\"#elementor-action%3Aaction%3Dlightbox%26settings%3DeyJpZCI6MzkwMCwidXJsIjoiaHR0cHM6XC9cL2luZGlnby1wcm9kdWN0aW9ucy5mclwvd3AtY29udGVudFwvdXBsb2Fkc1wvMjAyM1wvMTJcL2xhcnNlbmUtc2NlbmUtMS5qcGciLCJzbGlkZXNob3ciOiJkMzgyMTFhIn0%3D\" href=\"https:\/\/indigo-productions.fr\/wp-content\/uploads\/2023\/12\/larsene-scene-1.jpg\"><figure class=\"swiper-slide-inner\"><img decoding=\"async\" class=\"swiper-slide-image\" src=\"https:\/\/indigo-productions.fr\/wp-content\/uploads\/2023\/12\/larsene-scene-1.jpg\" alt=\"larsene-scene-1\" \/><\/figure><\/a><\/div><div class=\"swiper-slide\" role=\"group\" aria-roledescription=\"slide\" aria-label=\"2 sur 4\"><a data-elementor-open-lightbox=\"yes\" data-elementor-lightbox-slideshow=\"d38211a\" data-elementor-lightbox-title=\"larsene-scene-2\" data-e-action-hash=\"#elementor-action%3Aaction%3Dlightbox%26settings%3DeyJpZCI6MzkwMSwidXJsIjoiaHR0cHM6XC9cL2luZGlnby1wcm9kdWN0aW9ucy5mclwvd3AtY29udGVudFwvdXBsb2Fkc1wvMjAyM1wvMTJcL2xhcnNlbmUtc2NlbmUtMi5qcGciLCJzbGlkZXNob3ciOiJkMzgyMTFhIn0%3D\" href=\"https:\/\/indigo-productions.fr\/wp-content\/uploads\/2023\/12\/larsene-scene-2.jpg\"><figure class=\"swiper-slide-inner\"><img decoding=\"async\" class=\"swiper-slide-image\" src=\"https:\/\/indigo-productions.fr\/wp-content\/uploads\/2023\/12\/larsene-scene-2.jpg\" alt=\"larsene-scene-2\" \/><\/figure><\/a><\/div><div class=\"swiper-slide\" role=\"group\" aria-roledescription=\"slide\" aria-label=\"3 sur 4\"><a data-elementor-open-lightbox=\"yes\" data-elementor-lightbox-slideshow=\"d38211a\" data-elementor-lightbox-title=\"larsene-scene-3\" data-e-action-hash=\"#elementor-action%3Aaction%3Dlightbox%26settings%3DeyJpZCI6MzkwMywidXJsIjoiaHR0cHM6XC9cL2luZGlnby1wcm9kdWN0aW9ucy5mclwvd3AtY29udGVudFwvdXBsb2Fkc1wvMjAyM1wvMTJcL2xhcnNlbmUtc2NlbmUtMy5qcGciLCJzbGlkZXNob3ciOiJkMzgyMTFhIn0%3D\" href=\"https:\/\/indigo-productions.fr\/wp-content\/uploads\/2023\/12\/larsene-scene-3.jpg\"><figure class=\"swiper-slide-inner\"><img decoding=\"async\" class=\"swiper-slide-image\" src=\"https:\/\/indigo-productions.fr\/wp-content\/uploads\/2023\/12\/larsene-scene-3.jpg\" alt=\"larsene-scene-3\" \/><\/figure><\/a><\/div><div class=\"swiper-slide\" role=\"group\" aria-roledescription=\"slide\" aria-label=\"4 sur 4\"><a data-elementor-open-lightbox=\"yes\" data-elementor-lightbox-slideshow=\"d38211a\" data-elementor-lightbox-title=\"larsene-scene-4\" data-e-action-hash=\"#elementor-action%3Aaction%3Dlightbox%26settings%3DeyJpZCI6MzkwNCwidXJsIjoiaHR0cHM6XC9cL2luZGlnby1wcm9kdWN0aW9ucy5mclwvd3AtY29udGVudFwvdXBsb2Fkc1wvMjAyM1wvMTJcL2xhcnNlbmUtc2NlbmUtNC5qcGciLCJzbGlkZXNob3ciOiJkMzgyMTFhIn0%3D\" href=\"https:\/\/indigo-productions.fr\/wp-content\/uploads\/2023\/12\/larsene-scene-4.jpg\"><figure class=\"swiper-slide-inner\"><img decoding=\"async\" class=\"swiper-slide-image\" src=\"https:\/\/indigo-productions.fr\/wp-content\/uploads\/2023\/12\/larsene-scene-4.jpg\" alt=\"larsene-scene-4\" \/><\/figure><\/a><\/div>\t\t\t<\/div>\n\t\t\t\t\t\t\t\t\t\t\t\t<div class=\"elementor-swiper-button elementor-swiper-button-prev\" role=\"button\" tabindex=\"0\">\n\t\t\t\t\t\t<i aria-hidden=\"true\" class=\"eicon-chevron-left\"><\/i>\t\t\t\t\t<\/div>\n\t\t\t\t\t<div class=\"elementor-swiper-button elementor-swiper-button-next\" role=\"button\" tabindex=\"0\">\n\t\t\t\t\t\t<i aria-hidden=\"true\" class=\"eicon-chevron-right\"><\/i>\t\t\t\t\t<\/div>\n\t\t\t\t\n\t\t\t\t\t\t\t\t\t<div class=\"swiper-pagination\"><\/div>\n\t\t\t\t\t\t\t\t\t<\/div>\n\t\t\t\t\t\t<\/div>\n\t\t\t\t<\/div>\n\t\t\t\t\t<\/div>\n\t\t\t\t<\/div>\n\t\t<div class=\"elementor-element elementor-element-f575e0c e-flex e-con-boxed e-con e-parent\" data-id=\"f575e0c\" data-element_type=\"container\" data-e-type=\"container\" data-settings=\"{&quot;jet_parallax_layout_list&quot;:[]}\">\n\t\t\t\t\t<div class=\"e-con-inner\">\n\t\t\t\t<div class=\"elementor-element elementor-element-a525124 elementor-widget elementor-widget-heading\" data-id=\"a525124\" data-element_type=\"widget\" data-e-type=\"widget\" data-widget_type=\"heading.default\">\n\t\t\t\t<div class=\"elementor-widget-container\">\n\t\t\t\t\t<h2 class=\"elementor-heading-title elementor-size-default\">L'\u00e9quipe artistique<\/h2>\t\t\t\t<\/div>\n\t\t\t\t<\/div>\n\t\t\t\t\t<\/div>\n\t\t\t\t<\/div>\n\t\t<div class=\"elementor-element elementor-element-2a38fa07 e-flex e-con-boxed e-con e-parent\" data-id=\"2a38fa07\" data-element_type=\"container\" data-e-type=\"container\" data-settings=\"{&quot;jet_parallax_layout_list&quot;:[]}\">\n\t\t\t\t\t<div class=\"e-con-inner\">\n\t\t<div class=\"elementor-element elementor-element-39e8a3b4 e-con-full e-flex e-con e-child\" data-id=\"39e8a3b4\" data-element_type=\"container\" data-e-type=\"container\" data-settings=\"{&quot;jet_parallax_layout_list&quot;:[]}\">\n\t\t\t\t<div class=\"elementor-element elementor-element-7a7f57ed elementor-position-left elementor-vertical-align-top elementor-widget elementor-widget-image-box\" data-id=\"7a7f57ed\" data-element_type=\"widget\" data-e-type=\"widget\" data-widget_type=\"image-box.default\">\n\t\t\t\t<div class=\"elementor-widget-container\">\n\t\t\t\t\t<div class=\"elementor-image-box-wrapper\"><figure class=\"elementor-image-box-img\"><img decoding=\"async\" width=\"500\" height=\"500\" src=\"https:\/\/indigo-productions.fr\/wp-content\/uploads\/2023\/12\/julien-safa-portrait.jpg\" class=\"attachment-full size-full wp-image-3642\" alt=\"\" srcset=\"https:\/\/indigo-productions.fr\/wp-content\/uploads\/2023\/12\/julien-safa-portrait.jpg 500w, https:\/\/indigo-productions.fr\/wp-content\/uploads\/2023\/12\/julien-safa-portrait-300x300.jpg 300w, https:\/\/indigo-productions.fr\/wp-content\/uploads\/2023\/12\/julien-safa-portrait-150x150.jpg 150w, https:\/\/indigo-productions.fr\/wp-content\/uploads\/2023\/12\/julien-safa-portrait-12x12.jpg 12w, https:\/\/indigo-productions.fr\/wp-content\/uploads\/2023\/12\/julien-safa-portrait-230x230.jpg 230w, https:\/\/indigo-productions.fr\/wp-content\/uploads\/2023\/12\/julien-safa-portrait-400x400.jpg 400w\" sizes=\"(max-width: 500px) 100vw, 500px\" \/><\/figure><div class=\"elementor-image-box-content\"><h3 class=\"elementor-image-box-title\">Julien SAFA<\/h3><p class=\"elementor-image-box-description\"><b>Metteur en sc\u00e8ne <\/b><br> <br>\n\nJulien Safa est un chanteur com\u00e9dien auteur et metteur en sc\u00e8ne dans le domaine du spectacle musical.\nIl se produit dans diverses com\u00e9dies musicales et pi\u00e8ces de th\u00e9\u00e2tre jeune public ; il incarne \u00e9galement plusieurs r\u00f4les dans le show \u00ab Les Plus Belles Com\u00e9dies Musicales \u00bb en tourn\u00e9e dans toute la France et \u00e0 l\u2019\u00e9tranger (Z\u00e9nith de France, Sporting Monaco, Antilles, La R\u00e9union).\nIl pr\u00eate sa voix pour diff\u00e9rents projets doublage et voix off pour des jeux vid\u00e9o (2 Dark \u2013 Tiny Token Empire), des s\u00e9ries (Netflix ; Disney + ; TF1) ou encore pour des Escape Game (Jumble Duba\u00ef). <br>\nIl produit, \u00e9crit et met en sc\u00e8ne avec son fr\u00e8re Samuel Safa les com\u00e9dies musicales \u00ab Pirates : le destin d\u2019Evan Kingsley\u00bb (Folies berg\u00e8res ; Casino de Paris), \u00ab Sherlock Holmes l\u2019aventure musicale\u00bb (13e Art \u2013 Paris), qui remportera le Troph\u00e9e de la meilleure com\u00e9die musicale jeune public 2023, et \u00ab Lynn, les origines de No\u00ebl\u00bb (Palais des sports).\nIl \u00e9crit, cor\u00e9alise et coproduit avec Slipday Production le moyen m\u00e9trage \u00ab Le Tournesol \u00bb (sortie fin 2023).<\/p><\/div><\/div>\t\t\t\t<\/div>\n\t\t\t\t<\/div>\n\t\t\t\t<\/div>\n\t\t\t\t\t<\/div>\n\t\t\t\t<\/div>\n\t\t<div class=\"elementor-element elementor-element-289aee0 e-flex e-con-boxed e-con e-parent\" data-id=\"289aee0\" data-element_type=\"container\" data-e-type=\"container\" data-settings=\"{&quot;jet_parallax_layout_list&quot;:[]}\">\n\t\t\t\t\t<div class=\"e-con-inner\">\n\t\t<div class=\"elementor-element elementor-element-1204481 e-con-full e-flex e-con e-child\" data-id=\"1204481\" data-element_type=\"container\" data-e-type=\"container\" data-settings=\"{&quot;jet_parallax_layout_list&quot;:[]}\">\n\t\t\t\t<div class=\"elementor-element elementor-element-e9e4ff4 elementor-position-left elementor-vertical-align-top elementor-widget elementor-widget-image-box\" data-id=\"e9e4ff4\" data-element_type=\"widget\" data-e-type=\"widget\" data-widget_type=\"image-box.default\">\n\t\t\t\t<div class=\"elementor-widget-container\">\n\t\t\t\t\t<div class=\"elementor-image-box-wrapper\"><figure class=\"elementor-image-box-img\"><img loading=\"lazy\" decoding=\"async\" width=\"500\" height=\"500\" src=\"https:\/\/indigo-productions.fr\/wp-content\/uploads\/2023\/12\/larsene-2023-photo-fauteuils-rouges.jpg\" class=\"attachment-full size-full wp-image-3643\" alt=\"\" srcset=\"https:\/\/indigo-productions.fr\/wp-content\/uploads\/2023\/12\/larsene-2023-photo-fauteuils-rouges.jpg 500w, https:\/\/indigo-productions.fr\/wp-content\/uploads\/2023\/12\/larsene-2023-photo-fauteuils-rouges-300x300.jpg 300w, https:\/\/indigo-productions.fr\/wp-content\/uploads\/2023\/12\/larsene-2023-photo-fauteuils-rouges-150x150.jpg 150w, https:\/\/indigo-productions.fr\/wp-content\/uploads\/2023\/12\/larsene-2023-photo-fauteuils-rouges-12x12.jpg 12w, https:\/\/indigo-productions.fr\/wp-content\/uploads\/2023\/12\/larsene-2023-photo-fauteuils-rouges-230x230.jpg 230w, https:\/\/indigo-productions.fr\/wp-content\/uploads\/2023\/12\/larsene-2023-photo-fauteuils-rouges-400x400.jpg 400w\" sizes=\"(max-width: 500px) 100vw, 500px\" \/><\/figure><div class=\"elementor-image-box-content\"><h3 class=\"elementor-image-box-title\">LARSENE<\/h3><p class=\"elementor-image-box-description\"><b>Magicien-Mentaliste <\/b><br> <br>\n\nTomb\u00e9 dans la marmite de la magie \u00e0 16 ans en rencontrant un prestidigitateur,\nLARSENE exerce sa passion sur sc\u00e8ne depuis 30 ans d\u00e9j\u00e0. Il est dou\u00e9, provocateur, dr\u00f4le,\ncharismatique, charmeur. Il est la parfaite incarnation de cette longue liste de qualificatifs.\nIl joue de ses nombreux atouts pour offrir au public une animation magique \u00e0 la fois captivante\net raffin\u00e9e. Le magicien est depuis longtemps pass\u00e9 Ma\u00eetre en manipulation, au sens propre comme au figur\u00e9. Sa dext\u00e9rit\u00e9 \u00e0 faire virevolter les cartes et sa rapidit\u00e9 d\u2019ex\u00e9cution sont remarquables.\nSon humour savamment dos\u00e9 renforce le capital sympathie du personnage qui reste \u00e9l\u00e9gant en toute circonstance. Si un jour, au gr\u00e9 d\u2019une sortie parisienne, vous remarquez une carte \u00e0 jouer sign\u00e9e et coll\u00e9e au plafond, ne cherchez pas. C\u2019est sa marque de fabrique. Il fait l\u2019unanimit\u00e9,\nquel que soit le contexte, et le public n\u2019a qu\u2019une seule envie : le revoir encore et encore !\nMais LARSENE performe \u00e9galement dans diff\u00e9rents domaines\u2026 A la t\u00e9l\u00e9vision, sur Canal+ dans \u00ab Le Grand Journal \u00bb, sur France 2 dans \u00ab Vivement Dimanche \u00bb de Michel Drucker, \u00ab Le Plus Grand Cabaret \u00bb de Patrick S\u00e9bastien en close-up et sur sc\u00e8ne, sur TF1 dans plusieurs \u00e9missions, etc.\nMais aussi pour de grands \u00e9v\u00e8nements sportifs tels que \u00ab Roland Garros \u00bb, le \u00ab Tour de France \u00bb, le \u00ab Paris-Dakar \u00bb, les \u00ab Jeux Olympiques \u00bb\u2026 Il a \u00e9galement fait la premi\u00e8re partie de l\u2019humoriste Franck Dubosc \u00e0 l\u2019Olympia, s\u2019est produit au Casino de Paris, au Palais des Congr\u00e8s lors des\nconventions de grands groupes tels que Renault, Bulgari, Bouygues, Peugeot, Brunello, Cucinelli, etc.<\/p><\/div><\/div>\t\t\t\t<\/div>\n\t\t\t\t<\/div>\n\t\t\t\t<\/div>\n\t\t\t\t\t<\/div>\n\t\t\t\t<\/div>\n\t\t<div class=\"elementor-element elementor-element-43406d7 e-flex e-con-boxed e-con e-parent\" data-id=\"43406d7\" data-element_type=\"container\" data-e-type=\"container\" data-settings=\"{&quot;jet_parallax_layout_list&quot;:[]}\">\n\t\t\t\t\t<div class=\"e-con-inner\">\n\t\t\t\t<div class=\"elementor-element elementor-element-a2c4ead elementor-widget elementor-widget-text-editor\" data-id=\"a2c4ead\" data-element_type=\"widget\" data-e-type=\"widget\" data-widget_type=\"text-editor.default\">\n\t\t\t\t<div class=\"elementor-widget-container\">\n\t\t\t\t\t\t\t\t\t<p>Envie de programmer le spectacle pour un \u00e9v\u00e8nement priv\u00e9 ou public ?<\/p>\t\t\t\t\t\t\t\t<\/div>\n\t\t\t\t<\/div>\n\t\t\t\t\t<\/div>\n\t\t\t\t<\/div>\n\t\t<div class=\"elementor-element elementor-element-9c9b593 e-flex e-con-boxed e-con e-parent\" data-id=\"9c9b593\" data-element_type=\"container\" data-e-type=\"container\" data-settings=\"{&quot;background_background&quot;:&quot;classic&quot;,&quot;jet_parallax_layout_list&quot;:[]}\">\n\t\t\t\t\t<div class=\"e-con-inner\">\n\t\t<div class=\"elementor-element elementor-element-52a14ef e-con-full e-flex e-con e-child\" data-id=\"52a14ef\" data-element_type=\"container\" data-e-type=\"container\" data-settings=\"{&quot;jet_parallax_layout_list&quot;:[]}\">\n\t\t\t\t<div class=\"elementor-element elementor-element-d77bb39 elementor-align-center elementor-widget elementor-widget-button\" data-id=\"d77bb39\" data-element_type=\"widget\" data-e-type=\"widget\" data-widget_type=\"button.default\">\n\t\t\t\t<div class=\"elementor-widget-container\">\n\t\t\t\t\t\t\t\t\t<div class=\"elementor-button-wrapper\">\n\t\t\t\t\t<a class=\"elementor-button elementor-button-link elementor-size-sm\" href=\"https:\/\/indigo-productions.fr\/en\/contact\/\">\n\t\t\t\t\t\t<span class=\"elementor-button-content-wrapper\">\n\t\t\t\t\t\t\t\t\t<span class=\"elementor-button-text\">CONTACTEZ-NOUS<\/span>\n\t\t\t\t\t<\/span>\n\t\t\t\t\t<\/a>\n\t\t\t\t<\/div>\n\t\t\t\t\t\t\t\t<\/div>\n\t\t\t\t<\/div>\n\t\t\t\t<\/div>\n\t\t\t\t\t<\/div>\n\t\t\t\t<\/div>\n\t\t\t\t<\/div>","protected":false},"excerpt":{"rendered":"<p>Son plus beau tour de magie, c&rsquo;est vous ! Tant de c\u00e9l\u00e9brit\u00e9s du monde du cin\u00e9ma, du sport, des m\u00e9dias notamment voient en lui \u00ab le plus grand magicien de [&hellip;]<\/p>\n","protected":false},"author":1,"featured_media":0,"parent":0,"menu_order":0,"comment_status":"closed","ping_status":"closed","template":"","meta":{"footnotes":""},"class_list":["post-2957","page","type-page","status-publish","hentry"],"_links":{"self":[{"href":"https:\/\/indigo-productions.fr\/en\/wp-json\/wp\/v2\/pages\/2957","targetHints":{"allow":["GET"]}}],"collection":[{"href":"https:\/\/indigo-productions.fr\/en\/wp-json\/wp\/v2\/pages"}],"about":[{"href":"https:\/\/indigo-productions.fr\/en\/wp-json\/wp\/v2\/types\/page"}],"author":[{"embeddable":true,"href":"https:\/\/indigo-productions.fr\/en\/wp-json\/wp\/v2\/users\/1"}],"replies":[{"embeddable":true,"href":"https:\/\/indigo-productions.fr\/en\/wp-json\/wp\/v2\/comments?post=2957"}],"version-history":[{"count":28,"href":"https:\/\/indigo-productions.fr\/en\/wp-json\/wp\/v2\/pages\/2957\/revisions"}],"predecessor-version":[{"id":11074,"href":"https:\/\/indigo-productions.fr\/en\/wp-json\/wp\/v2\/pages\/2957\/revisions\/11074"}],"wp:attachment":[{"href":"https:\/\/indigo-productions.fr\/en\/wp-json\/wp\/v2\/media?parent=2957"}],"curies":[{"name":"wp","href":"https:\/\/api.w.org\/{rel}","templated":true}]}}