{"id":2948,"date":"2023-12-18T14:36:05","date_gmt":"2023-12-18T13:36:05","guid":{"rendered":"https:\/\/indigo-productions.fr\/?page_id=2948"},"modified":"2026-04-07T16:17:30","modified_gmt":"2026-04-07T14:17:30","slug":"guignol","status":"publish","type":"page","link":"https:\/\/indigo-productions.fr\/en\/guignol\/","title":{"rendered":"Guignol"},"content":{"rendered":"<div data-elementor-type=\"wp-page\" data-elementor-id=\"2948\" class=\"elementor elementor-2948\" data-elementor-post-type=\"page\">\n\t\t\t\t<div class=\"elementor-element elementor-element-24432db7 e-flex e-con-boxed e-con e-parent\" data-id=\"24432db7\" data-element_type=\"container\" data-e-type=\"container\" data-settings=\"{&quot;jet_parallax_layout_list&quot;:[]}\">\n\t\t\t\t\t<div class=\"e-con-inner\">\n\t\t\t\t<div class=\"elementor-element elementor-element-1288291f elementor-widget elementor-widget-image\" data-id=\"1288291f\" data-element_type=\"widget\" data-e-type=\"widget\" data-widget_type=\"image.default\">\n\t\t\t\t<div class=\"elementor-widget-container\">\n\t\t\t\t\t\t\t\t\t\t\t\t\t\t\t<img fetchpriority=\"high\" decoding=\"async\" width=\"1920\" height=\"1080\" src=\"https:\/\/indigo-productions.fr\/wp-content\/uploads\/2024\/08\/guignol-slider.jpg\" class=\"attachment-full size-full wp-image-4421\" alt=\"\" srcset=\"https:\/\/indigo-productions.fr\/wp-content\/uploads\/2024\/08\/guignol-slider.jpg 1920w, https:\/\/indigo-productions.fr\/wp-content\/uploads\/2024\/08\/guignol-slider-300x169.jpg 300w, https:\/\/indigo-productions.fr\/wp-content\/uploads\/2024\/08\/guignol-slider-1024x576.jpg 1024w, https:\/\/indigo-productions.fr\/wp-content\/uploads\/2024\/08\/guignol-slider-768x432.jpg 768w, https:\/\/indigo-productions.fr\/wp-content\/uploads\/2024\/08\/guignol-slider-1536x864.jpg 1536w, https:\/\/indigo-productions.fr\/wp-content\/uploads\/2024\/08\/guignol-slider-18x10.jpg 18w, https:\/\/indigo-productions.fr\/wp-content\/uploads\/2024\/08\/guignol-slider-150x85.jpg 150w, https:\/\/indigo-productions.fr\/wp-content\/uploads\/2024\/08\/guignol-slider-600x338.jpg 600w\" sizes=\"(max-width: 1920px) 100vw, 1920px\" \/>\t\t\t\t\t\t\t\t\t\t\t\t\t\t\t<\/div>\n\t\t\t\t<\/div>\n\t\t\t\t\t<\/div>\n\t\t\t\t<\/div>\n\t\t<div class=\"elementor-element elementor-element-36cfefce e-flex e-con-boxed e-con e-parent\" data-id=\"36cfefce\" data-element_type=\"container\" data-e-type=\"container\" data-settings=\"{&quot;jet_parallax_layout_list&quot;:[]}\">\n\t\t\t\t\t<div class=\"e-con-inner\">\n\t\t\t\t<div class=\"elementor-element elementor-element-5a9608bb elementor-widget elementor-widget-heading\" data-id=\"5a9608bb\" data-element_type=\"widget\" data-e-type=\"widget\" data-widget_type=\"heading.default\">\n\t\t\t\t<div class=\"elementor-widget-container\">\n\t\t\t\t\t<h2 class=\"elementor-heading-title elementor-size-default\">GUIGNOL EN VRAI ! <br>une com\u00e9die musicale familiale<\/h2>\t\t\t\t<\/div>\n\t\t\t\t<\/div>\n\t\t\t\t<div class=\"elementor-element elementor-element-4698951b elementor-widget elementor-widget-text-editor\" data-id=\"4698951b\" data-element_type=\"widget\" data-e-type=\"widget\" data-widget_type=\"text-editor.default\">\n\t\t\t\t<div class=\"elementor-widget-container\">\n\t\t\t\t\t\t\t\t\t<p>Dans la ville imaginaire de Lyondres, Monsieur Henry dirige un th\u00e9\u00e2tre o\u00f9 il pr\u00e9sente chaque jour les m\u00e9saventures de Guignol et de ses amis, Gnafron et Madelon. Mais le temps a fait son \u0153uvre et les enfants, moins attir\u00e9s par les spectacles de marionnettes, ont peu \u00e0 peu d\u00e9sert\u00e9 le lieu, laissant Monsieur Henry endett\u00e9. Afin de sauver leur marionnettiste de la terrible Betty, qui cherche \u00e0 r\u00e9quisitionner le th\u00e9\u00e2tre pour en faire un supermarch\u00e9, Guignol, Madelon et Gnafron se transforment en humains. Ils partent \u00e0 la recherche de \u00ab La Belle Etoile \u00bb, un diamant magique permettant de r\u00e9aliser tous les v\u0153ux. Au cours de cette \u00e9tonnante aventure dans les rues de Lyondres, ils font la connaissance de la belle Emilie, jeune fille humaine, elle aussi en qu\u00eate de \u00ab La Belle Etoile \u00bb pour gu\u00e9rir son p\u00e8re malade. Au premier regard, Guignol en tombe follement amoureux. De leur rencontre va na\u00eetre une \u00e9pop\u00e9e inoubliable qui les m\u00e8nera \u00e0 la qu\u00eate d\u2019eux-m\u00eames&#8230;<\/p><p>R\u00e9solument moderne, cette proposition de Guignol se transforme en haletantes p\u00e9rip\u00e9ties musicales, dr\u00f4les, touchantes et interactives, port\u00e9e par six com\u00e9diens-chanteurs-danseurs pleins d\u2019\u00e9nergie, de fougue et de talent. Musique \u00e9chevel\u00e9e sign\u00e9e Sorel, dialogues percutants, chansons \u00ab live \u00bb aux accents pop, mise en sc\u00e8ne tonique, chor\u00e9graphies endiabl\u00e9es, combats, claquettes, costumes et d\u00e9cors enchanteurs embarquent petits et grands dans un spectacle musical familial jubilatoire.<br \/>Rire, \u00e9merveillement et \u00e9motion garantis.<\/p>\t\t\t\t\t\t\t\t<\/div>\n\t\t\t\t<\/div>\n\t\t\t\t<div class=\"elementor-element elementor-element-431fa1ce elementor-widget-divider--view-line elementor-widget elementor-widget-divider\" data-id=\"431fa1ce\" data-element_type=\"widget\" data-e-type=\"widget\" data-widget_type=\"divider.default\">\n\t\t\t\t<div class=\"elementor-widget-container\">\n\t\t\t\t\t\t\t<div class=\"elementor-divider\">\n\t\t\t<span class=\"elementor-divider-separator\">\n\t\t\t\t\t\t<\/span>\n\t\t<\/div>\n\t\t\t\t\t\t<\/div>\n\t\t\t\t<\/div>\n\t\t\t\t<div class=\"elementor-element elementor-element-20eea77f elementor-widget elementor-widget-video\" data-id=\"20eea77f\" data-element_type=\"widget\" data-e-type=\"widget\" data-settings=\"{&quot;youtube_url&quot;:&quot;https:\\\/\\\/youtu.be\\\/aAhNJlMuhWU?si=WyQ8Hd69Q4do8fKi &quot;,&quot;video_type&quot;:&quot;youtube&quot;,&quot;controls&quot;:&quot;yes&quot;}\" data-widget_type=\"video.default\">\n\t\t\t\t<div class=\"elementor-widget-container\">\n\t\t\t\t\t\t\t<div class=\"elementor-wrapper elementor-open-inline\">\n\t\t\t<div class=\"elementor-video\"><\/div>\t\t<\/div>\n\t\t\t\t\t\t<\/div>\n\t\t\t\t<\/div>\n\t\t\t\t<div class=\"elementor-element elementor-element-a394895 elementor-widget elementor-widget-video\" data-id=\"a394895\" data-element_type=\"widget\" data-e-type=\"widget\" data-settings=\"{&quot;youtube_url&quot;:&quot;https:\\\/\\\/youtu.be\\\/HHyOejH6jns?si=Rk6ajnIvwaU6mhb8&quot;,&quot;video_type&quot;:&quot;youtube&quot;,&quot;controls&quot;:&quot;yes&quot;}\" data-widget_type=\"video.default\">\n\t\t\t\t<div class=\"elementor-widget-container\">\n\t\t\t\t\t\t\t<div class=\"elementor-wrapper elementor-open-inline\">\n\t\t\t<div class=\"elementor-video\"><\/div>\t\t<\/div>\n\t\t\t\t\t\t<\/div>\n\t\t\t\t<\/div>\n\t\t\t\t<div class=\"elementor-element elementor-element-40f3a877 elementor-arrows-position-outside elementor-pagination-position-outside elementor-widget elementor-widget-image-carousel\" data-id=\"40f3a877\" data-element_type=\"widget\" data-e-type=\"widget\" data-settings=\"{&quot;slides_to_show&quot;:&quot;4&quot;,&quot;slides_to_scroll&quot;:&quot;4&quot;,&quot;image_spacing_custom&quot;:{&quot;unit&quot;:&quot;px&quot;,&quot;size&quot;:10,&quot;sizes&quot;:[]},&quot;navigation&quot;:&quot;both&quot;,&quot;autoplay&quot;:&quot;yes&quot;,&quot;pause_on_hover&quot;:&quot;yes&quot;,&quot;pause_on_interaction&quot;:&quot;yes&quot;,&quot;autoplay_speed&quot;:5000,&quot;infinite&quot;:&quot;yes&quot;,&quot;speed&quot;:500,&quot;image_spacing_custom_tablet&quot;:{&quot;unit&quot;:&quot;px&quot;,&quot;size&quot;:&quot;&quot;,&quot;sizes&quot;:[]},&quot;image_spacing_custom_mobile&quot;:{&quot;unit&quot;:&quot;px&quot;,&quot;size&quot;:&quot;&quot;,&quot;sizes&quot;:[]}}\" data-widget_type=\"image-carousel.default\">\n\t\t\t\t<div class=\"elementor-widget-container\">\n\t\t\t\t\t\t\t<div class=\"elementor-image-carousel-wrapper swiper\" role=\"region\" aria-roledescription=\"carousel\" aria-label=\"Carrousel d\u2019images\" dir=\"ltr\">\n\t\t\t<div class=\"elementor-image-carousel swiper-wrapper\" aria-live=\"off\">\n\t\t\t\t\t\t\t\t<div class=\"swiper-slide\" role=\"group\" aria-roledescription=\"slide\" aria-label=\"1 sur 5\"><a data-elementor-open-lightbox=\"yes\" data-elementor-lightbox-slideshow=\"40f3a877\" data-elementor-lightbox-title=\"guignol-scene-1\" data-e-action-hash=\"#elementor-action%3Aaction%3Dlightbox%26settings%3DeyJpZCI6MzkxMSwidXJsIjoiaHR0cHM6XC9cL2luZGlnby1wcm9kdWN0aW9ucy5mclwvd3AtY29udGVudFwvdXBsb2Fkc1wvMjAyM1wvMTJcL2d1aWdub2wtc2NlbmUtMS5qcGciLCJzbGlkZXNob3ciOiI0MGYzYTg3NyJ9\" href=\"https:\/\/indigo-productions.fr\/wp-content\/uploads\/2023\/12\/guignol-scene-1.jpg\"><figure class=\"swiper-slide-inner\"><img decoding=\"async\" class=\"swiper-slide-image\" src=\"https:\/\/indigo-productions.fr\/wp-content\/uploads\/2023\/12\/guignol-scene-1.jpg\" alt=\"guignol-scene-1\" \/><\/figure><\/a><\/div><div class=\"swiper-slide\" role=\"group\" aria-roledescription=\"slide\" aria-label=\"2 sur 5\"><a data-elementor-open-lightbox=\"yes\" data-elementor-lightbox-slideshow=\"40f3a877\" data-elementor-lightbox-title=\"guignol-scene-2\" data-e-action-hash=\"#elementor-action%3Aaction%3Dlightbox%26settings%3DeyJpZCI6MzkxMiwidXJsIjoiaHR0cHM6XC9cL2luZGlnby1wcm9kdWN0aW9ucy5mclwvd3AtY29udGVudFwvdXBsb2Fkc1wvMjAyM1wvMTJcL2d1aWdub2wtc2NlbmUtMi5qcGciLCJzbGlkZXNob3ciOiI0MGYzYTg3NyJ9\" href=\"https:\/\/indigo-productions.fr\/wp-content\/uploads\/2023\/12\/guignol-scene-2.jpg\"><figure class=\"swiper-slide-inner\"><img decoding=\"async\" class=\"swiper-slide-image\" src=\"https:\/\/indigo-productions.fr\/wp-content\/uploads\/2023\/12\/guignol-scene-2.jpg\" alt=\"guignol-scene-2\" \/><\/figure><\/a><\/div><div class=\"swiper-slide\" role=\"group\" aria-roledescription=\"slide\" aria-label=\"3 sur 5\"><a data-elementor-open-lightbox=\"yes\" data-elementor-lightbox-slideshow=\"40f3a877\" data-elementor-lightbox-title=\"guignol-scene-3\" data-e-action-hash=\"#elementor-action%3Aaction%3Dlightbox%26settings%3DeyJpZCI6MzkxMywidXJsIjoiaHR0cHM6XC9cL2luZGlnby1wcm9kdWN0aW9ucy5mclwvd3AtY29udGVudFwvdXBsb2Fkc1wvMjAyM1wvMTJcL2d1aWdub2wtc2NlbmUtMy5qcGciLCJzbGlkZXNob3ciOiI0MGYzYTg3NyJ9\" href=\"https:\/\/indigo-productions.fr\/wp-content\/uploads\/2023\/12\/guignol-scene-3.jpg\"><figure class=\"swiper-slide-inner\"><img decoding=\"async\" class=\"swiper-slide-image\" src=\"https:\/\/indigo-productions.fr\/wp-content\/uploads\/2023\/12\/guignol-scene-3.jpg\" alt=\"guignol-scene-3\" \/><\/figure><\/a><\/div><div class=\"swiper-slide\" role=\"group\" aria-roledescription=\"slide\" aria-label=\"4 sur 5\"><a data-elementor-open-lightbox=\"yes\" data-elementor-lightbox-slideshow=\"40f3a877\" data-elementor-lightbox-title=\"guignol-scene-4\" data-e-action-hash=\"#elementor-action%3Aaction%3Dlightbox%26settings%3DeyJpZCI6MzkxNCwidXJsIjoiaHR0cHM6XC9cL2luZGlnby1wcm9kdWN0aW9ucy5mclwvd3AtY29udGVudFwvdXBsb2Fkc1wvMjAyM1wvMTJcL2d1aWdub2wtc2NlbmUtNC5qcGciLCJzbGlkZXNob3ciOiI0MGYzYTg3NyJ9\" href=\"https:\/\/indigo-productions.fr\/wp-content\/uploads\/2023\/12\/guignol-scene-4.jpg\"><figure class=\"swiper-slide-inner\"><img decoding=\"async\" class=\"swiper-slide-image\" src=\"https:\/\/indigo-productions.fr\/wp-content\/uploads\/2023\/12\/guignol-scene-4.jpg\" alt=\"guignol-scene-4\" \/><\/figure><\/a><\/div><div class=\"swiper-slide\" role=\"group\" aria-roledescription=\"slide\" aria-label=\"5 sur 5\"><a data-elementor-open-lightbox=\"yes\" data-elementor-lightbox-slideshow=\"40f3a877\" data-elementor-lightbox-title=\"guignol-scene-5\" data-e-action-hash=\"#elementor-action%3Aaction%3Dlightbox%26settings%3DeyJpZCI6MzkxNSwidXJsIjoiaHR0cHM6XC9cL2luZGlnby1wcm9kdWN0aW9ucy5mclwvd3AtY29udGVudFwvdXBsb2Fkc1wvMjAyM1wvMTJcL2d1aWdub2wtc2NlbmUtNS5qcGciLCJzbGlkZXNob3ciOiI0MGYzYTg3NyJ9\" href=\"https:\/\/indigo-productions.fr\/wp-content\/uploads\/2023\/12\/guignol-scene-5.jpg\"><figure class=\"swiper-slide-inner\"><img decoding=\"async\" class=\"swiper-slide-image\" src=\"https:\/\/indigo-productions.fr\/wp-content\/uploads\/2023\/12\/guignol-scene-5.jpg\" alt=\"guignol-scene-5\" \/><\/figure><\/a><\/div>\t\t\t<\/div>\n\t\t\t\t\t\t\t\t\t\t\t\t<div class=\"elementor-swiper-button elementor-swiper-button-prev\" role=\"button\" tabindex=\"0\">\n\t\t\t\t\t\t<i aria-hidden=\"true\" class=\"eicon-chevron-left\"><\/i>\t\t\t\t\t<\/div>\n\t\t\t\t\t<div class=\"elementor-swiper-button elementor-swiper-button-next\" role=\"button\" tabindex=\"0\">\n\t\t\t\t\t\t<i aria-hidden=\"true\" class=\"eicon-chevron-right\"><\/i>\t\t\t\t\t<\/div>\n\t\t\t\t\n\t\t\t\t\t\t\t\t\t<div class=\"swiper-pagination\"><\/div>\n\t\t\t\t\t\t\t\t\t<\/div>\n\t\t\t\t\t\t<\/div>\n\t\t\t\t<\/div>\n\t\t\t\t\t<\/div>\n\t\t\t\t<\/div>\n\t\t<div class=\"elementor-element elementor-element-19bcf7f3 e-flex e-con-boxed e-con e-parent\" data-id=\"19bcf7f3\" data-element_type=\"container\" data-e-type=\"container\" data-settings=\"{&quot;jet_parallax_layout_list&quot;:[]}\">\n\t\t\t\t\t<div class=\"e-con-inner\">\n\t\t\t\t<div class=\"elementor-element elementor-element-31ca9b71 elementor-widget elementor-widget-heading\" data-id=\"31ca9b71\" data-element_type=\"widget\" data-e-type=\"widget\" data-widget_type=\"heading.default\">\n\t\t\t\t<div class=\"elementor-widget-container\">\n\t\t\t\t\t<h2 class=\"elementor-heading-title elementor-size-default\">L'\u00e9quipe cr\u00e9ative<\/h2>\t\t\t\t<\/div>\n\t\t\t\t<\/div>\n\t\t\t\t<div class=\"elementor-element elementor-element-69d4b193 elementor-widget-divider--view-line elementor-widget elementor-widget-divider\" data-id=\"69d4b193\" data-element_type=\"widget\" data-e-type=\"widget\" data-widget_type=\"divider.default\">\n\t\t\t\t<div class=\"elementor-widget-container\">\n\t\t\t\t\t\t\t<div class=\"elementor-divider\">\n\t\t\t<span class=\"elementor-divider-separator\">\n\t\t\t\t\t\t<\/span>\n\t\t<\/div>\n\t\t\t\t\t\t<\/div>\n\t\t\t\t<\/div>\n\t\t\t\t\t<\/div>\n\t\t\t\t<\/div>\n\t\t<div class=\"elementor-element elementor-element-31bb94a e-flex e-con-boxed e-con e-parent\" data-id=\"31bb94a\" data-element_type=\"container\" data-e-type=\"container\" data-settings=\"{&quot;jet_parallax_layout_list&quot;:[]}\">\n\t\t\t\t\t<div class=\"e-con-inner\">\n\t\t<div class=\"elementor-element elementor-element-3747ea0 e-con-full e-flex e-con e-child\" data-id=\"3747ea0\" data-element_type=\"container\" data-e-type=\"container\" data-settings=\"{&quot;jet_parallax_layout_list&quot;:[]}\">\n\t\t\t\t<div class=\"elementor-element elementor-element-8ec0194 elementor-position-left elementor-vertical-align-top elementor-widget elementor-widget-image-box\" data-id=\"8ec0194\" data-element_type=\"widget\" data-e-type=\"widget\" data-widget_type=\"image-box.default\">\n\t\t\t\t<div class=\"elementor-widget-container\">\n\t\t\t\t\t<div class=\"elementor-image-box-wrapper\"><figure class=\"elementor-image-box-img\"><img decoding=\"async\" width=\"500\" height=\"500\" src=\"https:\/\/indigo-productions.fr\/wp-content\/uploads\/2023\/12\/guignol-sorel.jpg\" class=\"attachment-full size-full wp-image-3763\" alt=\"\" srcset=\"https:\/\/indigo-productions.fr\/wp-content\/uploads\/2023\/12\/guignol-sorel.jpg 500w, https:\/\/indigo-productions.fr\/wp-content\/uploads\/2023\/12\/guignol-sorel-300x300.jpg 300w, https:\/\/indigo-productions.fr\/wp-content\/uploads\/2023\/12\/guignol-sorel-150x150.jpg 150w, https:\/\/indigo-productions.fr\/wp-content\/uploads\/2023\/12\/guignol-sorel-12x12.jpg 12w, https:\/\/indigo-productions.fr\/wp-content\/uploads\/2023\/12\/guignol-sorel-230x230.jpg 230w, https:\/\/indigo-productions.fr\/wp-content\/uploads\/2023\/12\/guignol-sorel-400x400.jpg 400w\" sizes=\"(max-width: 500px) 100vw, 500px\" \/><\/figure><div class=\"elementor-image-box-content\"><h3 class=\"elementor-image-box-title\">SOREL<\/h3><p class=\"elementor-image-box-description\"><b>Concepteur et cr\u00e9ateur musical <\/b><br> <br>\n\nA l\u2019origine du projet Guignol, Sorel, de son vrai nom Julien-Axel Faintrenie est un auteur compositeur interpr\u00e8te. Avec plusieurs albums solos et de nombreuses compositions pour les autres depuis plus 15 ans, Sorel fait partie de ces artistes prolifiques qui n\u2019ont de cesse de cr\u00e9er des \u0153uvres dont le but unique est d\u2019\u00e9mouvoir le grand public. Il a ainsi compos\u00e9 des tableaux musicaux au c\u00e9l\u00e8bre cabaret Le Crazy Horse pour la revue Forever Crazy. En 2016, Sorel rejoint le producteur Albert Cohen (Les Dix Commandements, Mozart, Le Roi Soleil, 1789 etc.) Il imagine et compose l\u2019ensemble des chansons de l\u2019op\u00e9ra rock Le Rouge et le Noir avec la chanteuse Zazie en tant que co-auteur.<\/p><\/div><\/div>\t\t\t\t<\/div>\n\t\t\t\t<\/div>\n\t\t\t\t<\/div>\n\t\t\t\t\t<\/div>\n\t\t\t\t<\/div>\n\t\t<div class=\"elementor-element elementor-element-c03e165 e-flex e-con-boxed e-con e-parent\" data-id=\"c03e165\" data-element_type=\"container\" data-e-type=\"container\" data-settings=\"{&quot;jet_parallax_layout_list&quot;:[]}\">\n\t\t\t\t\t<div class=\"e-con-inner\">\n\t\t<div class=\"elementor-element elementor-element-d61a068 e-con-full e-flex e-con e-child\" data-id=\"d61a068\" data-element_type=\"container\" data-e-type=\"container\" data-settings=\"{&quot;jet_parallax_layout_list&quot;:[]}\">\n\t\t\t\t<div class=\"elementor-element elementor-element-3abf5e8 elementor-position-left elementor-vertical-align-top elementor-widget elementor-widget-image-box\" data-id=\"3abf5e8\" data-element_type=\"widget\" data-e-type=\"widget\" data-widget_type=\"image-box.default\">\n\t\t\t\t<div class=\"elementor-widget-container\">\n\t\t\t\t\t<div class=\"elementor-image-box-wrapper\"><figure class=\"elementor-image-box-img\"><img decoding=\"async\" width=\"500\" height=\"500\" src=\"https:\/\/indigo-productions.fr\/wp-content\/uploads\/2023\/12\/guignol-anthony.jpg\" class=\"attachment-full size-full wp-image-3764\" alt=\"\" srcset=\"https:\/\/indigo-productions.fr\/wp-content\/uploads\/2023\/12\/guignol-anthony.jpg 500w, https:\/\/indigo-productions.fr\/wp-content\/uploads\/2023\/12\/guignol-anthony-300x300.jpg 300w, https:\/\/indigo-productions.fr\/wp-content\/uploads\/2023\/12\/guignol-anthony-150x150.jpg 150w, https:\/\/indigo-productions.fr\/wp-content\/uploads\/2023\/12\/guignol-anthony-12x12.jpg 12w, https:\/\/indigo-productions.fr\/wp-content\/uploads\/2023\/12\/guignol-anthony-230x230.jpg 230w, https:\/\/indigo-productions.fr\/wp-content\/uploads\/2023\/12\/guignol-anthony-400x400.jpg 400w\" sizes=\"(max-width: 500px) 100vw, 500px\" \/><\/figure><div class=\"elementor-image-box-content\"><h3 class=\"elementor-image-box-title\">Anthony MICHINEAU<\/h3><p class=\"elementor-image-box-description\"><b>Auteur du livret<\/b><br> <br>\n\nIl a commenc\u00e9 par jouer et mettre en sc\u00e8ne le r\u00e9pertoire classique (Moli\u00e8re, Feydeau, Shakespeare...) et les auteurs contemporains (Grunberg, Perec...) ainsi que des op\u00e9rettes en distributions r\u00e9duites. Parall\u00e8lement, il \u00e9crit (et joue parfois) des pi\u00e8ces de th\u00e9\u00e2tre : Le Prince des nu\u00e9es, Fais-moi une place, Gueule d\u2019Ange, L\u2019\u00e9chelle de Brad Pitt, Hier encore j\u2019\u00e9tais un homme, Ceinture et bretelles, Une sur Dix. Il \u00e9crit pour Charlotte Valendrey Mon pote est une femme comme les autres, et pour Elodie Fr\u00e9g\u00e9 et St\u00e9phane Hillel Norma Jean Monroe. Il \u00e9crit aussi les livrets et dialogues de com\u00e9dies musicales, entre autres avec le duo\nSalvia-Vidal, Raiponce et le Prince Aventurier et La Petite Fille aux Allumettes, (toutes deux nomm\u00e9es aux Moli\u00e8res Jeune Public\nen 2016). Il a re\u00e7u le prix du meilleur auteur dramatique au\nfestival d\u2019Avignon 2023 pour sa pi\u00e8ce Les marchands d\u2019\u00e9toiles.<\/p><\/div><\/div>\t\t\t\t<\/div>\n\t\t\t\t<\/div>\n\t\t\t\t<\/div>\n\t\t\t\t\t<\/div>\n\t\t\t\t<\/div>\n\t\t<div class=\"elementor-element elementor-element-13feb04 e-flex e-con-boxed e-con e-parent\" data-id=\"13feb04\" data-element_type=\"container\" data-e-type=\"container\" data-settings=\"{&quot;jet_parallax_layout_list&quot;:[]}\">\n\t\t\t\t\t<div class=\"e-con-inner\">\n\t\t<div class=\"elementor-element elementor-element-038b5c6 e-con-full e-flex e-con e-child\" data-id=\"038b5c6\" data-element_type=\"container\" data-e-type=\"container\" data-settings=\"{&quot;jet_parallax_layout_list&quot;:[]}\">\n\t\t\t\t<div class=\"elementor-element elementor-element-15632b1 elementor-position-left elementor-vertical-align-top elementor-widget elementor-widget-image-box\" data-id=\"15632b1\" data-element_type=\"widget\" data-e-type=\"widget\" data-widget_type=\"image-box.default\">\n\t\t\t\t<div class=\"elementor-widget-container\">\n\t\t\t\t\t<div class=\"elementor-image-box-wrapper\"><figure class=\"elementor-image-box-img\"><img loading=\"lazy\" decoding=\"async\" width=\"500\" height=\"500\" src=\"https:\/\/indigo-productions.fr\/wp-content\/uploads\/2023\/12\/guignol-ned.jpg\" class=\"attachment-full size-full wp-image-3768\" alt=\"\" srcset=\"https:\/\/indigo-productions.fr\/wp-content\/uploads\/2023\/12\/guignol-ned.jpg 500w, https:\/\/indigo-productions.fr\/wp-content\/uploads\/2023\/12\/guignol-ned-300x300.jpg 300w, https:\/\/indigo-productions.fr\/wp-content\/uploads\/2023\/12\/guignol-ned-150x150.jpg 150w, https:\/\/indigo-productions.fr\/wp-content\/uploads\/2023\/12\/guignol-ned-12x12.jpg 12w, https:\/\/indigo-productions.fr\/wp-content\/uploads\/2023\/12\/guignol-ned-230x230.jpg 230w, https:\/\/indigo-productions.fr\/wp-content\/uploads\/2023\/12\/guignol-ned-400x400.jpg 400w\" sizes=\"(max-width: 500px) 100vw, 500px\" \/><\/figure><div class=\"elementor-image-box-content\"><h3 class=\"elementor-image-box-title\">Ned GRUJIC<\/h3><p class=\"elementor-image-box-description\"><b>Parolier et metteur en sc\u00e8ne <\/b><br> <br>\n\nNed Grujic fonde en 1993 sa compagnie Les Tr\u00e9teaux de la Pleine Lune et y met en sc\u00e8ne plusieurs spectacles pour le jeune public qu\u2019il adapte de grandes \u0153uvres litt\u00e9raires. Egalement metteur en sc\u00e8ne de th\u00e9\u00e2tre, il monte en parall\u00e8le un grand nombre de spectacles musicaux : Merlin l\u2019Enchanteur au Palais des Congr\u00e8s de Paris, Lili Lampion (Nomination aux Globes de Cristal),  Petit Ours Brun (Troph\u00e9e de la Com\u00e9die musicale Jeune Public), Le Livre de la Jungle (Nomination aux Moli\u00e8res 2017). De 1998 \u00e0 2000, il est metteur en sc\u00e8ne r\u00e9sident de Notre Dame de Paris de Richard Cocciante et Luc Plamondon, puis met en sc\u00e8ne les com\u00e9dies musicales Fame, Hair, Hairspray, Frankenstein Junior, Shrek le musical, La Famille Addams et We will Rock You. Ces derni\u00e8res ann\u00e9es, il se consacre \u00e9galement \u00e0 l\u2019op\u00e9ra en montant La Traviata, Carmen et les Contes d\u2019Hoffman. Depuis 2014, il est directeur de l\u2019ECM (Ecole de Com\u00e9die Musicale de Paris) au sein de laquelle se forment les artistes pluridisciplinaires que l\u2019on peut applaudir sur de nombreuses sc\u00e8nes parisiennes.\n\n<\/p><\/div><\/div>\t\t\t\t<\/div>\n\t\t\t\t<\/div>\n\t\t\t\t<\/div>\n\t\t\t\t\t<\/div>\n\t\t\t\t<\/div>\n\t\t<div class=\"elementor-element elementor-element-442cbd7b e-flex e-con-boxed e-con e-parent\" data-id=\"442cbd7b\" data-element_type=\"container\" data-e-type=\"container\" data-settings=\"{&quot;background_background&quot;:&quot;classic&quot;,&quot;jet_parallax_layout_list&quot;:[]}\">\n\t\t\t\t\t<div class=\"e-con-inner\">\n\t\t<div class=\"elementor-element elementor-element-71a2b9af e-con-full e-flex e-con e-child\" data-id=\"71a2b9af\" data-element_type=\"container\" data-e-type=\"container\" data-settings=\"{&quot;jet_parallax_layout_list&quot;:[]}\">\n\t\t\t\t<div class=\"elementor-element elementor-element-512add4f elementor-align-center elementor-widget elementor-widget-button\" data-id=\"512add4f\" data-element_type=\"widget\" data-e-type=\"widget\" data-widget_type=\"button.default\">\n\t\t\t\t<div class=\"elementor-widget-container\">\n\t\t\t\t\t\t\t\t\t<div class=\"elementor-button-wrapper\">\n\t\t\t\t\t<a class=\"elementor-button elementor-button-link elementor-size-sm\" href=\"https:\/\/indigo-productions.fr\/en\/agenda\/liste\/?tribe_eventcategory%5B0%5D=32\">\n\t\t\t\t\t\t<span class=\"elementor-button-content-wrapper\">\n\t\t\t\t\t\t\t\t\t<span class=\"elementor-button-text\">Voir les dates de la Tourn\u00e9e &amp; r\u00e9server<\/span>\n\t\t\t\t\t<\/span>\n\t\t\t\t\t<\/a>\n\t\t\t\t<\/div>\n\t\t\t\t\t\t\t\t<\/div>\n\t\t\t\t<\/div>\n\t\t\t\t<\/div>\n\t\t\t\t\t<\/div>\n\t\t\t\t<\/div>\n\t\t\t\t<\/div>","protected":false},"excerpt":{"rendered":"<p>GUIGNOL EN VRAI ! une com\u00e9die musicale familiale Dans la ville imaginaire de Lyondres, Monsieur Henry dirige un th\u00e9\u00e2tre o\u00f9 il pr\u00e9sente chaque jour les m\u00e9saventures de Guignol et de [&hellip;]<\/p>\n","protected":false},"author":1,"featured_media":0,"parent":0,"menu_order":0,"comment_status":"closed","ping_status":"closed","template":"","meta":{"footnotes":""},"class_list":["post-2948","page","type-page","status-publish","hentry"],"_links":{"self":[{"href":"https:\/\/indigo-productions.fr\/en\/wp-json\/wp\/v2\/pages\/2948","targetHints":{"allow":["GET"]}}],"collection":[{"href":"https:\/\/indigo-productions.fr\/en\/wp-json\/wp\/v2\/pages"}],"about":[{"href":"https:\/\/indigo-productions.fr\/en\/wp-json\/wp\/v2\/types\/page"}],"author":[{"embeddable":true,"href":"https:\/\/indigo-productions.fr\/en\/wp-json\/wp\/v2\/users\/1"}],"replies":[{"embeddable":true,"href":"https:\/\/indigo-productions.fr\/en\/wp-json\/wp\/v2\/comments?post=2948"}],"version-history":[{"count":0,"href":"https:\/\/indigo-productions.fr\/en\/wp-json\/wp\/v2\/pages\/2948\/revisions"}],"wp:attachment":[{"href":"https:\/\/indigo-productions.fr\/en\/wp-json\/wp\/v2\/media?parent=2948"}],"curies":[{"name":"wp","href":"https:\/\/api.w.org\/{rel}","templated":true}]}}